{"id":56244,"date":"2019-04-09T23:46:36","date_gmt":"2019-04-09T21:46:36","guid":{"rendered":"https:\/\/octaedro.com\/libro\/diversidad-funcional-y-tecnologias-de-la-informacion-y-la-comunicacion\/"},"modified":"2023-02-22T13:41:18","modified_gmt":"2023-02-22T12:41:18","slug":"diversidad-funcional-y-tecnologias-de-la-informacion-y-la-comunicacion-2","status":"publish","type":"product","link":"https:\/\/wizardly-davinci.82-223-8-23.plesk.page\/en\/producto\/diversidad-funcional-y-tecnologias-de-la-informacion-y-la-comunicacion-2\/","title":{"rendered":"Diversidad funcional y tecnolog\u00edas de la informaci\u00f3n y la comunicaci\u00f3n"},"content":{"rendered":"<p>Hoy en d\u00eda, la utilizaci\u00f3n en el aula de las tecnolog\u00edas de la informaci\u00f3n y la comunicaci\u00f3n (TIC) supone un desaf\u00edo para el docente de alumnado con discapacidad (diversidad funcional), ya que el aprendizaje con TIC constituye para las personas con necesidades educativas especiales una herramienta fundamental para que alcancen un aprendizaje integral.<\/p>\n<p>Adem\u00e1s, estas tecnolog\u00edas contribuyen al fomento de la interacci\u00f3n y la participaci\u00f3n activa, a la vez que son una fuente de motivaci\u00f3n para adquirir conocimientos. As\u00ed, el uso educativo y las actitudes que muestre el profesorado en relaci\u00f3n con la incorporaci\u00f3n de las TIC a su pr\u00e1ctica educativa estar\u00e1n fuertemente condicionados por su formaci\u00f3n al respecto. En este contexto, el docente se convierte en la pieza clave a la hora de impartir una educaci\u00f3n de calidad y caracterizada por la equidad.<\/p>\n<p>Esta obra recoge la importancia de que el profesorado est\u00e9 adecuadamente formado en TIC y en diversidad funcional y ofrece un recorrido por las principales tecnolog\u00edas de apoyo, las cuales son un medio para facilitar los aprendizajes escolares y al mismo tiempo para individualizar la ense\u00f1anza.<\/p>\n<p>Este libro pretende ser una obra de utilidad para todos aquellos maestros y profesores concienciados sobre el valor de caminar hacia una educaci\u00f3n inclusiva en la sociedad de la informaci\u00f3n y comunicaci\u00f3n.<\/p>\n","protected":false},"excerpt":{"rendered":"<p>Hoy en d\u00eda, la utilizaci\u00f3n en el aula de las tecnolog\u00edas de la informaci\u00f3n y la comunicaci\u00f3n (TIC) supone un desaf\u00edo para el docente de alumnado con discapacidad (diversidad funcional), ya que el aprendizaje con TIC constituye para las personas con necesidades educativas especiales una herramienta fundamental para que alcancen un aprendizaje integral.<\/p>\n<p>Adem\u00e1s, estas tecnolog\u00edas contribuyen al fomento de la interacci\u00f3n y la participaci\u00f3n activa, a la vez que son una fuente de motivaci\u00f3n para adquirir conocimientos. As\u00ed, el uso educativo y las actitudes que muestre el profesorado en relaci\u00f3n con la incorporaci\u00f3n de las TIC a su pr\u00e1ctica educativa estar\u00e1n fuertemente condicionados por su formaci\u00f3n al respecto. En este contexto, el docente se convierte en la pieza clave a la hora de impartir una educaci\u00f3n de calidad y caracterizada por la equidad.<\/p>\n<p>Esta obra recoge la importancia de que el profesorado est\u00e9 adecuadamente formado en TIC y en diversidad funcional y ofrece un recorrido por las principales tecnolog\u00edas de apoyo, las cuales son un medio para facilitar los aprendizajes escolares y al mismo tiempo para individualizar la ense\u00f1anza.<\/p>\n<p>Este libro pretende ser una obra de utilidad para todos aquellos maestros y profesores concienciados sobre el valor de caminar hacia una educaci\u00f3n inclusiva en la sociedad de la informaci\u00f3n y comunicaci\u00f3n.<\/p>\n","protected":false},"featured_media":56245,"comment_status":"open","ping_status":"closed","template":"","meta":{"_et_pb_use_builder":"","_et_pb_old_content":"","_et_gb_content_width":""},"product_cat":[11899,11912,11907],"product_tag":[11888],"edicion":[12199],"editoriales":[11867],"tienda":[],"autor_id":[14202,12387,19112,12219],"universidades_coeditoras":[],"palabras_clave":[],"listado_alfabetico":[],"acf":[],"_links":{"self":[{"href":"https:\/\/wizardly-davinci.82-223-8-23.plesk.page\/en\/wp-json\/wp\/v2\/product\/56244"}],"collection":[{"href":"https:\/\/wizardly-davinci.82-223-8-23.plesk.page\/en\/wp-json\/wp\/v2\/product"}],"about":[{"href":"https:\/\/wizardly-davinci.82-223-8-23.plesk.page\/en\/wp-json\/wp\/v2\/types\/product"}],"replies":[{"embeddable":true,"href":"https:\/\/wizardly-davinci.82-223-8-23.plesk.page\/en\/wp-json\/wp\/v2\/comments?post=56244"}],"wp:featuredmedia":[{"embeddable":true,"href":"https:\/\/wizardly-davinci.82-223-8-23.plesk.page\/en\/wp-json\/wp\/v2\/media\/56245"}],"wp:attachment":[{"href":"https:\/\/wizardly-davinci.82-223-8-23.plesk.page\/en\/wp-json\/wp\/v2\/media?parent=56244"}],"wp:term":[{"taxonomy":"product_cat","embeddable":true,"href":"https:\/\/wizardly-davinci.82-223-8-23.plesk.page\/en\/wp-json\/wp\/v2\/product_cat?post=56244"},{"taxonomy":"product_tag","embeddable":true,"href":"https:\/\/wizardly-davinci.82-223-8-23.plesk.page\/en\/wp-json\/wp\/v2\/product_tag?post=56244"},{"taxonomy":"edicion","embeddable":true,"href":"https:\/\/wizardly-davinci.82-223-8-23.plesk.page\/en\/wp-json\/wp\/v2\/edicion?post=56244"},{"taxonomy":"editoriales","embeddable":true,"href":"https:\/\/wizardly-davinci.82-223-8-23.plesk.page\/en\/wp-json\/wp\/v2\/editoriales?post=56244"},{"taxonomy":"tienda","embeddable":true,"href":"https:\/\/wizardly-davinci.82-223-8-23.plesk.page\/en\/wp-json\/wp\/v2\/tienda?post=56244"},{"taxonomy":"autor_id","embeddable":true,"href":"https:\/\/wizardly-davinci.82-223-8-23.plesk.page\/en\/wp-json\/wp\/v2\/autor_id?post=56244"},{"taxonomy":"universidades_coeditoras","embeddable":true,"href":"https:\/\/wizardly-davinci.82-223-8-23.plesk.page\/en\/wp-json\/wp\/v2\/universidades_coeditoras?post=56244"},{"taxonomy":"palabras_clave","embeddable":true,"href":"https:\/\/wizardly-davinci.82-223-8-23.plesk.page\/en\/wp-json\/wp\/v2\/palabras_clave?post=56244"},{"taxonomy":"listado_alfabetico","embeddable":true,"href":"https:\/\/wizardly-davinci.82-223-8-23.plesk.page\/en\/wp-json\/wp\/v2\/listado_alfabetico?post=56244"}],"curies":[{"name":"wp","href":"https:\/\/api.w.org\/{rel}","templated":true}]}}