{"id":56249,"date":"2019-04-09T23:46:35","date_gmt":"2019-04-09T23:46:35","guid":{"rendered":"https:\/\/octaedro.com\/libro\/los-mooc-y-la-educacion-superior\/"},"modified":"2023-02-22T13:41:23","modified_gmt":"2023-02-22T12:41:23","slug":"los-mooc-y-la-educacion-superior-2","status":"publish","type":"product","link":"https:\/\/wizardly-davinci.82-223-8-23.plesk.page\/en\/producto\/los-mooc-y-la-educacion-superior-2\/","title":{"rendered":"Los MOOC y la educaci\u00f3n superior"},"content":{"rendered":"<p>La formaci\u00f3n masiva y abierta supone un reto para las instituciones universitarias y a la comunidad docente que debe redefinir el paradigma metodol\u00f3gico actual para adentrase en nuevas posibilidades para la innovaci\u00f3n y formas curriculares m\u00e1s abiertas, ubicuas e interactivas para el desarrollo sostenible de la formaci\u00f3n permanente.<\/p>\n<p>Los MOOC son ofrecidos por muchas de las mejores instituciones del mundo y pueden suponer un punto de inflexi\u00f3n en ecosistema bi\u00f3tico de la Educaci\u00f3n Superior.<\/p>\n<p>Con la presente obra did\u00e1ctica y cient\u00edfica elaborada por diferentes universidades espa\u00f1olas hemos querido presentar una visi\u00f3n educativa y hol\u00edstica de estas nuevas modalidades de formaci\u00f3n en red orientadas principalmente tanto, al desarrollo profesional de los docentes como a la implementaci\u00f3n del itinerario competencial del estudiantado para su desarrollo acad\u00e9mico y profesional.<\/p>\n","protected":false},"excerpt":{"rendered":"<p>La formaci\u00f3n masiva y abierta supone un reto para las instituciones universitarias y a la comunidad docente que debe redefinir el paradigma metodol\u00f3gico actual para adentrase en nuevas posibilidades para la innovaci\u00f3n y formas curriculares m\u00e1s abiertas, ubicuas e interactivas para el desarrollo sostenible de la formaci\u00f3n permanente.<\/p>\n<p>Los MOOC son ofrecidos por muchas de las mejores instituciones del mundo y pueden suponer un punto de inflexi\u00f3n en ecosistema bi\u00f3tico de la Educaci\u00f3n Superior.<\/p>\n<p>Con la presente obra did\u00e1ctica y cient\u00edfica elaborada por diferentes universidades espa\u00f1olas hemos querido presentar una visi\u00f3n educativa y hol\u00edstica de estas nuevas modalidades de formaci\u00f3n en red orientadas principalmente tanto, al desarrollo profesional de los docentes como a la implementaci\u00f3n del itinerario competencial del estudiantado para su desarrollo acad\u00e9mico y profesional.<\/p>\n","protected":false},"featured_media":56250,"comment_status":"open","ping_status":"closed","template":"","meta":{"_et_pb_use_builder":"","_et_pb_old_content":"","_et_gb_content_width":""},"product_cat":[11899,11910,11912,11907],"product_tag":[11888],"edicion":[12199],"editoriales":[11867],"tienda":[],"autor_id":[14073,14382,12387,12593],"universidades_coeditoras":[],"palabras_clave":[],"listado_alfabetico":[],"acf":[],"_links":{"self":[{"href":"https:\/\/wizardly-davinci.82-223-8-23.plesk.page\/en\/wp-json\/wp\/v2\/product\/56249"}],"collection":[{"href":"https:\/\/wizardly-davinci.82-223-8-23.plesk.page\/en\/wp-json\/wp\/v2\/product"}],"about":[{"href":"https:\/\/wizardly-davinci.82-223-8-23.plesk.page\/en\/wp-json\/wp\/v2\/types\/product"}],"replies":[{"embeddable":true,"href":"https:\/\/wizardly-davinci.82-223-8-23.plesk.page\/en\/wp-json\/wp\/v2\/comments?post=56249"}],"wp:featuredmedia":[{"embeddable":true,"href":"https:\/\/wizardly-davinci.82-223-8-23.plesk.page\/en\/wp-json\/wp\/v2\/media\/56250"}],"wp:attachment":[{"href":"https:\/\/wizardly-davinci.82-223-8-23.plesk.page\/en\/wp-json\/wp\/v2\/media?parent=56249"}],"wp:term":[{"taxonomy":"product_cat","embeddable":true,"href":"https:\/\/wizardly-davinci.82-223-8-23.plesk.page\/en\/wp-json\/wp\/v2\/product_cat?post=56249"},{"taxonomy":"product_tag","embeddable":true,"href":"https:\/\/wizardly-davinci.82-223-8-23.plesk.page\/en\/wp-json\/wp\/v2\/product_tag?post=56249"},{"taxonomy":"edicion","embeddable":true,"href":"https:\/\/wizardly-davinci.82-223-8-23.plesk.page\/en\/wp-json\/wp\/v2\/edicion?post=56249"},{"taxonomy":"editoriales","embeddable":true,"href":"https:\/\/wizardly-davinci.82-223-8-23.plesk.page\/en\/wp-json\/wp\/v2\/editoriales?post=56249"},{"taxonomy":"tienda","embeddable":true,"href":"https:\/\/wizardly-davinci.82-223-8-23.plesk.page\/en\/wp-json\/wp\/v2\/tienda?post=56249"},{"taxonomy":"autor_id","embeddable":true,"href":"https:\/\/wizardly-davinci.82-223-8-23.plesk.page\/en\/wp-json\/wp\/v2\/autor_id?post=56249"},{"taxonomy":"universidades_coeditoras","embeddable":true,"href":"https:\/\/wizardly-davinci.82-223-8-23.plesk.page\/en\/wp-json\/wp\/v2\/universidades_coeditoras?post=56249"},{"taxonomy":"palabras_clave","embeddable":true,"href":"https:\/\/wizardly-davinci.82-223-8-23.plesk.page\/en\/wp-json\/wp\/v2\/palabras_clave?post=56249"},{"taxonomy":"listado_alfabetico","embeddable":true,"href":"https:\/\/wizardly-davinci.82-223-8-23.plesk.page\/en\/wp-json\/wp\/v2\/listado_alfabetico?post=56249"}],"curies":[{"name":"wp","href":"https:\/\/api.w.org\/{rel}","templated":true}]}}