{"id":56253,"date":"2019-04-09T23:46:33","date_gmt":"2019-04-09T21:46:33","guid":{"rendered":"https:\/\/octaedro.com\/libro\/politica-y-gestion-universitaria\/"},"modified":"2023-02-22T13:41:23","modified_gmt":"2023-02-22T12:41:23","slug":"politica-y-gestion-universitaria-2","status":"publish","type":"product","link":"https:\/\/wizardly-davinci.82-223-8-23.plesk.page\/en\/producto\/politica-y-gestion-universitaria-2\/","title":{"rendered":"Pol\u00edtica y gesti\u00f3n universitaria"},"content":{"rendered":"<p>El presente libro da a conocer algunos trabajos finales de m\u00e1ster del programa en Pol\u00edtica y Gesti\u00f3n Universitaria, una iniciativa de la Universidad de Barcelona, que ya cuenta con siete ediciones en cuatro pa\u00edses latinoamericanos, en colaboraci\u00f3n con las universidades Nacional del Nordeste (Argentina), Colima (M\u00e9xico), Blas Pascal (Argentina), de la Rep\u00fablica (Uruguay) y Pontificia Universidad Cat\u00f3lica de Per\u00fa (Lima).<\/p>\n<p>Nuestro objetivo se orienta a la formaci\u00f3n en los temas m\u00e1s relevantes en pol\u00edtica y gesti\u00f3n acad\u00e9mica. Por ello, la mayor parte de los cursantes del programa ostentan cargos de responsabilidad en sus respectivas instituciones. Igualmente, esperamos que los universitarios est\u00e9n interesados en los diferentes temas y no solo se sientan ayudados en su tarea cotidiana, sino tambi\u00e9n reconocidos en algunos de los problemas que se exponen para que encuentren las soluciones.<\/p>\n<p>Aunque la mayor\u00eda de los trabajos presentados est\u00e1n orientados al an\u00e1lisis de temas concretos en las universidades de origen de los participantes, en todos subyace una parte com\u00fan a las diferentes instituciones, y algunos de ellos son perfectamente extrapolables a otras realidades. As\u00ed, esperamos que el libro sea de inter\u00e9s general tanto para el profesorado como para los gestores universitarios.<\/p>\n","protected":false},"excerpt":{"rendered":"<p>El presente libro da a conocer algunos trabajos finales de m\u00e1ster del programa en Pol\u00edtica y Gesti\u00f3n Universitaria, una iniciativa de la Universidad de Barcelona, que ya cuenta con siete ediciones en cuatro pa\u00edses latinoamericanos, en colaboraci\u00f3n con las universidades Nacional del Nordeste (Argentina), Colima (M\u00e9xico), Blas Pascal (Argentina), de la Rep\u00fablica (Uruguay) y Pontificia Universidad Cat\u00f3lica de Per\u00fa (Lima).<\/p>\n<p>Nuestro objetivo se orienta a la formaci\u00f3n en los temas m\u00e1s relevantes en pol\u00edtica y gesti\u00f3n acad\u00e9mica. Por ello, la mayor parte de los cursantes del programa ostentan cargos de responsabilidad en sus respectivas instituciones. Igualmente, esperamos que los universitarios est\u00e9n interesados en los diferentes temas y no solo se sientan ayudados en su tarea cotidiana, sino tambi\u00e9n reconocidos en algunos de los problemas que se exponen para que encuentren las soluciones.<\/p>\n<p>Aunque la mayor\u00eda de los trabajos presentados est\u00e1n orientados al an\u00e1lisis de temas concretos en las universidades de origen de los participantes, en todos subyace una parte com\u00fan a las diferentes instituciones, y algunos de ellos son perfectamente extrapolables a otras realidades. As\u00ed, esperamos que el libro sea de inter\u00e9s general tanto para el profesorado como para los gestores universitarios.<\/p>\n","protected":false},"featured_media":56254,"comment_status":"open","ping_status":"closed","template":"","meta":{"_et_pb_use_builder":"","_et_pb_old_content":"","_et_gb_content_width":""},"product_cat":[11858],"product_tag":[11860],"edicion":[11865],"editoriales":[11867],"tienda":[],"autor_id":[20369],"universidades_coeditoras":[],"palabras_clave":[],"listado_alfabetico":[],"acf":[],"_links":{"self":[{"href":"https:\/\/wizardly-davinci.82-223-8-23.plesk.page\/en\/wp-json\/wp\/v2\/product\/56253"}],"collection":[{"href":"https:\/\/wizardly-davinci.82-223-8-23.plesk.page\/en\/wp-json\/wp\/v2\/product"}],"about":[{"href":"https:\/\/wizardly-davinci.82-223-8-23.plesk.page\/en\/wp-json\/wp\/v2\/types\/product"}],"replies":[{"embeddable":true,"href":"https:\/\/wizardly-davinci.82-223-8-23.plesk.page\/en\/wp-json\/wp\/v2\/comments?post=56253"}],"wp:featuredmedia":[{"embeddable":true,"href":"https:\/\/wizardly-davinci.82-223-8-23.plesk.page\/en\/wp-json\/wp\/v2\/media\/56254"}],"wp:attachment":[{"href":"https:\/\/wizardly-davinci.82-223-8-23.plesk.page\/en\/wp-json\/wp\/v2\/media?parent=56253"}],"wp:term":[{"taxonomy":"product_cat","embeddable":true,"href":"https:\/\/wizardly-davinci.82-223-8-23.plesk.page\/en\/wp-json\/wp\/v2\/product_cat?post=56253"},{"taxonomy":"product_tag","embeddable":true,"href":"https:\/\/wizardly-davinci.82-223-8-23.plesk.page\/en\/wp-json\/wp\/v2\/product_tag?post=56253"},{"taxonomy":"edicion","embeddable":true,"href":"https:\/\/wizardly-davinci.82-223-8-23.plesk.page\/en\/wp-json\/wp\/v2\/edicion?post=56253"},{"taxonomy":"editoriales","embeddable":true,"href":"https:\/\/wizardly-davinci.82-223-8-23.plesk.page\/en\/wp-json\/wp\/v2\/editoriales?post=56253"},{"taxonomy":"tienda","embeddable":true,"href":"https:\/\/wizardly-davinci.82-223-8-23.plesk.page\/en\/wp-json\/wp\/v2\/tienda?post=56253"},{"taxonomy":"autor_id","embeddable":true,"href":"https:\/\/wizardly-davinci.82-223-8-23.plesk.page\/en\/wp-json\/wp\/v2\/autor_id?post=56253"},{"taxonomy":"universidades_coeditoras","embeddable":true,"href":"https:\/\/wizardly-davinci.82-223-8-23.plesk.page\/en\/wp-json\/wp\/v2\/universidades_coeditoras?post=56253"},{"taxonomy":"palabras_clave","embeddable":true,"href":"https:\/\/wizardly-davinci.82-223-8-23.plesk.page\/en\/wp-json\/wp\/v2\/palabras_clave?post=56253"},{"taxonomy":"listado_alfabetico","embeddable":true,"href":"https:\/\/wizardly-davinci.82-223-8-23.plesk.page\/en\/wp-json\/wp\/v2\/listado_alfabetico?post=56253"}],"curies":[{"name":"wp","href":"https:\/\/api.w.org\/{rel}","templated":true}]}}