{"id":56256,"date":"2019-04-09T23:46:33","date_gmt":"2019-04-09T21:46:33","guid":{"rendered":"https:\/\/octaedro.com\/libro\/la-escuela-que-llega\/"},"modified":"2023-02-22T13:41:23","modified_gmt":"2023-02-22T12:41:23","slug":"la-escuela-que-llega-2","status":"publish","type":"product","link":"https:\/\/wizardly-davinci.82-223-8-23.plesk.page\/en\/producto\/la-escuela-que-llega-2\/","title":{"rendered":"La escuela que llega"},"content":{"rendered":"<p>Vivimos unos tiempos condicionados por aceleradas transformaciones que suceden en distintos \u00e1mbitos: sociales, tecnol\u00f3gicos, educativos\u2026 M\u00e1s que en una \u00e9poca de cambios \u2013como se viene repitiendo\u2013, parece que estamos inmersos en un cambio de \u00e9poca que nos impulsa a preguntarnos c\u00f3mo ser\u00e1 la escuela del ma\u00f1ana.<\/p>\n<p>Pensar en el futuro es apasionante, porque nos presenta la posibilidad de alcanzar aquellos destinos que en tantas ocasiones se nos hab\u00edan escapado. Este libro, destinado tanto a la comunidad docente como a la investigadora, se ocupa de la escuela y de los retos de la sociedad del futuro, incidiendo en la necesidad de incluir la multidimensionalidad en el campo de la educaci\u00f3n con el prop\u00f3sito de impulsar v\u00ednculos entre los conocimientos, las nuevas tecnolog\u00edas y la convivencia de nuestro alumnado, abriendo caminos que potencien la generaci\u00f3n de redes de saberes que faciliten la comprensi\u00f3n de una realidad cada vez m\u00e1s interconectada y compleja.<\/p>\n<p>De esta forma, el libro presenta diferentes elementos que interaccionan entre s\u00ed para que el profesorado pueda apostar por unas determinadas finalidades educativas pensando en el mejor futuro posible.<\/p>\n","protected":false},"excerpt":{"rendered":"<p>Vivimos unos tiempos condicionados por aceleradas transformaciones que suceden en distintos \u00e1mbitos: sociales, tecnol\u00f3gicos, educativos\u2026 M\u00e1s que en una \u00e9poca de cambios \u2013como se viene repitiendo\u2013, parece que estamos inmersos en un cambio de \u00e9poca que nos impulsa a preguntarnos c\u00f3mo ser\u00e1 la escuela del ma\u00f1ana.<\/p>\n<p>Pensar en el futuro es apasionante, porque nos presenta la posibilidad de alcanzar aquellos destinos que en tantas ocasiones se nos hab\u00edan escapado. Este libro, destinado tanto a la comunidad docente como a la investigadora, se ocupa de la escuela y de los retos de la sociedad del futuro, incidiendo en la necesidad de incluir la multidimensionalidad en el campo de la educaci\u00f3n con el prop\u00f3sito de impulsar v\u00ednculos entre los conocimientos, las nuevas tecnolog\u00edas y la convivencia de nuestro alumnado, abriendo caminos que potencien la generaci\u00f3n de redes de saberes que faciliten la comprensi\u00f3n de una realidad cada vez m\u00e1s interconectada y compleja.<\/p>\n<p>De esta forma, el libro presenta diferentes elementos que interaccionan entre s\u00ed para que el profesorado pueda apostar por unas determinadas finalidades educativas pensando en el mejor futuro posible.<\/p>\n","protected":false},"featured_media":56257,"comment_status":"open","ping_status":"closed","template":"","meta":{"_et_pb_use_builder":"","_et_pb_old_content":"","_et_gb_content_width":""},"product_cat":[11899,11858,11910,11859,11912,11907],"product_tag":[11892],"edicion":[12199,11865],"editoriales":[11867],"tienda":[],"autor_id":[13875,13915,20373,20372],"universidades_coeditoras":[],"palabras_clave":[],"listado_alfabetico":[],"acf":[],"_links":{"self":[{"href":"https:\/\/wizardly-davinci.82-223-8-23.plesk.page\/en\/wp-json\/wp\/v2\/product\/56256"}],"collection":[{"href":"https:\/\/wizardly-davinci.82-223-8-23.plesk.page\/en\/wp-json\/wp\/v2\/product"}],"about":[{"href":"https:\/\/wizardly-davinci.82-223-8-23.plesk.page\/en\/wp-json\/wp\/v2\/types\/product"}],"replies":[{"embeddable":true,"href":"https:\/\/wizardly-davinci.82-223-8-23.plesk.page\/en\/wp-json\/wp\/v2\/comments?post=56256"}],"wp:featuredmedia":[{"embeddable":true,"href":"https:\/\/wizardly-davinci.82-223-8-23.plesk.page\/en\/wp-json\/wp\/v2\/media\/56257"}],"wp:attachment":[{"href":"https:\/\/wizardly-davinci.82-223-8-23.plesk.page\/en\/wp-json\/wp\/v2\/media?parent=56256"}],"wp:term":[{"taxonomy":"product_cat","embeddable":true,"href":"https:\/\/wizardly-davinci.82-223-8-23.plesk.page\/en\/wp-json\/wp\/v2\/product_cat?post=56256"},{"taxonomy":"product_tag","embeddable":true,"href":"https:\/\/wizardly-davinci.82-223-8-23.plesk.page\/en\/wp-json\/wp\/v2\/product_tag?post=56256"},{"taxonomy":"edicion","embeddable":true,"href":"https:\/\/wizardly-davinci.82-223-8-23.plesk.page\/en\/wp-json\/wp\/v2\/edicion?post=56256"},{"taxonomy":"editoriales","embeddable":true,"href":"https:\/\/wizardly-davinci.82-223-8-23.plesk.page\/en\/wp-json\/wp\/v2\/editoriales?post=56256"},{"taxonomy":"tienda","embeddable":true,"href":"https:\/\/wizardly-davinci.82-223-8-23.plesk.page\/en\/wp-json\/wp\/v2\/tienda?post=56256"},{"taxonomy":"autor_id","embeddable":true,"href":"https:\/\/wizardly-davinci.82-223-8-23.plesk.page\/en\/wp-json\/wp\/v2\/autor_id?post=56256"},{"taxonomy":"universidades_coeditoras","embeddable":true,"href":"https:\/\/wizardly-davinci.82-223-8-23.plesk.page\/en\/wp-json\/wp\/v2\/universidades_coeditoras?post=56256"},{"taxonomy":"palabras_clave","embeddable":true,"href":"https:\/\/wizardly-davinci.82-223-8-23.plesk.page\/en\/wp-json\/wp\/v2\/palabras_clave?post=56256"},{"taxonomy":"listado_alfabetico","embeddable":true,"href":"https:\/\/wizardly-davinci.82-223-8-23.plesk.page\/en\/wp-json\/wp\/v2\/listado_alfabetico?post=56256"}],"curies":[{"name":"wp","href":"https:\/\/api.w.org\/{rel}","templated":true}]}}