{"id":56258,"date":"2019-04-09T23:46:33","date_gmt":"2019-04-09T21:46:33","guid":{"rendered":"https:\/\/octaedro.com\/libro\/zambullirse-una-y-otra-vez\/"},"modified":"2023-02-22T13:41:23","modified_gmt":"2023-02-22T12:41:23","slug":"zambullirse-una-y-otra-vez","status":"publish","type":"product","link":"https:\/\/wizardly-davinci.82-223-8-23.plesk.page\/en\/producto\/zambullirse-una-y-otra-vez\/","title":{"rendered":"Zambullirse una y otra vez"},"content":{"rendered":"<p>La problem\u00e1tica del fracaso escolar ha estado presente a lo largo de los a\u00f1os en las aulas de los centros educativos, pero se ve acrecentada en los \u00faltimos tiempos, seg\u00fan se refleja en la no finalizaci\u00f3n en Espa\u00f1a de la etapa de Educaci\u00f3n Secundaria de un 30% del alumnado.<\/p>\n<p>Este estudio pretende analizar las causas del fracaso escolar y sus posibles soluciones en contextos de exclusi\u00f3n social presentando una alternativa: las llamadas Escuelas de Segunda Oportunidad (E2O). Estas se caracterizan por ser inclusivas y prestar especial atenci\u00f3n a la diversidad del alumnado. Su poblaci\u00f3n est\u00e1 configurada por adolescentes desmotivados, con baja autoestima, con dificultades de aprendizaje y en riesgo de exclusi\u00f3n social. Esta situaci\u00f3n los frustra y desalienta; como consecuencia, desisten de la consecuci\u00f3n de los objetivos.<\/p>\n<p>Las E2O han marcado un antes y un despu\u00e9s en la personalizaci\u00f3n de la educaci\u00f3n, por sus resultados comprobados, la satisfacci\u00f3n de los individuos formados en ellas y el impacto positivo y esperanzador que tienen en su entorno.<\/p>\n<p>En esta obra se dan respuestas y aportan formas de actuaci\u00f3n a los profesionales de la educaci\u00f3n que desarrollan su labor con colectivos que se hallen o desean abandonar el sistema educativo establecido. Al potenciar el talento profesional del individuo conforme intereses, orientando y dotando al alumnado de competencias b\u00e1sicas e imprescindibles para la vida laboral y social, les brindamos esa segunda oportunidad que necesitan para volver a sentirse parte del sistema social y educativo.<\/p>\n","protected":false},"excerpt":{"rendered":"<p>La problem\u00e1tica del fracaso escolar ha estado presente a lo largo de los a\u00f1os en las aulas de los centros educativos, pero se ve acrecentada en los \u00faltimos tiempos, seg\u00fan se refleja en la no finalizaci\u00f3n en Espa\u00f1a de la etapa de Educaci\u00f3n Secundaria de un 30% del alumnado.<\/p>\n<p>Este estudio pretende analizar las causas del fracaso escolar y sus posibles soluciones en contextos de exclusi\u00f3n social presentando una alternativa: las llamadas Escuelas de Segunda Oportunidad (E2O). Estas se caracterizan por ser inclusivas y prestar especial atenci\u00f3n a la diversidad del alumnado. Su poblaci\u00f3n est\u00e1 configurada por adolescentes desmotivados, con baja autoestima, con dificultades de aprendizaje y en riesgo de exclusi\u00f3n social. Esta situaci\u00f3n los frustra y desalienta; como consecuencia, desisten de la consecuci\u00f3n de los objetivos.<\/p>\n<p>Las E2O han marcado un antes y un despu\u00e9s en la personalizaci\u00f3n de la educaci\u00f3n, por sus resultados comprobados, la satisfacci\u00f3n de los individuos formados en ellas y el impacto positivo y esperanzador que tienen en su entorno.<\/p>\n<p>En esta obra se dan respuestas y aportan formas de actuaci\u00f3n a los profesionales de la educaci\u00f3n que desarrollan su labor con colectivos que se hallen o desean abandonar el sistema educativo establecido. Al potenciar el talento profesional del individuo conforme intereses, orientando y dotando al alumnado de competencias b\u00e1sicas e imprescindibles para la vida laboral y social, les brindamos esa segunda oportunidad que necesitan para volver a sentirse parte del sistema social y educativo.<\/p>\n","protected":false},"featured_media":56259,"comment_status":"open","ping_status":"closed","template":"","meta":{"_et_pb_use_builder":"","_et_pb_old_content":"","_et_gb_content_width":""},"product_cat":[11899,11912,11907],"product_tag":[11888],"edicion":[12199,11865],"editoriales":[11867],"tienda":[],"autor_id":[14174],"universidades_coeditoras":[],"palabras_clave":[],"listado_alfabetico":[],"acf":[],"_links":{"self":[{"href":"https:\/\/wizardly-davinci.82-223-8-23.plesk.page\/en\/wp-json\/wp\/v2\/product\/56258"}],"collection":[{"href":"https:\/\/wizardly-davinci.82-223-8-23.plesk.page\/en\/wp-json\/wp\/v2\/product"}],"about":[{"href":"https:\/\/wizardly-davinci.82-223-8-23.plesk.page\/en\/wp-json\/wp\/v2\/types\/product"}],"replies":[{"embeddable":true,"href":"https:\/\/wizardly-davinci.82-223-8-23.plesk.page\/en\/wp-json\/wp\/v2\/comments?post=56258"}],"wp:featuredmedia":[{"embeddable":true,"href":"https:\/\/wizardly-davinci.82-223-8-23.plesk.page\/en\/wp-json\/wp\/v2\/media\/56259"}],"wp:attachment":[{"href":"https:\/\/wizardly-davinci.82-223-8-23.plesk.page\/en\/wp-json\/wp\/v2\/media?parent=56258"}],"wp:term":[{"taxonomy":"product_cat","embeddable":true,"href":"https:\/\/wizardly-davinci.82-223-8-23.plesk.page\/en\/wp-json\/wp\/v2\/product_cat?post=56258"},{"taxonomy":"product_tag","embeddable":true,"href":"https:\/\/wizardly-davinci.82-223-8-23.plesk.page\/en\/wp-json\/wp\/v2\/product_tag?post=56258"},{"taxonomy":"edicion","embeddable":true,"href":"https:\/\/wizardly-davinci.82-223-8-23.plesk.page\/en\/wp-json\/wp\/v2\/edicion?post=56258"},{"taxonomy":"editoriales","embeddable":true,"href":"https:\/\/wizardly-davinci.82-223-8-23.plesk.page\/en\/wp-json\/wp\/v2\/editoriales?post=56258"},{"taxonomy":"tienda","embeddable":true,"href":"https:\/\/wizardly-davinci.82-223-8-23.plesk.page\/en\/wp-json\/wp\/v2\/tienda?post=56258"},{"taxonomy":"autor_id","embeddable":true,"href":"https:\/\/wizardly-davinci.82-223-8-23.plesk.page\/en\/wp-json\/wp\/v2\/autor_id?post=56258"},{"taxonomy":"universidades_coeditoras","embeddable":true,"href":"https:\/\/wizardly-davinci.82-223-8-23.plesk.page\/en\/wp-json\/wp\/v2\/universidades_coeditoras?post=56258"},{"taxonomy":"palabras_clave","embeddable":true,"href":"https:\/\/wizardly-davinci.82-223-8-23.plesk.page\/en\/wp-json\/wp\/v2\/palabras_clave?post=56258"},{"taxonomy":"listado_alfabetico","embeddable":true,"href":"https:\/\/wizardly-davinci.82-223-8-23.plesk.page\/en\/wp-json\/wp\/v2\/listado_alfabetico?post=56258"}],"curies":[{"name":"wp","href":"https:\/\/api.w.org\/{rel}","templated":true}]}}