{"id":56265,"date":"2019-04-09T23:46:32","date_gmt":"2019-04-09T21:46:32","guid":{"rendered":"https:\/\/octaedro.com\/libro\/educacion-de-jovenes-y-adultos\/"},"modified":"2023-02-22T13:41:23","modified_gmt":"2023-02-22T12:41:23","slug":"educacion-de-jovenes-y-adultos-2","status":"publish","type":"product","link":"https:\/\/wizardly-davinci.82-223-8-23.plesk.page\/en\/producto\/educacion-de-jovenes-y-adultos-2\/","title":{"rendered":"Educaci\u00f3n de j\u00f3venes y adultos"},"content":{"rendered":"<p>Perspectivas te\u00f3ricas del discurso pol\u00edtico, enfoques comparados desde la \u00f3ptica internacional, estrategias did\u00e1cticas y metodol\u00f3gicas de actuaci\u00f3n en el aula, dise\u00f1o y evaluaci\u00f3n de programas, as\u00ed como experiencias pr\u00e1cticas de formaci\u00f3n de personas adultas se fusionan en perfecto maridaje en el presente volumen para ofrecernos una aproximaci\u00f3n rigurosa a la realidad actual de la tem\u00e1tica, y al tiempo, provocadora de reflexiones y planteamientos cr\u00edticos que nos lleven a concretar los escenarios del inmediato futuro de la formaci\u00f3n permanente de adultos, especialmente en el contexto latinoamericano.<\/p>\n","protected":false},"excerpt":{"rendered":"<p>Perspectivas te\u00f3ricas del discurso pol\u00edtico, enfoques comparados desde la \u00f3ptica internacional, estrategias did\u00e1cticas y metodol\u00f3gicas de actuaci\u00f3n en el aula, dise\u00f1o y evaluaci\u00f3n de programas, as\u00ed como experiencias pr\u00e1cticas de formaci\u00f3n de personas adultas se fusionan en perfecto maridaje en el presente volumen para ofrecernos una aproximaci\u00f3n rigurosa a la realidad actual de la tem\u00e1tica, y al tiempo, provocadora de reflexiones y planteamientos cr\u00edticos que nos lleven a concretar los escenarios del inmediato futuro de la formaci\u00f3n permanente de adultos, especialmente en el contexto latinoamericano.<\/p>\n","protected":false},"featured_media":56266,"comment_status":"open","ping_status":"closed","template":"","meta":{"_et_pb_use_builder":"","_et_pb_old_content":"","_et_gb_content_width":""},"product_cat":[11858,11859,11907],"product_tag":[11860],"edicion":[11865],"editoriales":[11867],"tienda":[],"autor_id":[20376,14458],"universidades_coeditoras":[],"palabras_clave":[],"listado_alfabetico":[],"acf":[],"_links":{"self":[{"href":"https:\/\/wizardly-davinci.82-223-8-23.plesk.page\/en\/wp-json\/wp\/v2\/product\/56265"}],"collection":[{"href":"https:\/\/wizardly-davinci.82-223-8-23.plesk.page\/en\/wp-json\/wp\/v2\/product"}],"about":[{"href":"https:\/\/wizardly-davinci.82-223-8-23.plesk.page\/en\/wp-json\/wp\/v2\/types\/product"}],"replies":[{"embeddable":true,"href":"https:\/\/wizardly-davinci.82-223-8-23.plesk.page\/en\/wp-json\/wp\/v2\/comments?post=56265"}],"wp:featuredmedia":[{"embeddable":true,"href":"https:\/\/wizardly-davinci.82-223-8-23.plesk.page\/en\/wp-json\/wp\/v2\/media\/56266"}],"wp:attachment":[{"href":"https:\/\/wizardly-davinci.82-223-8-23.plesk.page\/en\/wp-json\/wp\/v2\/media?parent=56265"}],"wp:term":[{"taxonomy":"product_cat","embeddable":true,"href":"https:\/\/wizardly-davinci.82-223-8-23.plesk.page\/en\/wp-json\/wp\/v2\/product_cat?post=56265"},{"taxonomy":"product_tag","embeddable":true,"href":"https:\/\/wizardly-davinci.82-223-8-23.plesk.page\/en\/wp-json\/wp\/v2\/product_tag?post=56265"},{"taxonomy":"edicion","embeddable":true,"href":"https:\/\/wizardly-davinci.82-223-8-23.plesk.page\/en\/wp-json\/wp\/v2\/edicion?post=56265"},{"taxonomy":"editoriales","embeddable":true,"href":"https:\/\/wizardly-davinci.82-223-8-23.plesk.page\/en\/wp-json\/wp\/v2\/editoriales?post=56265"},{"taxonomy":"tienda","embeddable":true,"href":"https:\/\/wizardly-davinci.82-223-8-23.plesk.page\/en\/wp-json\/wp\/v2\/tienda?post=56265"},{"taxonomy":"autor_id","embeddable":true,"href":"https:\/\/wizardly-davinci.82-223-8-23.plesk.page\/en\/wp-json\/wp\/v2\/autor_id?post=56265"},{"taxonomy":"universidades_coeditoras","embeddable":true,"href":"https:\/\/wizardly-davinci.82-223-8-23.plesk.page\/en\/wp-json\/wp\/v2\/universidades_coeditoras?post=56265"},{"taxonomy":"palabras_clave","embeddable":true,"href":"https:\/\/wizardly-davinci.82-223-8-23.plesk.page\/en\/wp-json\/wp\/v2\/palabras_clave?post=56265"},{"taxonomy":"listado_alfabetico","embeddable":true,"href":"https:\/\/wizardly-davinci.82-223-8-23.plesk.page\/en\/wp-json\/wp\/v2\/listado_alfabetico?post=56265"}],"curies":[{"name":"wp","href":"https:\/\/api.w.org\/{rel}","templated":true}]}}