{"id":56269,"date":"2019-04-09T23:46:31","date_gmt":"2019-04-09T21:46:31","guid":{"rendered":"https:\/\/octaedro.com\/libro\/epistemologias-de-la-complejidad-y-educacion\/"},"modified":"2023-02-22T13:41:23","modified_gmt":"2023-02-22T12:41:23","slug":"epistemologias-de-la-complejidad-y-educacion","status":"publish","type":"product","link":"https:\/\/wizardly-davinci.82-223-8-23.plesk.page\/en\/producto\/epistemologias-de-la-complejidad-y-educacion\/","title":{"rendered":"Epistemolog\u00edas de la complejidad y educaci\u00f3n"},"content":{"rendered":"<p>Los enfoques de complejidad son fruto de la evoluci\u00f3n de la ciencia biol\u00f3gica y f\u00edsica que con el tiempo ha ido trastocando las seguridades del mundo newtoniano. La entrop\u00eda, la homeostasis, la teor\u00eda de sistemas, la cibern\u00e9tica, la cibern\u00e9tica de segundo orden, la teor\u00eda del caos, etc., son hitos que han posibilitado el desarrollo actual de la teor\u00eda de la complejidad, cuya influencia ha revolucionado los enfoques, los abordajes e incluso la epistemolog\u00eda de las ciencias sociales.<\/p>\n<p>Pues bien, el presente libro se centra en analizar y desarrollar algunas de las teor\u00edas m\u00e1s actuales acerca de la complejidad, para as\u00ed atisbar su influencia en la educaci\u00f3n y evidenciar c\u00f3mo tales enfoques han ido transformando la cuesti\u00f3n pedag\u00f3gica en los \u00faltimos a\u00f1os.<\/p>\n<p>El lector encontrar\u00e1 estudios sobre las aportaciones de G. Bateson \u2013que tanta influencia ha tenido en la obra de E. Morin\u2013, de D. Bohm y su complejidad cu\u00e1ntica; los trabajos del premio Nobel I. Prigogine, los del soci\u00f3logo N. Luhmann, la sorprendente teor\u00eda de H. Maturana y las complejidades circulares; F. Capra y la complejidad ecol\u00f3gica, y, por supuesto, la obra de E. Morin, acaso la m\u00e1s significativa en el seno de las ciencias sociales y de la educaci\u00f3n.<\/p>\n<p>Estamos, pues, ante un libro que puede interesar a un amplio n\u00famero de personas, desde estudiantes de Pedagog\u00eda a profesionales de la educaci\u00f3n, y que a buen seguro sorprender\u00e1 a quienes se dedican a las ciencias \u00abduras\u00bb, ya que la epistemolog\u00eda de la complejidad tiene un d\u00e9bito casi total con las materias fisiconaturales.<\/p>\n","protected":false},"excerpt":{"rendered":"<p>Los enfoques de complejidad son fruto de la evoluci\u00f3n de la ciencia biol\u00f3gica y f\u00edsica que con el tiempo ha ido trastocando las seguridades del mundo newtoniano. La entrop\u00eda, la homeostasis, la teor\u00eda de sistemas, la cibern\u00e9tica, la cibern\u00e9tica de segundo orden, la teor\u00eda del caos, etc., son hitos que han posibilitado el desarrollo actual de la teor\u00eda de la complejidad, cuya influencia ha revolucionado los enfoques, los abordajes e incluso la epistemolog\u00eda de las ciencias sociales.<\/p>\n<p>Pues bien, el presente libro se centra en analizar y desarrollar algunas de las teor\u00edas m\u00e1s actuales acerca de la complejidad, para as\u00ed atisbar su influencia en la educaci\u00f3n y evidenciar c\u00f3mo tales enfoques han ido transformando la cuesti\u00f3n pedag\u00f3gica en los \u00faltimos a\u00f1os.<\/p>\n<p>El lector encontrar\u00e1 estudios sobre las aportaciones de G. Bateson \u2013que tanta influencia ha tenido en la obra de E. Morin\u2013, de D. Bohm y su complejidad cu\u00e1ntica; los trabajos del premio Nobel I. Prigogine, los del soci\u00f3logo N. Luhmann, la sorprendente teor\u00eda de H. Maturana y las complejidades circulares; F. Capra y la complejidad ecol\u00f3gica, y, por supuesto, la obra de E. Morin, acaso la m\u00e1s significativa en el seno de las ciencias sociales y de la educaci\u00f3n.<\/p>\n<p>Estamos, pues, ante un libro que puede interesar a un amplio n\u00famero de personas, desde estudiantes de Pedagog\u00eda a profesionales de la educaci\u00f3n, y que a buen seguro sorprender\u00e1 a quienes se dedican a las ciencias \u00abduras\u00bb, ya que la epistemolog\u00eda de la complejidad tiene un d\u00e9bito casi total con las materias fisiconaturales.<\/p>\n","protected":false},"featured_media":56270,"comment_status":"open","ping_status":"closed","template":"","meta":{"_et_pb_use_builder":"","_et_pb_old_content":"","_et_gb_content_width":""},"product_cat":[11858,11859,11907],"product_tag":[11860],"edicion":[11865],"editoriales":[11867],"tienda":[],"autor_id":[14083,14131],"universidades_coeditoras":[],"palabras_clave":[],"listado_alfabetico":[],"acf":[],"_links":{"self":[{"href":"https:\/\/wizardly-davinci.82-223-8-23.plesk.page\/en\/wp-json\/wp\/v2\/product\/56269"}],"collection":[{"href":"https:\/\/wizardly-davinci.82-223-8-23.plesk.page\/en\/wp-json\/wp\/v2\/product"}],"about":[{"href":"https:\/\/wizardly-davinci.82-223-8-23.plesk.page\/en\/wp-json\/wp\/v2\/types\/product"}],"replies":[{"embeddable":true,"href":"https:\/\/wizardly-davinci.82-223-8-23.plesk.page\/en\/wp-json\/wp\/v2\/comments?post=56269"}],"wp:featuredmedia":[{"embeddable":true,"href":"https:\/\/wizardly-davinci.82-223-8-23.plesk.page\/en\/wp-json\/wp\/v2\/media\/56270"}],"wp:attachment":[{"href":"https:\/\/wizardly-davinci.82-223-8-23.plesk.page\/en\/wp-json\/wp\/v2\/media?parent=56269"}],"wp:term":[{"taxonomy":"product_cat","embeddable":true,"href":"https:\/\/wizardly-davinci.82-223-8-23.plesk.page\/en\/wp-json\/wp\/v2\/product_cat?post=56269"},{"taxonomy":"product_tag","embeddable":true,"href":"https:\/\/wizardly-davinci.82-223-8-23.plesk.page\/en\/wp-json\/wp\/v2\/product_tag?post=56269"},{"taxonomy":"edicion","embeddable":true,"href":"https:\/\/wizardly-davinci.82-223-8-23.plesk.page\/en\/wp-json\/wp\/v2\/edicion?post=56269"},{"taxonomy":"editoriales","embeddable":true,"href":"https:\/\/wizardly-davinci.82-223-8-23.plesk.page\/en\/wp-json\/wp\/v2\/editoriales?post=56269"},{"taxonomy":"tienda","embeddable":true,"href":"https:\/\/wizardly-davinci.82-223-8-23.plesk.page\/en\/wp-json\/wp\/v2\/tienda?post=56269"},{"taxonomy":"autor_id","embeddable":true,"href":"https:\/\/wizardly-davinci.82-223-8-23.plesk.page\/en\/wp-json\/wp\/v2\/autor_id?post=56269"},{"taxonomy":"universidades_coeditoras","embeddable":true,"href":"https:\/\/wizardly-davinci.82-223-8-23.plesk.page\/en\/wp-json\/wp\/v2\/universidades_coeditoras?post=56269"},{"taxonomy":"palabras_clave","embeddable":true,"href":"https:\/\/wizardly-davinci.82-223-8-23.plesk.page\/en\/wp-json\/wp\/v2\/palabras_clave?post=56269"},{"taxonomy":"listado_alfabetico","embeddable":true,"href":"https:\/\/wizardly-davinci.82-223-8-23.plesk.page\/en\/wp-json\/wp\/v2\/listado_alfabetico?post=56269"}],"curies":[{"name":"wp","href":"https:\/\/api.w.org\/{rel}","templated":true}]}}