{"id":56281,"date":"2019-04-09T23:46:30","date_gmt":"2019-04-09T21:46:30","guid":{"rendered":"https:\/\/octaedro.com\/libro\/ensenar-la-cultura-visual\/"},"modified":"2023-02-22T13:41:28","modified_gmt":"2023-02-22T12:41:28","slug":"ensenar-la-cultura-visual-2","status":"publish","type":"product","link":"https:\/\/wizardly-davinci.82-223-8-23.plesk.page\/en\/producto\/ensenar-la-cultura-visual-2\/","title":{"rendered":"Ense\u00f1ar la cultura visual"},"content":{"rendered":"<p>La cultura global est\u00e1 cambiando r\u00e1pidamente de la comunicaci\u00f3n basada en el texto a la saturaci\u00f3n de im\u00e1genes. La cultura visual est\u00e1 en todas partes: en la televisi\u00f3n, en los museos, en las revistas, en los cines, en Internet, en los centros comerciales, etc. Como resultado, aprender sobre las complejidades de la cultura visual est\u00e1 convirti\u00e9ndose en algo cada vez m\u00e1s crucial para el desarrollo humano.<br \/>\n\u00c9ste es uno de los primeros libros que se centran en la ense\u00f1anza de la cultura visual. La autora proporciona la base te\u00f3rica sobre la que desarrollar un curr\u00edculum para una educaci\u00f3n art\u00edstica postmoderna.<br \/>\nFreedman, presenta los fundamentos de las teor\u00edas sociales, cognitivas y curriculares, que pueden servir de marco conceptual para ense\u00f1ar artes visuales desde una perspectiva cultural.<\/p>\n","protected":false},"excerpt":{"rendered":"<p>La cultura global est\u00e1 cambiando r\u00e1pidamente de la comunicaci\u00f3n basada en el texto a la saturaci\u00f3n de im\u00e1genes. La cultura visual est\u00e1 en todas partes: en la televisi\u00f3n, en los museos, en las revistas, en los cines, en Internet, en los centros comerciales, etc. Como resultado, aprender sobre las complejidades de la cultura visual est\u00e1 convirti\u00e9ndose en algo cada vez m\u00e1s crucial para el desarrollo humano.<br \/>\n\u00c9ste es uno de los primeros libros que se centran en la ense\u00f1anza de la cultura visual. La autora proporciona la base te\u00f3rica sobre la que desarrollar un curr\u00edculum para una educaci\u00f3n art\u00edstica postmoderna.<br \/>\nFreedman, presenta los fundamentos de las teor\u00edas sociales, cognitivas y curriculares, que pueden servir de marco conceptual para ense\u00f1ar artes visuales desde una perspectiva cultural.<\/p>\n","protected":false},"featured_media":56282,"comment_status":"open","ping_status":"closed","template":"","meta":{"_et_pb_use_builder":"","_et_pb_old_content":"","_et_gb_content_width":""},"product_cat":[11858],"product_tag":[11860],"edicion":[],"editoriales":[11867],"tienda":[],"autor_id":[14244],"universidades_coeditoras":[],"palabras_clave":[],"listado_alfabetico":[],"acf":[],"_links":{"self":[{"href":"https:\/\/wizardly-davinci.82-223-8-23.plesk.page\/en\/wp-json\/wp\/v2\/product\/56281"}],"collection":[{"href":"https:\/\/wizardly-davinci.82-223-8-23.plesk.page\/en\/wp-json\/wp\/v2\/product"}],"about":[{"href":"https:\/\/wizardly-davinci.82-223-8-23.plesk.page\/en\/wp-json\/wp\/v2\/types\/product"}],"replies":[{"embeddable":true,"href":"https:\/\/wizardly-davinci.82-223-8-23.plesk.page\/en\/wp-json\/wp\/v2\/comments?post=56281"}],"wp:featuredmedia":[{"embeddable":true,"href":"https:\/\/wizardly-davinci.82-223-8-23.plesk.page\/en\/wp-json\/wp\/v2\/media\/56282"}],"wp:attachment":[{"href":"https:\/\/wizardly-davinci.82-223-8-23.plesk.page\/en\/wp-json\/wp\/v2\/media?parent=56281"}],"wp:term":[{"taxonomy":"product_cat","embeddable":true,"href":"https:\/\/wizardly-davinci.82-223-8-23.plesk.page\/en\/wp-json\/wp\/v2\/product_cat?post=56281"},{"taxonomy":"product_tag","embeddable":true,"href":"https:\/\/wizardly-davinci.82-223-8-23.plesk.page\/en\/wp-json\/wp\/v2\/product_tag?post=56281"},{"taxonomy":"edicion","embeddable":true,"href":"https:\/\/wizardly-davinci.82-223-8-23.plesk.page\/en\/wp-json\/wp\/v2\/edicion?post=56281"},{"taxonomy":"editoriales","embeddable":true,"href":"https:\/\/wizardly-davinci.82-223-8-23.plesk.page\/en\/wp-json\/wp\/v2\/editoriales?post=56281"},{"taxonomy":"tienda","embeddable":true,"href":"https:\/\/wizardly-davinci.82-223-8-23.plesk.page\/en\/wp-json\/wp\/v2\/tienda?post=56281"},{"taxonomy":"autor_id","embeddable":true,"href":"https:\/\/wizardly-davinci.82-223-8-23.plesk.page\/en\/wp-json\/wp\/v2\/autor_id?post=56281"},{"taxonomy":"universidades_coeditoras","embeddable":true,"href":"https:\/\/wizardly-davinci.82-223-8-23.plesk.page\/en\/wp-json\/wp\/v2\/universidades_coeditoras?post=56281"},{"taxonomy":"palabras_clave","embeddable":true,"href":"https:\/\/wizardly-davinci.82-223-8-23.plesk.page\/en\/wp-json\/wp\/v2\/palabras_clave?post=56281"},{"taxonomy":"listado_alfabetico","embeddable":true,"href":"https:\/\/wizardly-davinci.82-223-8-23.plesk.page\/en\/wp-json\/wp\/v2\/listado_alfabetico?post=56281"}],"curies":[{"name":"wp","href":"https:\/\/api.w.org\/{rel}","templated":true}]}}