{"id":56287,"date":"2019-04-09T23:46:30","date_gmt":"2019-04-09T21:46:30","guid":{"rendered":"https:\/\/octaedro.com\/libro\/teorias-y-practicas-en-educacion-artistica\/"},"modified":"2023-02-22T13:41:28","modified_gmt":"2023-02-22T12:41:28","slug":"teorias-y-practicas-en-educacion-artistica-2","status":"publish","type":"product","link":"https:\/\/wizardly-davinci.82-223-8-23.plesk.page\/en\/producto\/teorias-y-practicas-en-educacion-artistica-2\/","title":{"rendered":"Teor\u00edas y pr\u00e1cticas en educaci\u00f3n art\u00edstica"},"content":{"rendered":"<p>Este libro naci\u00f3 con vocaci\u00f3n de dar cuenta de las teor\u00edas y pr\u00e1cticas que rigen la educaci\u00f3n art\u00edstica actual. Para ello me he propuesto abordar, en la primera parte, las cuestiones que participan en el progreso de esta \u00e1rea de conocimiento, contrastando la investigaci\u00f3n proveniente de la psicolog\u00eda y la pedagog\u00eda, ya cl\u00e1sica, con la procedente de otros \u00e1mbitos de saber, a menudo marginados del \u00e1mbito educativo: la filosof\u00eda del arte, la est\u00e9tica, la antropolog\u00eda cultural o la hermen\u00e9utica. La segunda parte del libro constituye, a su vez, un repaso no hist\u00f3rico de las distintas tendencias hacia las que se han orientado la educaci\u00f3n art\u00edstica desde su g\u00e9nesis, sondeando en los or\u00edgenes de los pensamientos y creencias que alimentan cada una de las cuestiones claves de la educaci\u00f3n art\u00edstica y tratando de establecer conexiones, a veces in\u00e9ditas, entre ellas.<\/p>\n","protected":false},"excerpt":{"rendered":"<p>Este libro naci\u00f3 con vocaci\u00f3n de dar cuenta de las teor\u00edas y pr\u00e1cticas que rigen la educaci\u00f3n art\u00edstica actual. Para ello me he propuesto abordar, en la primera parte, las cuestiones que participan en el progreso de esta \u00e1rea de conocimiento, contrastando la investigaci\u00f3n proveniente de la psicolog\u00eda y la pedagog\u00eda, ya cl\u00e1sica, con la procedente de otros \u00e1mbitos de saber, a menudo marginados del \u00e1mbito educativo: la filosof\u00eda del arte, la est\u00e9tica, la antropolog\u00eda cultural o la hermen\u00e9utica. La segunda parte del libro constituye, a su vez, un repaso no hist\u00f3rico de las distintas tendencias hacia las que se han orientado la educaci\u00f3n art\u00edstica desde su g\u00e9nesis, sondeando en los or\u00edgenes de los pensamientos y creencias que alimentan cada una de las cuestiones claves de la educaci\u00f3n art\u00edstica y tratando de establecer conexiones, a veces in\u00e9ditas, entre ellas.<\/p>\n","protected":false},"featured_media":56288,"comment_status":"open","ping_status":"closed","template":"","meta":{"_et_pb_use_builder":"","_et_pb_old_content":"","_et_gb_content_width":""},"product_cat":[11858],"product_tag":[11860],"edicion":[],"editoriales":[11867],"tienda":[],"autor_id":[13782],"universidades_coeditoras":[],"palabras_clave":[],"listado_alfabetico":[],"acf":[],"_links":{"self":[{"href":"https:\/\/wizardly-davinci.82-223-8-23.plesk.page\/en\/wp-json\/wp\/v2\/product\/56287"}],"collection":[{"href":"https:\/\/wizardly-davinci.82-223-8-23.plesk.page\/en\/wp-json\/wp\/v2\/product"}],"about":[{"href":"https:\/\/wizardly-davinci.82-223-8-23.plesk.page\/en\/wp-json\/wp\/v2\/types\/product"}],"replies":[{"embeddable":true,"href":"https:\/\/wizardly-davinci.82-223-8-23.plesk.page\/en\/wp-json\/wp\/v2\/comments?post=56287"}],"wp:featuredmedia":[{"embeddable":true,"href":"https:\/\/wizardly-davinci.82-223-8-23.plesk.page\/en\/wp-json\/wp\/v2\/media\/56288"}],"wp:attachment":[{"href":"https:\/\/wizardly-davinci.82-223-8-23.plesk.page\/en\/wp-json\/wp\/v2\/media?parent=56287"}],"wp:term":[{"taxonomy":"product_cat","embeddable":true,"href":"https:\/\/wizardly-davinci.82-223-8-23.plesk.page\/en\/wp-json\/wp\/v2\/product_cat?post=56287"},{"taxonomy":"product_tag","embeddable":true,"href":"https:\/\/wizardly-davinci.82-223-8-23.plesk.page\/en\/wp-json\/wp\/v2\/product_tag?post=56287"},{"taxonomy":"edicion","embeddable":true,"href":"https:\/\/wizardly-davinci.82-223-8-23.plesk.page\/en\/wp-json\/wp\/v2\/edicion?post=56287"},{"taxonomy":"editoriales","embeddable":true,"href":"https:\/\/wizardly-davinci.82-223-8-23.plesk.page\/en\/wp-json\/wp\/v2\/editoriales?post=56287"},{"taxonomy":"tienda","embeddable":true,"href":"https:\/\/wizardly-davinci.82-223-8-23.plesk.page\/en\/wp-json\/wp\/v2\/tienda?post=56287"},{"taxonomy":"autor_id","embeddable":true,"href":"https:\/\/wizardly-davinci.82-223-8-23.plesk.page\/en\/wp-json\/wp\/v2\/autor_id?post=56287"},{"taxonomy":"universidades_coeditoras","embeddable":true,"href":"https:\/\/wizardly-davinci.82-223-8-23.plesk.page\/en\/wp-json\/wp\/v2\/universidades_coeditoras?post=56287"},{"taxonomy":"palabras_clave","embeddable":true,"href":"https:\/\/wizardly-davinci.82-223-8-23.plesk.page\/en\/wp-json\/wp\/v2\/palabras_clave?post=56287"},{"taxonomy":"listado_alfabetico","embeddable":true,"href":"https:\/\/wizardly-davinci.82-223-8-23.plesk.page\/en\/wp-json\/wp\/v2\/listado_alfabetico?post=56287"}],"curies":[{"name":"wp","href":"https:\/\/api.w.org\/{rel}","templated":true}]}}