{"id":56299,"date":"2019-04-09T23:46:30","date_gmt":"2019-04-09T21:46:30","guid":{"rendered":"https:\/\/octaedro.com\/libro\/arte-y-simbolo-en-la-infancia\/"},"modified":"2023-02-22T13:41:29","modified_gmt":"2023-02-22T12:41:29","slug":"arte-y-simbolo-en-la-infancia-2","status":"publish","type":"product","link":"https:\/\/wizardly-davinci.82-223-8-23.plesk.page\/en\/producto\/arte-y-simbolo-en-la-infancia-2\/","title":{"rendered":"Arte y s\u00edmbolo en la infancia"},"content":{"rendered":"<p>El estudio que recoge este texto aborda el problema de las construcciones iconogr\u00e1ficas de los ni\u00f1os y las ni\u00f1as entendidas como un complejo semi\u00f3tico mixto que participa de los valores formales del arte y de las reglas que determinan la coherencia interna debida a todo lenguaje.<br \/>\nLa intenci\u00f3n de la autora ha sido ofrecer un modelo de an\u00e1lisis, un instrumento que permita penetrar en la complejidad del sistema, tanto en su l\u00f3gica estructural como en la hermen\u00e9utica de los significados. Todo ello desde un planteamiento hol\u00edstico que se presenta como alternativa a los distintos estudios sectoriales sobre el problema.<br \/>\nEn definitiva, se trata de una nueva mirada sobre el fen\u00f3meno del dibujo en la infancia que ofrece una aproximaci\u00f3n rigurosa a un sistema vivo, siempre actual e irreductible, e invita a la reflexi\u00f3n sobre la naturaleza de la experiencia art\u00edstica del ni\u00f1o y la ni\u00f1a y, en consecuencia, sobre la g\u00e9nesis de la emoci\u00f3n est\u00e9tica y de los procesos que tienen la imagen como material conceptual y emocional.<\/p>\n","protected":false},"excerpt":{"rendered":"<p>El estudio que recoge este texto aborda el problema de las construcciones iconogr\u00e1ficas de los ni\u00f1os y las ni\u00f1as entendidas como un complejo semi\u00f3tico mixto que participa de los valores formales del arte y de las reglas que determinan la coherencia interna debida a todo lenguaje.<br \/>\nLa intenci\u00f3n de la autora ha sido ofrecer un modelo de an\u00e1lisis, un instrumento que permita penetrar en la complejidad del sistema, tanto en su l\u00f3gica estructural como en la hermen\u00e9utica de los significados. Todo ello desde un planteamiento hol\u00edstico que se presenta como alternativa a los distintos estudios sectoriales sobre el problema.<br \/>\nEn definitiva, se trata de una nueva mirada sobre el fen\u00f3meno del dibujo en la infancia que ofrece una aproximaci\u00f3n rigurosa a un sistema vivo, siempre actual e irreductible, e invita a la reflexi\u00f3n sobre la naturaleza de la experiencia art\u00edstica del ni\u00f1o y la ni\u00f1a y, en consecuencia, sobre la g\u00e9nesis de la emoci\u00f3n est\u00e9tica y de los procesos que tienen la imagen como material conceptual y emocional.<\/p>\n","protected":false},"featured_media":56301,"comment_status":"open","ping_status":"closed","template":"","meta":{"_et_pb_use_builder":"","_et_pb_old_content":"","_et_gb_content_width":""},"product_cat":[11858],"product_tag":[11860],"edicion":[11865],"editoriales":[11867],"tienda":[],"autor_id":[14650],"universidades_coeditoras":[],"palabras_clave":[],"listado_alfabetico":[],"acf":[],"_links":{"self":[{"href":"https:\/\/wizardly-davinci.82-223-8-23.plesk.page\/en\/wp-json\/wp\/v2\/product\/56299"}],"collection":[{"href":"https:\/\/wizardly-davinci.82-223-8-23.plesk.page\/en\/wp-json\/wp\/v2\/product"}],"about":[{"href":"https:\/\/wizardly-davinci.82-223-8-23.plesk.page\/en\/wp-json\/wp\/v2\/types\/product"}],"replies":[{"embeddable":true,"href":"https:\/\/wizardly-davinci.82-223-8-23.plesk.page\/en\/wp-json\/wp\/v2\/comments?post=56299"}],"wp:featuredmedia":[{"embeddable":true,"href":"https:\/\/wizardly-davinci.82-223-8-23.plesk.page\/en\/wp-json\/wp\/v2\/media\/56301"}],"wp:attachment":[{"href":"https:\/\/wizardly-davinci.82-223-8-23.plesk.page\/en\/wp-json\/wp\/v2\/media?parent=56299"}],"wp:term":[{"taxonomy":"product_cat","embeddable":true,"href":"https:\/\/wizardly-davinci.82-223-8-23.plesk.page\/en\/wp-json\/wp\/v2\/product_cat?post=56299"},{"taxonomy":"product_tag","embeddable":true,"href":"https:\/\/wizardly-davinci.82-223-8-23.plesk.page\/en\/wp-json\/wp\/v2\/product_tag?post=56299"},{"taxonomy":"edicion","embeddable":true,"href":"https:\/\/wizardly-davinci.82-223-8-23.plesk.page\/en\/wp-json\/wp\/v2\/edicion?post=56299"},{"taxonomy":"editoriales","embeddable":true,"href":"https:\/\/wizardly-davinci.82-223-8-23.plesk.page\/en\/wp-json\/wp\/v2\/editoriales?post=56299"},{"taxonomy":"tienda","embeddable":true,"href":"https:\/\/wizardly-davinci.82-223-8-23.plesk.page\/en\/wp-json\/wp\/v2\/tienda?post=56299"},{"taxonomy":"autor_id","embeddable":true,"href":"https:\/\/wizardly-davinci.82-223-8-23.plesk.page\/en\/wp-json\/wp\/v2\/autor_id?post=56299"},{"taxonomy":"universidades_coeditoras","embeddable":true,"href":"https:\/\/wizardly-davinci.82-223-8-23.plesk.page\/en\/wp-json\/wp\/v2\/universidades_coeditoras?post=56299"},{"taxonomy":"palabras_clave","embeddable":true,"href":"https:\/\/wizardly-davinci.82-223-8-23.plesk.page\/en\/wp-json\/wp\/v2\/palabras_clave?post=56299"},{"taxonomy":"listado_alfabetico","embeddable":true,"href":"https:\/\/wizardly-davinci.82-223-8-23.plesk.page\/en\/wp-json\/wp\/v2\/listado_alfabetico?post=56299"}],"curies":[{"name":"wp","href":"https:\/\/api.w.org\/{rel}","templated":true}]}}