{"id":56300,"date":"2019-04-09T23:46:28","date_gmt":"2019-04-09T21:46:28","guid":{"rendered":"https:\/\/octaedro.com\/libro\/investigacion-en-docencia-universitaria\/"},"modified":"2023-02-22T13:41:29","modified_gmt":"2023-02-22T12:41:29","slug":"investigacion-en-docencia-universitaria","status":"publish","type":"product","link":"https:\/\/wizardly-davinci.82-223-8-23.plesk.page\/en\/producto\/investigacion-en-docencia-universitaria\/","title":{"rendered":"Investigaci\u00f3n en docencia universitaria"},"content":{"rendered":"<p>El libro que aqu\u00ed se presenta, <em><strong>Investigaci\u00f3n en docencia universitaria. Dise\u00f1ando el futuro a partir de la innovaci\u00f3n educativa<\/strong><\/em>, re\u00fane las investigaciones m\u00e1s actuales en este campo, absolutamente necesario para perfilar el actual panorama de la Educaci\u00f3n Superior.<\/p>\n<p>Su estructura es tan l\u00f3gica como imprescindibles son los siete cap\u00edtulos que la conforman, a saber: <em>Investigaci\u00f3n referida al \u00e1mbito de la docencia en Educaci\u00f3n Superior<\/em>, <em>Experiencias educativas innovadoras en Educaci\u00f3n Superior<\/em>, <em>La calidad y la evaluaci\u00f3n para la mejora de la Educaci\u00f3n Superior<\/em>, <em>Accesibilidad e igualdad de oportunidades en la Educaci\u00f3n Superior<\/em>, <em>Tutorizaci\u00f3n, apoyo y orientaci\u00f3n al estudiante para la mejora del aprendizaje y la calidad educativa en la Educaci\u00f3n Superior<\/em>, <em>Nuevos escenarios digitales en el contexto de la Educaci\u00f3n Superior<\/em> e <em>Investigaci\u00f3n e innovaci\u00f3n en educaci\u00f3n no universitaria para tender puentes con la Educaci\u00f3n Superior<\/em>..<\/p>\n<p><a href=\"https:\/\/goo.gl\/KziFVp\" target=\"_blank\" rel=\"noopener noreferrer\">Descarga gratuita en formato e-PDF<\/a><\/p>\n","protected":false},"excerpt":{"rendered":"<p>El libro que aqu\u00ed se presenta, <em><strong>Investigaci\u00f3n en docencia universitaria. Dise\u00f1ando el futuro a partir de la innovaci\u00f3n educativa<\/strong><\/em>, re\u00fane las investigaciones m\u00e1s actuales en este campo, absolutamente necesario para perfilar el actual panorama de la Educaci\u00f3n Superior.<\/p>\n<p>Su estructura es tan l\u00f3gica como imprescindibles son los siete cap\u00edtulos que la conforman, a saber: <em>Investigaci\u00f3n referida al \u00e1mbito de la docencia en Educaci\u00f3n Superior<\/em>, <em>Experiencias educativas innovadoras en Educaci\u00f3n Superior<\/em>, <em>La calidad y la evaluaci\u00f3n para la mejora de la Educaci\u00f3n Superior<\/em>, <em>Accesibilidad e igualdad de oportunidades en la Educaci\u00f3n Superior<\/em>, <em>Tutorizaci\u00f3n, apoyo y orientaci\u00f3n al estudiante para la mejora del aprendizaje y la calidad educativa en la Educaci\u00f3n Superior<\/em>, <em>Nuevos escenarios digitales en el contexto de la Educaci\u00f3n Superior<\/em> e <em>Investigaci\u00f3n e innovaci\u00f3n en educaci\u00f3n no universitaria para tender puentes con la Educaci\u00f3n Superior<\/em>..<\/p>\n<p><a href=\"%22https:\/\/goo.gl\/KziFVp%22\">Descarga gratuita en formato e-PDF<\/a><\/p>\n","protected":false},"featured_media":56329,"comment_status":"open","ping_status":"closed","template":"","meta":{"_et_pb_use_builder":"","_et_pb_old_content":"","_et_gb_content_width":""},"product_cat":[11910,11913,11900,11907],"product_tag":[11887],"edicion":[12178],"editoriales":[11867],"tienda":[],"autor_id":[19841],"universidades_coeditoras":[14892],"palabras_clave":[],"listado_alfabetico":[],"acf":[],"_links":{"self":[{"href":"https:\/\/wizardly-davinci.82-223-8-23.plesk.page\/en\/wp-json\/wp\/v2\/product\/56300"}],"collection":[{"href":"https:\/\/wizardly-davinci.82-223-8-23.plesk.page\/en\/wp-json\/wp\/v2\/product"}],"about":[{"href":"https:\/\/wizardly-davinci.82-223-8-23.plesk.page\/en\/wp-json\/wp\/v2\/types\/product"}],"replies":[{"embeddable":true,"href":"https:\/\/wizardly-davinci.82-223-8-23.plesk.page\/en\/wp-json\/wp\/v2\/comments?post=56300"}],"wp:featuredmedia":[{"embeddable":true,"href":"https:\/\/wizardly-davinci.82-223-8-23.plesk.page\/en\/wp-json\/wp\/v2\/media\/56329"}],"wp:attachment":[{"href":"https:\/\/wizardly-davinci.82-223-8-23.plesk.page\/en\/wp-json\/wp\/v2\/media?parent=56300"}],"wp:term":[{"taxonomy":"product_cat","embeddable":true,"href":"https:\/\/wizardly-davinci.82-223-8-23.plesk.page\/en\/wp-json\/wp\/v2\/product_cat?post=56300"},{"taxonomy":"product_tag","embeddable":true,"href":"https:\/\/wizardly-davinci.82-223-8-23.plesk.page\/en\/wp-json\/wp\/v2\/product_tag?post=56300"},{"taxonomy":"edicion","embeddable":true,"href":"https:\/\/wizardly-davinci.82-223-8-23.plesk.page\/en\/wp-json\/wp\/v2\/edicion?post=56300"},{"taxonomy":"editoriales","embeddable":true,"href":"https:\/\/wizardly-davinci.82-223-8-23.plesk.page\/en\/wp-json\/wp\/v2\/editoriales?post=56300"},{"taxonomy":"tienda","embeddable":true,"href":"https:\/\/wizardly-davinci.82-223-8-23.plesk.page\/en\/wp-json\/wp\/v2\/tienda?post=56300"},{"taxonomy":"autor_id","embeddable":true,"href":"https:\/\/wizardly-davinci.82-223-8-23.plesk.page\/en\/wp-json\/wp\/v2\/autor_id?post=56300"},{"taxonomy":"universidades_coeditoras","embeddable":true,"href":"https:\/\/wizardly-davinci.82-223-8-23.plesk.page\/en\/wp-json\/wp\/v2\/universidades_coeditoras?post=56300"},{"taxonomy":"palabras_clave","embeddable":true,"href":"https:\/\/wizardly-davinci.82-223-8-23.plesk.page\/en\/wp-json\/wp\/v2\/palabras_clave?post=56300"},{"taxonomy":"listado_alfabetico","embeddable":true,"href":"https:\/\/wizardly-davinci.82-223-8-23.plesk.page\/en\/wp-json\/wp\/v2\/listado_alfabetico?post=56300"}],"curies":[{"name":"wp","href":"https:\/\/api.w.org\/{rel}","templated":true}]}}