{"id":56350,"date":"2019-04-09T23:46:27","date_gmt":"2019-04-09T21:46:27","guid":{"rendered":"https:\/\/octaedro.com\/libro\/mapas-conceptuales-herramientas-para-el-aula\/"},"modified":"2023-02-22T13:41:39","modified_gmt":"2023-02-22T12:41:39","slug":"mapas-conceptuales-herramientas-para-el-aula-2","status":"publish","type":"product","link":"https:\/\/wizardly-davinci.82-223-8-23.plesk.page\/en\/producto\/mapas-conceptuales-herramientas-para-el-aula-2\/","title":{"rendered":"Mapas conceptuales: herramientas para el aula"},"content":{"rendered":"<p>Nos dirigimos a los docentes de todas las etapas educativas, desde Infantil y Primaria hasta la Universidad, y de cualquier \u00e1mbito del conocimiento, pues se incluye un amplio abanico de ejemplos de mapas conceptuales que tiene por objeto mostrar su poder como recurso educativo. Ofrecemos los elementos b\u00e1sicos que permiten una utilizaci\u00f3n m\u00e1s eficaz de esta herramienta en el aula y m\u00e1s acorde con los principios en los que se apoya, con la intenci\u00f3n de distinguir un mapa conceptual de lo que no lo es.<\/p>\n<p>Para responder a este prop\u00f3sito se han organizado cuatro cap\u00edtulos. En el primero se explica qu\u00e9 es un mapa conceptual, en qu\u00e9 principios se sustenta, c\u00f3mo se construye y c\u00f3mo se puede introducir al alumnado en su uso. En un segundo cap\u00edtulo, se muestra su potencial como recurso instruccional, como instrumento de evaluaci\u00f3n y como recurso para el an\u00e1lisis de la estructura conceptual del contenido. Como todo diagrama no es un mapa conceptual, se dedica un espacio, el tercer cap\u00edtulo, a diferenciar los mapas conceptuales de otras representaciones. Finalmente, se presentan algunas reflexiones y sugerencias tendentes a favorecer un uso de este instrumento metacognitivo mucho m\u00e1s productivo, de modo que se exploran todas sus potencialidades.<\/p>\n<p>El fin \u00faltimo de este texto ha sido negociar el significado real que debe atribuirse al mapa conceptual, un significado no tan conocido como pudiera parecer a pesar de su fama, mostrando m\u00faltiples mapas para ayudarnos a comprender mejor esta eficaz herramienta de aula.<\/p>\n","protected":false},"excerpt":{"rendered":"<p>Nos dirigimos a los docentes de todas las etapas educativas, desde Infantil y Primaria hasta la Universidad, y de cualquier \u00e1mbito del conocimiento, pues se incluye un amplio abanico de ejemplos de mapas conceptuales que tiene por objeto mostrar su poder como recurso educativo. Ofrecemos los elementos b\u00e1sicos que permiten una utilizaci\u00f3n m\u00e1s eficaz de esta herramienta en el aula y m\u00e1s acorde con los principios en los que se apoya, con la intenci\u00f3n de distinguir un mapa conceptual de lo que no lo es.<\/p>\n<p>Para responder a este prop\u00f3sito se han organizado cuatro cap\u00edtulos. En el primero se explica qu\u00e9 es un mapa conceptual, en qu\u00e9 principios se sustenta, c\u00f3mo se construye y c\u00f3mo se puede introducir al alumnado en su uso. En un segundo cap\u00edtulo, se muestra su potencial como recurso instruccional, como instrumento de evaluaci\u00f3n y como recurso para el an\u00e1lisis de la estructura conceptual del contenido. Como todo diagrama no es un mapa conceptual, se dedica un espacio, el tercer cap\u00edtulo, a diferenciar los mapas conceptuales de otras representaciones. Finalmente, se presentan algunas reflexiones y sugerencias tendentes a favorecer un uso de este instrumento metacognitivo mucho m\u00e1s productivo, de modo que se exploran todas sus potencialidades.<\/p>\n<p>El fin \u00faltimo de este texto ha sido negociar el significado real que debe atribuirse al mapa conceptual, un significado no tan conocido como pudiera parecer a pesar de su fama, mostrando m\u00faltiples mapas para ayudarnos a comprender mejor esta eficaz herramienta de aula.<\/p>\n","protected":false},"featured_media":56360,"comment_status":"open","ping_status":"closed","template":"","meta":{"_et_pb_use_builder":"","_et_pb_old_content":"","_et_gb_content_width":""},"product_cat":[11899,11858,11913,11859],"product_tag":[11893],"edicion":[12178,11865],"editoriales":[11867],"tienda":[],"autor_id":[19106,20389],"universidades_coeditoras":[],"palabras_clave":[],"listado_alfabetico":[],"acf":[],"_links":{"self":[{"href":"https:\/\/wizardly-davinci.82-223-8-23.plesk.page\/en\/wp-json\/wp\/v2\/product\/56350"}],"collection":[{"href":"https:\/\/wizardly-davinci.82-223-8-23.plesk.page\/en\/wp-json\/wp\/v2\/product"}],"about":[{"href":"https:\/\/wizardly-davinci.82-223-8-23.plesk.page\/en\/wp-json\/wp\/v2\/types\/product"}],"replies":[{"embeddable":true,"href":"https:\/\/wizardly-davinci.82-223-8-23.plesk.page\/en\/wp-json\/wp\/v2\/comments?post=56350"}],"wp:featuredmedia":[{"embeddable":true,"href":"https:\/\/wizardly-davinci.82-223-8-23.plesk.page\/en\/wp-json\/wp\/v2\/media\/56360"}],"wp:attachment":[{"href":"https:\/\/wizardly-davinci.82-223-8-23.plesk.page\/en\/wp-json\/wp\/v2\/media?parent=56350"}],"wp:term":[{"taxonomy":"product_cat","embeddable":true,"href":"https:\/\/wizardly-davinci.82-223-8-23.plesk.page\/en\/wp-json\/wp\/v2\/product_cat?post=56350"},{"taxonomy":"product_tag","embeddable":true,"href":"https:\/\/wizardly-davinci.82-223-8-23.plesk.page\/en\/wp-json\/wp\/v2\/product_tag?post=56350"},{"taxonomy":"edicion","embeddable":true,"href":"https:\/\/wizardly-davinci.82-223-8-23.plesk.page\/en\/wp-json\/wp\/v2\/edicion?post=56350"},{"taxonomy":"editoriales","embeddable":true,"href":"https:\/\/wizardly-davinci.82-223-8-23.plesk.page\/en\/wp-json\/wp\/v2\/editoriales?post=56350"},{"taxonomy":"tienda","embeddable":true,"href":"https:\/\/wizardly-davinci.82-223-8-23.plesk.page\/en\/wp-json\/wp\/v2\/tienda?post=56350"},{"taxonomy":"autor_id","embeddable":true,"href":"https:\/\/wizardly-davinci.82-223-8-23.plesk.page\/en\/wp-json\/wp\/v2\/autor_id?post=56350"},{"taxonomy":"universidades_coeditoras","embeddable":true,"href":"https:\/\/wizardly-davinci.82-223-8-23.plesk.page\/en\/wp-json\/wp\/v2\/universidades_coeditoras?post=56350"},{"taxonomy":"palabras_clave","embeddable":true,"href":"https:\/\/wizardly-davinci.82-223-8-23.plesk.page\/en\/wp-json\/wp\/v2\/palabras_clave?post=56350"},{"taxonomy":"listado_alfabetico","embeddable":true,"href":"https:\/\/wizardly-davinci.82-223-8-23.plesk.page\/en\/wp-json\/wp\/v2\/listado_alfabetico?post=56350"}],"curies":[{"name":"wp","href":"https:\/\/api.w.org\/{rel}","templated":true}]}}