{"id":56357,"date":"2019-04-09T23:46:21","date_gmt":"2019-04-09T21:46:21","guid":{"rendered":"https:\/\/octaedro.com\/libro\/innovacion-docente-universitaria-en-educacion-infantil\/"},"modified":"2023-02-22T13:41:43","modified_gmt":"2023-02-22T12:41:43","slug":"innovacion-docente-universitaria-en-educacion-infantil-2","status":"publish","type":"product","link":"https:\/\/wizardly-davinci.82-223-8-23.plesk.page\/en\/producto\/innovacion-docente-universitaria-en-educacion-infantil-2\/","title":{"rendered":"Innovaci\u00f3n docente universitaria en Educaci\u00f3n Infantil"},"content":{"rendered":"<p>En los \u00faltimos a\u00f1os, y desde la implantaci\u00f3n de los grados unversitarios, la Educaci\u00f3n Infantil est\u00e1 ocupando el lugar que le correspond\u00eda como etapa inicial y relevante en educaci\u00f3n. No obstante, a\u00fan quedan varios desaf\u00edos por lograr; entre ellos, la preparaci\u00f3n del futuro profesional y la renovaci\u00f3n de la ense\u00f1anza universitaria. El profesorado universitario asume, as\u00ed, el reto de una formaci\u00f3n de calidad ligada a la investigaci\u00f3n que revierta en sus aulas.<br \/>\nEste libro recoge una serie de actuaciones innovadoras en Educaci\u00f3n Infantil, fruto de la investigaci\u00f3n en las distintas universidades participantes miembros de la Red de Investigaci\u00f3n de Educaci\u00f3n Infantil: Universidad de C\u00e1diz, de C\u00f3rdoba, de Huelva, de Madeira (Portugal), del Pa\u00eds Vasco y de Valencia. Con \u00e9l queremos hacer part\u00edcipes a compa\u00f1eros de otras universidades, a estudiantes y al p\u00fablico, en general, de las actuaciones innovadoras que estamos llevando a cabo en la formaci\u00f3n de los futuros profesionales de la Educaci\u00f3n Infantil a partir de nuestras investigaciones.<\/p>\n","protected":false},"excerpt":{"rendered":"<p>En los \u00faltimos a\u00f1os, y desde la implantaci\u00f3n de los grados unversitarios, la Educaci\u00f3n Infantil est\u00e1 ocupando el lugar que le correspond\u00eda como etapa inicial y relevante en educaci\u00f3n. No obstante, a\u00fan quedan varios desaf\u00edos por lograr; entre ellos, la preparaci\u00f3n del futuro profesional y la renovaci\u00f3n de la ense\u00f1anza universitaria. El profesorado universitario asume, as\u00ed, el reto de una formaci\u00f3n de calidad ligada a la investigaci\u00f3n que revierta en sus aulas.<br \/>\nEste libro recoge una serie de actuaciones innovadoras en Educaci\u00f3n Infantil, fruto de la investigaci\u00f3n en las distintas universidades participantes miembros de la Red de Investigaci\u00f3n de Educaci\u00f3n Infantil: Universidad de C\u00e1diz, de C\u00f3rdoba, de Huelva, de Madeira (Portugal), del Pa\u00eds Vasco y de Valencia. Con \u00e9l queremos hacer part\u00edcipes a compa\u00f1eros de otras universidades, a estudiantes y al p\u00fablico, en general, de las actuaciones innovadoras que estamos llevando a cabo en la formaci\u00f3n de los futuros profesionales de la Educaci\u00f3n Infantil a partir de nuestras investigaciones.<\/p>\n","protected":false},"featured_media":56375,"comment_status":"open","ping_status":"closed","template":"","meta":{"_et_pb_use_builder":"","_et_pb_old_content":"","_et_gb_content_width":""},"product_cat":[11899,11858,11859,11912,11907],"product_tag":[11892],"edicion":[12199,11865],"editoriales":[11867],"tienda":[],"autor_id":[20391],"universidades_coeditoras":[14897,12636],"palabras_clave":[],"listado_alfabetico":[],"acf":[],"_links":{"self":[{"href":"https:\/\/wizardly-davinci.82-223-8-23.plesk.page\/en\/wp-json\/wp\/v2\/product\/56357"}],"collection":[{"href":"https:\/\/wizardly-davinci.82-223-8-23.plesk.page\/en\/wp-json\/wp\/v2\/product"}],"about":[{"href":"https:\/\/wizardly-davinci.82-223-8-23.plesk.page\/en\/wp-json\/wp\/v2\/types\/product"}],"replies":[{"embeddable":true,"href":"https:\/\/wizardly-davinci.82-223-8-23.plesk.page\/en\/wp-json\/wp\/v2\/comments?post=56357"}],"wp:featuredmedia":[{"embeddable":true,"href":"https:\/\/wizardly-davinci.82-223-8-23.plesk.page\/en\/wp-json\/wp\/v2\/media\/56375"}],"wp:attachment":[{"href":"https:\/\/wizardly-davinci.82-223-8-23.plesk.page\/en\/wp-json\/wp\/v2\/media?parent=56357"}],"wp:term":[{"taxonomy":"product_cat","embeddable":true,"href":"https:\/\/wizardly-davinci.82-223-8-23.plesk.page\/en\/wp-json\/wp\/v2\/product_cat?post=56357"},{"taxonomy":"product_tag","embeddable":true,"href":"https:\/\/wizardly-davinci.82-223-8-23.plesk.page\/en\/wp-json\/wp\/v2\/product_tag?post=56357"},{"taxonomy":"edicion","embeddable":true,"href":"https:\/\/wizardly-davinci.82-223-8-23.plesk.page\/en\/wp-json\/wp\/v2\/edicion?post=56357"},{"taxonomy":"editoriales","embeddable":true,"href":"https:\/\/wizardly-davinci.82-223-8-23.plesk.page\/en\/wp-json\/wp\/v2\/editoriales?post=56357"},{"taxonomy":"tienda","embeddable":true,"href":"https:\/\/wizardly-davinci.82-223-8-23.plesk.page\/en\/wp-json\/wp\/v2\/tienda?post=56357"},{"taxonomy":"autor_id","embeddable":true,"href":"https:\/\/wizardly-davinci.82-223-8-23.plesk.page\/en\/wp-json\/wp\/v2\/autor_id?post=56357"},{"taxonomy":"universidades_coeditoras","embeddable":true,"href":"https:\/\/wizardly-davinci.82-223-8-23.plesk.page\/en\/wp-json\/wp\/v2\/universidades_coeditoras?post=56357"},{"taxonomy":"palabras_clave","embeddable":true,"href":"https:\/\/wizardly-davinci.82-223-8-23.plesk.page\/en\/wp-json\/wp\/v2\/palabras_clave?post=56357"},{"taxonomy":"listado_alfabetico","embeddable":true,"href":"https:\/\/wizardly-davinci.82-223-8-23.plesk.page\/en\/wp-json\/wp\/v2\/listado_alfabetico?post=56357"}],"curies":[{"name":"wp","href":"https:\/\/api.w.org\/{rel}","templated":true}]}}