{"id":56392,"date":"2019-04-09T23:46:24","date_gmt":"2019-04-09T21:46:24","guid":{"rendered":"https:\/\/octaedro.com\/libro\/compartir-la-infancia\/"},"modified":"2023-02-22T13:41:49","modified_gmt":"2023-02-22T12:41:49","slug":"compartir-la-infancia-2","status":"publish","type":"product","link":"https:\/\/wizardly-davinci.82-223-8-23.plesk.page\/en\/producto\/compartir-la-infancia-2\/","title":{"rendered":"Compartir la infancia"},"content":{"rendered":"<p>Esta obra pretende enfatizar la necesidad de crear programas intergeneracionales en las escuelas. Justificamos con argumentos cient\u00edficos los diferentes beneficios de la educaci\u00f3n intergeneracional y c\u00f3mo esta es posible, viable y recomendable. Pretendemos introducir al lector en esta educaci\u00f3n a partir de su justificaci\u00f3n te\u00f3rica y cient\u00edfica a nivel internacional, realizando, al mismo tiempo, una revisi\u00f3n metodol\u00f3gica de los diferentes programas intergeneracionales aplicados en centros educativos y c\u00f3mo estos se llevan a la pr\u00e1ctica diaria. Posteriormente, analizamos los beneficios obtenidos con la implementaci\u00f3n de programas intergeneracionales y concluimos con unas l\u00edneas de futuro prometedoras. La obra, dirigida a acad\u00e9micos y profesionales especialmente interesados en la educaci\u00f3n intergeneracional, no solo pretende aportar justificaciones s\u00f3lidas y cient\u00edficas para la implementaci\u00f3n y consolidaci\u00f3n de programas intergeneracionales en las escuelas, sino que permite, al mismo tiempo, ser una ayuda para aquellas comunidades educativas que quieran implementarlos o deseen consolidarlos en sus centros, ya que la educaci\u00f3n intergeneracional es beneficiosa para los j\u00f3venes y las personas mayores, pero tambi\u00e9n para el profesorado, las familias e instituciones que la envuelven; en definitiva, para todos los responsables de la educaci\u00f3n.<\/p>\n","protected":false},"excerpt":{"rendered":"<p>Esta obra pretende enfatizar la necesidad de crear programas intergeneracionales en las escuelas. Justificamos con argumentos cient\u00edficos los diferentes beneficios de la educaci\u00f3n intergeneracional y c\u00f3mo esta es posible, viable y recomendable. Pretendemos introducir al lector en esta educaci\u00f3n a partir de su justificaci\u00f3n te\u00f3rica y cient\u00edfica a nivel internacional, realizando, al mismo tiempo, una revisi\u00f3n metodol\u00f3gica de los diferentes programas intergeneracionales aplicados en centros educativos y c\u00f3mo estos se llevan a la pr\u00e1ctica diaria. Posteriormente, analizamos los beneficios obtenidos con la implementaci\u00f3n de programas intergeneracionales y concluimos con unas l\u00edneas de futuro prometedoras. La obra, dirigida a acad\u00e9micos y profesionales especialmente interesados en la educaci\u00f3n intergeneracional, no solo pretende aportar justificaciones s\u00f3lidas y cient\u00edficas para la implementaci\u00f3n y consolidaci\u00f3n de programas intergeneracionales en las escuelas, sino que permite, al mismo tiempo, ser una ayuda para aquellas comunidades educativas que quieran implementarlos o deseen consolidarlos en sus centros, ya que la educaci\u00f3n intergeneracional es beneficiosa para los j\u00f3venes y las personas mayores, pero tambi\u00e9n para el profesorado, las familias e instituciones que la envuelven; en definitiva, para todos los responsables de la educaci\u00f3n.<\/p>\n","protected":false},"featured_media":56397,"comment_status":"open","ping_status":"closed","template":"","meta":{"_et_pb_use_builder":"","_et_pb_old_content":"","_et_gb_content_width":""},"product_cat":[11899,11858,11859,11912,11907],"product_tag":[11892],"edicion":[12199,11865],"editoriales":[11867],"tienda":[],"autor_id":[19541,20397],"universidades_coeditoras":[14902],"palabras_clave":[],"listado_alfabetico":[],"acf":[],"_links":{"self":[{"href":"https:\/\/wizardly-davinci.82-223-8-23.plesk.page\/en\/wp-json\/wp\/v2\/product\/56392"}],"collection":[{"href":"https:\/\/wizardly-davinci.82-223-8-23.plesk.page\/en\/wp-json\/wp\/v2\/product"}],"about":[{"href":"https:\/\/wizardly-davinci.82-223-8-23.plesk.page\/en\/wp-json\/wp\/v2\/types\/product"}],"replies":[{"embeddable":true,"href":"https:\/\/wizardly-davinci.82-223-8-23.plesk.page\/en\/wp-json\/wp\/v2\/comments?post=56392"}],"wp:featuredmedia":[{"embeddable":true,"href":"https:\/\/wizardly-davinci.82-223-8-23.plesk.page\/en\/wp-json\/wp\/v2\/media\/56397"}],"wp:attachment":[{"href":"https:\/\/wizardly-davinci.82-223-8-23.plesk.page\/en\/wp-json\/wp\/v2\/media?parent=56392"}],"wp:term":[{"taxonomy":"product_cat","embeddable":true,"href":"https:\/\/wizardly-davinci.82-223-8-23.plesk.page\/en\/wp-json\/wp\/v2\/product_cat?post=56392"},{"taxonomy":"product_tag","embeddable":true,"href":"https:\/\/wizardly-davinci.82-223-8-23.plesk.page\/en\/wp-json\/wp\/v2\/product_tag?post=56392"},{"taxonomy":"edicion","embeddable":true,"href":"https:\/\/wizardly-davinci.82-223-8-23.plesk.page\/en\/wp-json\/wp\/v2\/edicion?post=56392"},{"taxonomy":"editoriales","embeddable":true,"href":"https:\/\/wizardly-davinci.82-223-8-23.plesk.page\/en\/wp-json\/wp\/v2\/editoriales?post=56392"},{"taxonomy":"tienda","embeddable":true,"href":"https:\/\/wizardly-davinci.82-223-8-23.plesk.page\/en\/wp-json\/wp\/v2\/tienda?post=56392"},{"taxonomy":"autor_id","embeddable":true,"href":"https:\/\/wizardly-davinci.82-223-8-23.plesk.page\/en\/wp-json\/wp\/v2\/autor_id?post=56392"},{"taxonomy":"universidades_coeditoras","embeddable":true,"href":"https:\/\/wizardly-davinci.82-223-8-23.plesk.page\/en\/wp-json\/wp\/v2\/universidades_coeditoras?post=56392"},{"taxonomy":"palabras_clave","embeddable":true,"href":"https:\/\/wizardly-davinci.82-223-8-23.plesk.page\/en\/wp-json\/wp\/v2\/palabras_clave?post=56392"},{"taxonomy":"listado_alfabetico","embeddable":true,"href":"https:\/\/wizardly-davinci.82-223-8-23.plesk.page\/en\/wp-json\/wp\/v2\/listado_alfabetico?post=56392"}],"curies":[{"name":"wp","href":"https:\/\/api.w.org\/{rel}","templated":true}]}}