{"id":56395,"date":"2019-04-09T23:46:29","date_gmt":"2019-04-09T21:46:29","guid":{"rendered":"https:\/\/octaedro.com\/libro\/fundamentos-de-ensenanza-y-aprendizaje-para-una-educacion-universal-intercultural-y-bilingue\/"},"modified":"2023-02-22T13:41:49","modified_gmt":"2023-02-22T12:41:49","slug":"fundamentos-de-ensenanza-y-aprendizaje-para-una-educacion-universal-intercultural-y-bilingue-2","status":"publish","type":"product","link":"https:\/\/wizardly-davinci.82-223-8-23.plesk.page\/en\/producto\/fundamentos-de-ensenanza-y-aprendizaje-para-una-educacion-universal-intercultural-y-bilingue-2\/","title":{"rendered":"Fundamentos de ense\u00f1anza y aprendizaje para una educaci\u00f3n universal, intercultural y biling\u00fce"},"content":{"rendered":"<p>Este libro surge con el objetivo de compartir y promover pr\u00e1cticas educativas innovadoras en contextos biling\u00fces y multiculturales en los distintos niveles educativos. Los autores nos presentan un conjunto de experiencias que abordan los fundamentos de ense\u00f1anza y aprendizaje de la educaci\u00f3n biling\u00fce, desde un enfoque multicultural y multidisciplinar, en diferentes contextos.<\/p>\n<p>Ambos ejes son candentes hoy en d\u00eda, ya que convivimos en sociedades cada vez m\u00e1s diversas, donde el entendimiento es necesario. En este sentido, debemos estar comprometidos en avanzar en la construcci\u00f3n de una educaci\u00f3n a favor de la reflexi\u00f3n, el respeto, la comunicaci\u00f3n y la sensibilizaci\u00f3n. Asimismo, todo ello no solo debe estar presente en la formaci\u00f3n del profesorado, sino tambi\u00e9n en la investigaci\u00f3n, los recursos did\u00e1cticos y las pr\u00e1cticas educativas diarias, tanto en contextos formales como no formales.<\/p>\n","protected":false},"excerpt":{"rendered":"<p>Este libro surge con el objetivo de compartir y promover pr\u00e1cticas educativas innovadoras en contextos biling\u00fces y multiculturales en los distintos niveles educativos. Los autores nos presentan un conjunto de experiencias que abordan los fundamentos de ense\u00f1anza y aprendizaje de la educaci\u00f3n biling\u00fce, desde un enfoque multicultural y multidisciplinar, en diferentes contextos.<\/p>\n<p>Ambos ejes son candentes hoy en d\u00eda, ya que convivimos en sociedades cada vez m\u00e1s diversas, donde el entendimiento es necesario. En este sentido, debemos estar comprometidos en avanzar en la construcci\u00f3n de una educaci\u00f3n a favor de la reflexi\u00f3n, el respeto, la comunicaci\u00f3n y la sensibilizaci\u00f3n. Asimismo, todo ello no solo debe estar presente en la formaci\u00f3n del profesorado, sino tambi\u00e9n en la investigaci\u00f3n, los recursos did\u00e1cticos y las pr\u00e1cticas educativas diarias, tanto en contextos formales como no formales.<\/p>\n","protected":false},"featured_media":56396,"comment_status":"open","ping_status":"closed","template":"","meta":{"_et_pb_use_builder":"","_et_pb_old_content":"","_et_gb_content_width":""},"product_cat":[11858,11907],"product_tag":[11860],"edicion":[11865],"editoriales":[11867],"tienda":[],"autor_id":[13802],"universidades_coeditoras":[12636],"palabras_clave":[],"listado_alfabetico":[],"acf":[],"_links":{"self":[{"href":"https:\/\/wizardly-davinci.82-223-8-23.plesk.page\/en\/wp-json\/wp\/v2\/product\/56395"}],"collection":[{"href":"https:\/\/wizardly-davinci.82-223-8-23.plesk.page\/en\/wp-json\/wp\/v2\/product"}],"about":[{"href":"https:\/\/wizardly-davinci.82-223-8-23.plesk.page\/en\/wp-json\/wp\/v2\/types\/product"}],"replies":[{"embeddable":true,"href":"https:\/\/wizardly-davinci.82-223-8-23.plesk.page\/en\/wp-json\/wp\/v2\/comments?post=56395"}],"wp:featuredmedia":[{"embeddable":true,"href":"https:\/\/wizardly-davinci.82-223-8-23.plesk.page\/en\/wp-json\/wp\/v2\/media\/56396"}],"wp:attachment":[{"href":"https:\/\/wizardly-davinci.82-223-8-23.plesk.page\/en\/wp-json\/wp\/v2\/media?parent=56395"}],"wp:term":[{"taxonomy":"product_cat","embeddable":true,"href":"https:\/\/wizardly-davinci.82-223-8-23.plesk.page\/en\/wp-json\/wp\/v2\/product_cat?post=56395"},{"taxonomy":"product_tag","embeddable":true,"href":"https:\/\/wizardly-davinci.82-223-8-23.plesk.page\/en\/wp-json\/wp\/v2\/product_tag?post=56395"},{"taxonomy":"edicion","embeddable":true,"href":"https:\/\/wizardly-davinci.82-223-8-23.plesk.page\/en\/wp-json\/wp\/v2\/edicion?post=56395"},{"taxonomy":"editoriales","embeddable":true,"href":"https:\/\/wizardly-davinci.82-223-8-23.plesk.page\/en\/wp-json\/wp\/v2\/editoriales?post=56395"},{"taxonomy":"tienda","embeddable":true,"href":"https:\/\/wizardly-davinci.82-223-8-23.plesk.page\/en\/wp-json\/wp\/v2\/tienda?post=56395"},{"taxonomy":"autor_id","embeddable":true,"href":"https:\/\/wizardly-davinci.82-223-8-23.plesk.page\/en\/wp-json\/wp\/v2\/autor_id?post=56395"},{"taxonomy":"universidades_coeditoras","embeddable":true,"href":"https:\/\/wizardly-davinci.82-223-8-23.plesk.page\/en\/wp-json\/wp\/v2\/universidades_coeditoras?post=56395"},{"taxonomy":"palabras_clave","embeddable":true,"href":"https:\/\/wizardly-davinci.82-223-8-23.plesk.page\/en\/wp-json\/wp\/v2\/palabras_clave?post=56395"},{"taxonomy":"listado_alfabetico","embeddable":true,"href":"https:\/\/wizardly-davinci.82-223-8-23.plesk.page\/en\/wp-json\/wp\/v2\/listado_alfabetico?post=56395"}],"curies":[{"name":"wp","href":"https:\/\/api.w.org\/{rel}","templated":true}]}}