{"id":56405,"date":"2019-04-09T23:46:20","date_gmt":"2019-04-09T21:46:20","guid":{"rendered":"https:\/\/octaedro.com\/libro\/cultura-en-la-diversidad\/"},"modified":"2023-02-22T13:41:54","modified_gmt":"2023-02-22T12:41:54","slug":"cultura-en-la-diversidad-2","status":"publish","type":"product","link":"https:\/\/wizardly-davinci.82-223-8-23.plesk.page\/en\/producto\/cultura-en-la-diversidad-2\/","title":{"rendered":"Cultura en la diversidad"},"content":{"rendered":"<p>Constituye este libro un riguroso trabajo de investigaci\u00f3n interuniversitaria en el que se ofrecen conocimientos profundos y precisos para entender y atender a la \u00abcultura de la diversidad\u00bb. Consideramos la diversidad como <strong>enriquecimiento cultural<\/strong>, y, por ende, la estudiamos desde sus m\u00faltiples manifestaciones. Teniendo en cuenta el escenario social y educativo en que vivimos, as\u00ed como la demanda de estudios por parte de docentes que deben abordar la <strong>atenci\u00f3n a la diversidad<\/strong> desde el \u00e1mbito de la did\u00e1ctica de la lengua y literatura en los niveles de la ense\u00f1anza obligatoria (Primaria y Secundaria), la presente obra no solo completa la laguna existente en este \u00e1mbito, sino que la enriquece con numerosas contribuciones te\u00f3ricas, legislativas, reflexiones e innovadoras aportaciones (m\u00e9todos, estrategias de ense\u00f1anza y recursos) de casi una veintena de reconocidos especialistas en esta \u00e1rea de conocimiento. Los autores, profesores universitarios que aportan sus conocimientos y su experiencia constatada en este campo, parten de un recorrido hist\u00f3rico y legislativo sobre el tema, abordan cuestiones de educaci\u00f3n ling\u00fc\u00edstica y tratan aspectos que ata\u00f1en a la educaci\u00f3n literaria, siempre desde la perspectiva de la atenci\u00f3n a la diversidad.<\/p>\n","protected":false},"excerpt":{"rendered":"<p>Constituye este libro un riguroso trabajo de investigaci\u00f3n interuniversitaria en el que se ofrecen conocimientos profundos y precisos para entender y atender a la \u00abcultura de la diversidad\u00bb. Consideramos la diversidad como <strong>enriquecimiento cultural<\/strong>, y, por ende, la estudiamos desde sus m\u00faltiples manifestaciones. Teniendo en cuenta el escenario social y educativo en que vivimos, as\u00ed como la demanda de estudios por parte de docentes que deben abordar la <strong>atenci\u00f3n a la diversidad<\/strong> desde el \u00e1mbito de la did\u00e1ctica de la lengua y literatura en los niveles de la ense\u00f1anza obligatoria (Primaria y Secundaria), la presente obra no solo completa la laguna existente en este \u00e1mbito, sino que la enriquece con numerosas contribuciones te\u00f3ricas, legislativas, reflexiones e innovadoras aportaciones (m\u00e9todos, estrategias de ense\u00f1anza y recursos) de casi una veintena de reconocidos especialistas en esta \u00e1rea de conocimiento. Los autores, profesores universitarios que aportan sus conocimientos y su experiencia constatada en este campo, parten de un recorrido hist\u00f3rico y legislativo sobre el tema, abordan cuestiones de educaci\u00f3n ling\u00fc\u00edstica y tratan aspectos que ata\u00f1en a la educaci\u00f3n literaria, siempre desde la perspectiva de la atenci\u00f3n a la diversidad.<\/p>\n","protected":false},"featured_media":56406,"comment_status":"open","ping_status":"closed","template":"","meta":{"_et_pb_use_builder":"","_et_pb_old_content":"","_et_gb_content_width":""},"product_cat":[11858,11907],"product_tag":[],"edicion":[],"editoriales":[11867],"tienda":[],"autor_id":[14107],"universidades_coeditoras":[],"palabras_clave":[],"listado_alfabetico":[],"acf":[],"_links":{"self":[{"href":"https:\/\/wizardly-davinci.82-223-8-23.plesk.page\/en\/wp-json\/wp\/v2\/product\/56405"}],"collection":[{"href":"https:\/\/wizardly-davinci.82-223-8-23.plesk.page\/en\/wp-json\/wp\/v2\/product"}],"about":[{"href":"https:\/\/wizardly-davinci.82-223-8-23.plesk.page\/en\/wp-json\/wp\/v2\/types\/product"}],"replies":[{"embeddable":true,"href":"https:\/\/wizardly-davinci.82-223-8-23.plesk.page\/en\/wp-json\/wp\/v2\/comments?post=56405"}],"wp:featuredmedia":[{"embeddable":true,"href":"https:\/\/wizardly-davinci.82-223-8-23.plesk.page\/en\/wp-json\/wp\/v2\/media\/56406"}],"wp:attachment":[{"href":"https:\/\/wizardly-davinci.82-223-8-23.plesk.page\/en\/wp-json\/wp\/v2\/media?parent=56405"}],"wp:term":[{"taxonomy":"product_cat","embeddable":true,"href":"https:\/\/wizardly-davinci.82-223-8-23.plesk.page\/en\/wp-json\/wp\/v2\/product_cat?post=56405"},{"taxonomy":"product_tag","embeddable":true,"href":"https:\/\/wizardly-davinci.82-223-8-23.plesk.page\/en\/wp-json\/wp\/v2\/product_tag?post=56405"},{"taxonomy":"edicion","embeddable":true,"href":"https:\/\/wizardly-davinci.82-223-8-23.plesk.page\/en\/wp-json\/wp\/v2\/edicion?post=56405"},{"taxonomy":"editoriales","embeddable":true,"href":"https:\/\/wizardly-davinci.82-223-8-23.plesk.page\/en\/wp-json\/wp\/v2\/editoriales?post=56405"},{"taxonomy":"tienda","embeddable":true,"href":"https:\/\/wizardly-davinci.82-223-8-23.plesk.page\/en\/wp-json\/wp\/v2\/tienda?post=56405"},{"taxonomy":"autor_id","embeddable":true,"href":"https:\/\/wizardly-davinci.82-223-8-23.plesk.page\/en\/wp-json\/wp\/v2\/autor_id?post=56405"},{"taxonomy":"universidades_coeditoras","embeddable":true,"href":"https:\/\/wizardly-davinci.82-223-8-23.plesk.page\/en\/wp-json\/wp\/v2\/universidades_coeditoras?post=56405"},{"taxonomy":"palabras_clave","embeddable":true,"href":"https:\/\/wizardly-davinci.82-223-8-23.plesk.page\/en\/wp-json\/wp\/v2\/palabras_clave?post=56405"},{"taxonomy":"listado_alfabetico","embeddable":true,"href":"https:\/\/wizardly-davinci.82-223-8-23.plesk.page\/en\/wp-json\/wp\/v2\/listado_alfabetico?post=56405"}],"curies":[{"name":"wp","href":"https:\/\/api.w.org\/{rel}","templated":true}]}}