{"id":56457,"date":"2022-03-08T16:21:25","date_gmt":"2022-03-08T16:21:25","guid":{"rendered":"https:\/\/octaedro.com\/libro\/historia-de-lart-medieval\/"},"modified":"2023-02-22T13:41:54","modified_gmt":"2023-02-22T12:41:54","slug":"historia-de-lart-medieval-2","status":"publish","type":"product","link":"https:\/\/wizardly-davinci.82-223-8-23.plesk.page\/en\/producto\/historia-de-lart-medieval-2\/","title":{"rendered":"Hist\u00f2ria de l&#8217;Art Medieval"},"content":{"rendered":"","protected":false},"excerpt":{"rendered":"<p>Aquest volum presenta materials imprescindibles per explicar, treballar i estudiar cadascuna de les 19 obres del per\u00edode medieval que formen part del temari de la mat\u00e8ria d\u2019Hist\u00f2ria de l\u2019Art de segon de Batxillerat. A m\u00e9s d\u2019una an\u00e0lisi historicoart\u00edstica comprensible, rigorosa i actualitzada, incloent-hi la informaci\u00f3 m\u00e9s rellevant i les refer\u00e8ncies bibliogr\u00e0fiques m\u00e9s recents, l\u2019usuari (ja sigui docent o estudiant) hi trobar\u00e0 una s\u00e8rie d\u2019activitats, creatives i transversals, que han estat formulades tenint en compte les compet\u00e8ncies (generals de Batxillerat i espec\u00edfiques de la mat\u00e8ria), els objectius, els continguts i les activitats d\u2019avaluaci\u00f3 que determina el Decret 142\/2008. Per\u00f2 tamb\u00e9 en la l\u00ednia de les noves propostes competencials de la LOMLOE. Aquests materials s\u2019han dissenyat perqu\u00e8 al professorat li resulti f\u00e0cil utilitzar-los i implementar-los en les seves programacions (tant en la general de l\u2019assignatura com en la de l\u2019aula) i perqu\u00e8 a l\u2019alumnat l\u2019estudi d\u2019aquesta disciplina li sigui atractiu i estimulant.<\/p>\n","protected":false},"featured_media":56225,"comment_status":"open","ping_status":"closed","template":"","meta":{"_et_pb_use_builder":"","_et_pb_old_content":"","_et_gb_content_width":""},"product_cat":[11899,11913],"product_tag":[11890],"edicion":[12178],"editoriales":[11867],"tienda":[],"autor_id":[20422,20426,20423],"universidades_coeditoras":[],"palabras_clave":[],"listado_alfabetico":[],"acf":[],"_links":{"self":[{"href":"https:\/\/wizardly-davinci.82-223-8-23.plesk.page\/en\/wp-json\/wp\/v2\/product\/56457"}],"collection":[{"href":"https:\/\/wizardly-davinci.82-223-8-23.plesk.page\/en\/wp-json\/wp\/v2\/product"}],"about":[{"href":"https:\/\/wizardly-davinci.82-223-8-23.plesk.page\/en\/wp-json\/wp\/v2\/types\/product"}],"replies":[{"embeddable":true,"href":"https:\/\/wizardly-davinci.82-223-8-23.plesk.page\/en\/wp-json\/wp\/v2\/comments?post=56457"}],"wp:featuredmedia":[{"embeddable":true,"href":"https:\/\/wizardly-davinci.82-223-8-23.plesk.page\/en\/wp-json\/wp\/v2\/media\/56225"}],"wp:attachment":[{"href":"https:\/\/wizardly-davinci.82-223-8-23.plesk.page\/en\/wp-json\/wp\/v2\/media?parent=56457"}],"wp:term":[{"taxonomy":"product_cat","embeddable":true,"href":"https:\/\/wizardly-davinci.82-223-8-23.plesk.page\/en\/wp-json\/wp\/v2\/product_cat?post=56457"},{"taxonomy":"product_tag","embeddable":true,"href":"https:\/\/wizardly-davinci.82-223-8-23.plesk.page\/en\/wp-json\/wp\/v2\/product_tag?post=56457"},{"taxonomy":"edicion","embeddable":true,"href":"https:\/\/wizardly-davinci.82-223-8-23.plesk.page\/en\/wp-json\/wp\/v2\/edicion?post=56457"},{"taxonomy":"editoriales","embeddable":true,"href":"https:\/\/wizardly-davinci.82-223-8-23.plesk.page\/en\/wp-json\/wp\/v2\/editoriales?post=56457"},{"taxonomy":"tienda","embeddable":true,"href":"https:\/\/wizardly-davinci.82-223-8-23.plesk.page\/en\/wp-json\/wp\/v2\/tienda?post=56457"},{"taxonomy":"autor_id","embeddable":true,"href":"https:\/\/wizardly-davinci.82-223-8-23.plesk.page\/en\/wp-json\/wp\/v2\/autor_id?post=56457"},{"taxonomy":"universidades_coeditoras","embeddable":true,"href":"https:\/\/wizardly-davinci.82-223-8-23.plesk.page\/en\/wp-json\/wp\/v2\/universidades_coeditoras?post=56457"},{"taxonomy":"palabras_clave","embeddable":true,"href":"https:\/\/wizardly-davinci.82-223-8-23.plesk.page\/en\/wp-json\/wp\/v2\/palabras_clave?post=56457"},{"taxonomy":"listado_alfabetico","embeddable":true,"href":"https:\/\/wizardly-davinci.82-223-8-23.plesk.page\/en\/wp-json\/wp\/v2\/listado_alfabetico?post=56457"}],"curies":[{"name":"wp","href":"https:\/\/api.w.org\/{rel}","templated":true}]}}