{"id":56458,"date":"2019-04-09T23:46:20","date_gmt":"2019-04-09T21:46:20","guid":{"rendered":"https:\/\/octaedro.com\/libro\/realidad-aumentada-y-educacion\/"},"modified":"2023-02-22T13:41:54","modified_gmt":"2023-02-22T12:41:54","slug":"realidad-aumentada-y-educacion-2","status":"publish","type":"product","link":"https:\/\/wizardly-davinci.82-223-8-23.plesk.page\/en\/producto\/realidad-aumentada-y-educacion-2\/","title":{"rendered":"Realidad aumentada y educaci\u00f3n"},"content":{"rendered":"<p>Esta obra, realizada por profesores de la Universidad de Sevilla, la Universidad de M\u00e1laga y la Universidad Pablo de Olavide de Sevilla, nace con la intenci\u00f3n de ofrecer a los profesionales de la educaci\u00f3n una visi\u00f3n hol\u00edstica, actual y pr\u00e1ctica de la realidad aumentada (RA) (Augmented Reality) como una nueva tendencia tecnosocial emergente, eficaz en contextos formativos.<br \/>\nA trav\u00e9s de diferentes cap\u00edtulos se contempla un marco teoricopr\u00e1ctico expl\u00edcito que puede utilizar el docente en su desarrollo profesional y aplicarlo en su praxis educativa para mejorar los procesos de ense\u00f1anza y aprendizaje en \u00e1mbitos h\u00edbridos educativos.<br \/>\nEn este sentido, desde un lenguaje directo y comprensivo, sin menoscabo de su calidad cient\u00edfica, se vislumbra la aproximaci\u00f3n conceptual a la realidad aumentada, experiencias educativas y ejemplos de entornos did\u00e1cticos aumentados en \u00e1mbitos no universitarios y en la educaci\u00f3n universitaria. En el ocaso de la obra se cristaliza el proyecto innovador RAFODIUM, \u00fanico en el \u00e1mbito nacional, que surge con el objeto de analizar las posibilidades que la RA tiene para la formaci\u00f3n.<br \/>\nEstamos ante una obra de gran rigor cient\u00edfico e inter\u00e9s did\u00e1ctico, que sirve como manual de referencia para la formaci\u00f3n e innovaci\u00f3n educativa; dirigido a cualquier profesional de la educaci\u00f3n preocupado por promover, reflexionar e indagar en los aspectos teoricopr\u00e1cticos de la realidad aumentada para la g\u00e9nesis de procesos de innovaci\u00f3n curricular en sus aulas aumentadas.<\/p>\n","protected":false},"excerpt":{"rendered":"<p>Esta obra, realizada por profesores de la Universidad de Sevilla, la Universidad de M\u00e1laga y la Universidad Pablo de Olavide de Sevilla, nace con la intenci\u00f3n de ofrecer a los profesionales de la educaci\u00f3n una visi\u00f3n hol\u00edstica, actual y pr\u00e1ctica de la realidad aumentada (RA) (Augmented Reality) como una nueva tendencia tecnosocial emergente, eficaz en contextos formativos.<br \/>\nA trav\u00e9s de diferentes cap\u00edtulos se contempla un marco teoricopr\u00e1ctico expl\u00edcito que puede utilizar el docente en su desarrollo profesional y aplicarlo en su praxis educativa para mejorar los procesos de ense\u00f1anza y aprendizaje en \u00e1mbitos h\u00edbridos educativos.<br \/>\nEn este sentido, desde un lenguaje directo y comprensivo, sin menoscabo de su calidad cient\u00edfica, se vislumbra la aproximaci\u00f3n conceptual a la realidad aumentada, experiencias educativas y ejemplos de entornos did\u00e1cticos aumentados en \u00e1mbitos no universitarios y en la educaci\u00f3n universitaria. En el ocaso de la obra se cristaliza el proyecto innovador RAFODIUM, \u00fanico en el \u00e1mbito nacional, que surge con el objeto de analizar las posibilidades que la RA tiene para la formaci\u00f3n.<br \/>\nEstamos ante una obra de gran rigor cient\u00edfico e inter\u00e9s did\u00e1ctico, que sirve como manual de referencia para la formaci\u00f3n e innovaci\u00f3n educativa; dirigido a cualquier profesional de la educaci\u00f3n preocupado por promover, reflexionar e indagar en los aspectos teoricopr\u00e1cticos de la realidad aumentada para la g\u00e9nesis de procesos de innovaci\u00f3n curricular en sus aulas aumentadas.<\/p>\n","protected":false},"featured_media":56459,"comment_status":"open","ping_status":"closed","template":"","meta":{"_et_pb_use_builder":"","_et_pb_old_content":"","_et_gb_content_width":""},"product_cat":[11899,11858,11859,11912,11907],"product_tag":[11892],"edicion":[12199,11865],"editoriales":[11867],"tienda":[],"autor_id":[13833,13874,12492,12387,19112],"universidades_coeditoras":[12270],"palabras_clave":[],"listado_alfabetico":[],"acf":[],"_links":{"self":[{"href":"https:\/\/wizardly-davinci.82-223-8-23.plesk.page\/en\/wp-json\/wp\/v2\/product\/56458"}],"collection":[{"href":"https:\/\/wizardly-davinci.82-223-8-23.plesk.page\/en\/wp-json\/wp\/v2\/product"}],"about":[{"href":"https:\/\/wizardly-davinci.82-223-8-23.plesk.page\/en\/wp-json\/wp\/v2\/types\/product"}],"replies":[{"embeddable":true,"href":"https:\/\/wizardly-davinci.82-223-8-23.plesk.page\/en\/wp-json\/wp\/v2\/comments?post=56458"}],"wp:featuredmedia":[{"embeddable":true,"href":"https:\/\/wizardly-davinci.82-223-8-23.plesk.page\/en\/wp-json\/wp\/v2\/media\/56459"}],"wp:attachment":[{"href":"https:\/\/wizardly-davinci.82-223-8-23.plesk.page\/en\/wp-json\/wp\/v2\/media?parent=56458"}],"wp:term":[{"taxonomy":"product_cat","embeddable":true,"href":"https:\/\/wizardly-davinci.82-223-8-23.plesk.page\/en\/wp-json\/wp\/v2\/product_cat?post=56458"},{"taxonomy":"product_tag","embeddable":true,"href":"https:\/\/wizardly-davinci.82-223-8-23.plesk.page\/en\/wp-json\/wp\/v2\/product_tag?post=56458"},{"taxonomy":"edicion","embeddable":true,"href":"https:\/\/wizardly-davinci.82-223-8-23.plesk.page\/en\/wp-json\/wp\/v2\/edicion?post=56458"},{"taxonomy":"editoriales","embeddable":true,"href":"https:\/\/wizardly-davinci.82-223-8-23.plesk.page\/en\/wp-json\/wp\/v2\/editoriales?post=56458"},{"taxonomy":"tienda","embeddable":true,"href":"https:\/\/wizardly-davinci.82-223-8-23.plesk.page\/en\/wp-json\/wp\/v2\/tienda?post=56458"},{"taxonomy":"autor_id","embeddable":true,"href":"https:\/\/wizardly-davinci.82-223-8-23.plesk.page\/en\/wp-json\/wp\/v2\/autor_id?post=56458"},{"taxonomy":"universidades_coeditoras","embeddable":true,"href":"https:\/\/wizardly-davinci.82-223-8-23.plesk.page\/en\/wp-json\/wp\/v2\/universidades_coeditoras?post=56458"},{"taxonomy":"palabras_clave","embeddable":true,"href":"https:\/\/wizardly-davinci.82-223-8-23.plesk.page\/en\/wp-json\/wp\/v2\/palabras_clave?post=56458"},{"taxonomy":"listado_alfabetico","embeddable":true,"href":"https:\/\/wizardly-davinci.82-223-8-23.plesk.page\/en\/wp-json\/wp\/v2\/listado_alfabetico?post=56458"}],"curies":[{"name":"wp","href":"https:\/\/api.w.org\/{rel}","templated":true}]}}