{"id":56460,"date":"2019-04-09T23:46:19","date_gmt":"2019-04-09T21:46:19","guid":{"rendered":"https:\/\/octaedro.com\/libro\/tecnologia-innovacion-e-investigacion-en-los-procesos-de-ensenanza-aprendizaje\/"},"modified":"2023-02-22T13:41:54","modified_gmt":"2023-02-22T12:41:54","slug":"tecnologia-innovacion-e-investigacion-en-los-procesos-de-ensenanza-aprendizaje-2","status":"publish","type":"product","link":"https:\/\/wizardly-davinci.82-223-8-23.plesk.page\/en\/producto\/tecnologia-innovacion-e-investigacion-en-los-procesos-de-ensenanza-aprendizaje-2\/","title":{"rendered":"Tecnolog\u00eda, innovaci\u00f3n e investigaci\u00f3n en los procesos de ense\u00f1anza-aprendizaje"},"content":{"rendered":"<p><strong>Este libro ha ganado el <\/strong> <strong><a href=\"%22https:\/\/www.unisob.na.it\/ateneo\/c010_b.htm?vr=1%22\"><strong> PREMIO INTERNAZIONALE FRANCESCO SAVERIO NITTI PER IL MEDITERRANEO 2017 <\/strong><\/a><\/strong>  <strong> (N\u00e1poles, Italia). El acta de concesi\u00f3n del mismo valora que <\/strong> <em> <strong> &#8220;Il volume si configura come un&#8217; originale e pregevole riflessione sul rapporto tra tecnologia, innovazione e ricerca nel processo di insegnamento-apprendimento. [&#8230;] Attraverso i contributi di una ampia comunit\u00e0 scientifica e accademica internazionale, l&#8217;opera si propone come strumento [&#8230;] di grande rilievo ed un&#8217;accurata riflessione educativa inestando sulla tradizione epistemologica consolidata le pi\u00f9 recenti metodologie d&#8217;indagine e il dialogo costante con altre aree disciplinari per promuovere il rinnovamento della ricerca nel settore delle nuove tecnologie.&#8221; <\/strong> <\/em><\/p>\n<p>El libro pretende mostrar un compendio de aportaciones en torno a la tecnolog\u00eda, innovaci\u00f3n e investigaci\u00f3n en los procesos de ense\u00f1anza-aprendizaje, de ah\u00ed su t\u00edtulo. Desde diversos contextos educativos, los autores respectivos de cada cap\u00edtulo dan a conocer las posibilidades que ofrecen las Tecnolog\u00edas de la Informaci\u00f3n y la Comunicaci\u00f3n [TIC] con respecto al dise\u00f1o y desarrollo de nuevos escenarios de ense\u00f1anza-aprendizaje.<\/p>\n<p>Cabe considerar que las TIC deben asentarse en fundamentos pedag\u00f3gicos cuando se trate de perfilar las caracter\u00edsticas de dichos escenarios educativos. As\u00ed, se podr\u00e1n mostrar reflexiones, innovaciones e investigaciones que a\u00f1adan nuevos significados al conocimiento. En este sentido, las aportaciones de este libro se estructuran en cuatro grandes bloques tem\u00e1ticos: Innovaci\u00f3n Educativa, Investigaci\u00f3n Cient\u00edfica en Tecnolog\u00eda Educativa, Pol\u00edticas Educativas y de Investigaci\u00f3n, y Escenarios de aprendizaje basados en TIC.<\/p>\n<p>Se trata de cuatro pilares en los cuales consideramos debe fundamentarse el aporte de investigaci\u00f3n, desarrollo e innovaci\u00f3n que este libro contiene a fin de responder a las exigencias educativas del siglo XXI.<\/p>\n","protected":false},"excerpt":{"rendered":"<p><strong>Este libro ha ganado el <\/strong> <strong><a href=\"%22https:\/\/www.unisob.na.it\/ateneo\/c010_b.htm?vr=1%22\"><strong> PREMIO INTERNAZIONALE FRANCESCO SAVERIO NITTI PER IL MEDITERRANEO 2017 <\/strong><\/a><\/strong>  <strong> (N\u00e1poles, Italia). El acta de concesi\u00f3n del mismo valora que <\/strong> <em> <strong> &#8220;Il volume si configura come un&#8217; originale e pregevole riflessione sul rapporto tra tecnologia, innovazione e ricerca nel processo di insegnamento-apprendimento. [&#8230;] Attraverso i contributi di una ampia comunit\u00e0 scientifica e accademica internazionale, l&#8217;opera si propone come strumento [&#8230;] di grande rilievo ed un&#8217;accurata riflessione educativa inestando sulla tradizione epistemologica consolidata le pi\u00f9 recenti metodologie d&#8217;indagine e il dialogo costante con altre aree disciplinari per promuovere il rinnovamento della ricerca nel settore delle nuove tecnologie.&#8221; <\/strong> <\/em><\/p>\n<p>El libro pretende mostrar un compendio de aportaciones en torno a la tecnolog\u00eda, innovaci\u00f3n e investigaci\u00f3n en los procesos de ense\u00f1anza-aprendizaje, de ah\u00ed su t\u00edtulo. Desde diversos contextos educativos, los autores respectivos de cada cap\u00edtulo dan a conocer las posibilidades que ofrecen las Tecnolog\u00edas de la Informaci\u00f3n y la Comunicaci\u00f3n [TIC] con respecto al dise\u00f1o y desarrollo de nuevos escenarios de ense\u00f1anza-aprendizaje.<\/p>\n<p>Cabe considerar que las TIC deben asentarse en fundamentos pedag\u00f3gicos cuando se trate de perfilar las caracter\u00edsticas de dichos escenarios educativos. As\u00ed, se podr\u00e1n mostrar reflexiones, innovaciones e investigaciones que a\u00f1adan nuevos significados al conocimiento. En este sentido, las aportaciones de este libro se estructuran en cuatro grandes bloques tem\u00e1ticos: Innovaci\u00f3n Educativa, Investigaci\u00f3n Cient\u00edfica en Tecnolog\u00eda Educativa, Pol\u00edticas Educativas y de Investigaci\u00f3n, y Escenarios de aprendizaje basados en TIC.<\/p>\n<p>Se trata de cuatro pilares en los cuales consideramos debe fundamentarse el aporte de investigaci\u00f3n, desarrollo e innovaci\u00f3n que este libro contiene a fin de responder a las exigencias educativas del siglo XXI.<\/p>\n","protected":false},"featured_media":56461,"comment_status":"open","ping_status":"closed","template":"","meta":{"_et_pb_use_builder":"","_et_pb_old_content":"","_et_gb_content_width":""},"product_cat":[11913,11900,11907],"product_tag":[11887],"edicion":[12178],"editoriales":[11867],"tienda":[],"autor_id":[19841],"universidades_coeditoras":[14892],"palabras_clave":[],"listado_alfabetico":[],"acf":[],"_links":{"self":[{"href":"https:\/\/wizardly-davinci.82-223-8-23.plesk.page\/en\/wp-json\/wp\/v2\/product\/56460"}],"collection":[{"href":"https:\/\/wizardly-davinci.82-223-8-23.plesk.page\/en\/wp-json\/wp\/v2\/product"}],"about":[{"href":"https:\/\/wizardly-davinci.82-223-8-23.plesk.page\/en\/wp-json\/wp\/v2\/types\/product"}],"replies":[{"embeddable":true,"href":"https:\/\/wizardly-davinci.82-223-8-23.plesk.page\/en\/wp-json\/wp\/v2\/comments?post=56460"}],"wp:featuredmedia":[{"embeddable":true,"href":"https:\/\/wizardly-davinci.82-223-8-23.plesk.page\/en\/wp-json\/wp\/v2\/media\/56461"}],"wp:attachment":[{"href":"https:\/\/wizardly-davinci.82-223-8-23.plesk.page\/en\/wp-json\/wp\/v2\/media?parent=56460"}],"wp:term":[{"taxonomy":"product_cat","embeddable":true,"href":"https:\/\/wizardly-davinci.82-223-8-23.plesk.page\/en\/wp-json\/wp\/v2\/product_cat?post=56460"},{"taxonomy":"product_tag","embeddable":true,"href":"https:\/\/wizardly-davinci.82-223-8-23.plesk.page\/en\/wp-json\/wp\/v2\/product_tag?post=56460"},{"taxonomy":"edicion","embeddable":true,"href":"https:\/\/wizardly-davinci.82-223-8-23.plesk.page\/en\/wp-json\/wp\/v2\/edicion?post=56460"},{"taxonomy":"editoriales","embeddable":true,"href":"https:\/\/wizardly-davinci.82-223-8-23.plesk.page\/en\/wp-json\/wp\/v2\/editoriales?post=56460"},{"taxonomy":"tienda","embeddable":true,"href":"https:\/\/wizardly-davinci.82-223-8-23.plesk.page\/en\/wp-json\/wp\/v2\/tienda?post=56460"},{"taxonomy":"autor_id","embeddable":true,"href":"https:\/\/wizardly-davinci.82-223-8-23.plesk.page\/en\/wp-json\/wp\/v2\/autor_id?post=56460"},{"taxonomy":"universidades_coeditoras","embeddable":true,"href":"https:\/\/wizardly-davinci.82-223-8-23.plesk.page\/en\/wp-json\/wp\/v2\/universidades_coeditoras?post=56460"},{"taxonomy":"palabras_clave","embeddable":true,"href":"https:\/\/wizardly-davinci.82-223-8-23.plesk.page\/en\/wp-json\/wp\/v2\/palabras_clave?post=56460"},{"taxonomy":"listado_alfabetico","embeddable":true,"href":"https:\/\/wizardly-davinci.82-223-8-23.plesk.page\/en\/wp-json\/wp\/v2\/listado_alfabetico?post=56460"}],"curies":[{"name":"wp","href":"https:\/\/api.w.org\/{rel}","templated":true}]}}