{"id":56463,"date":"2019-04-09T23:46:19","date_gmt":"2019-04-09T21:46:19","guid":{"rendered":"https:\/\/octaedro.com\/libro\/educacion-y-tecnologia\/"},"modified":"2023-02-22T13:41:54","modified_gmt":"2023-02-22T12:41:54","slug":"educacion-y-tecnologia-2","status":"publish","type":"product","link":"https:\/\/wizardly-davinci.82-223-8-23.plesk.page\/en\/producto\/educacion-y-tecnologia-2\/","title":{"rendered":"EDUcaci\u00f3n y TECnolog\u00eda"},"content":{"rendered":"<p>La Educaci\u00f3n es una de las piedras angulares de la sociedad. En este sentido, las Tecnolog\u00edas de la Informaci\u00f3n y la Comunicaci\u00f3n [TIC] aportan, junto con otras posibilidades y conocimientos, el caudal de una herc\u00falea musculatura inform\u00e1tica, con capacidades potent\u00edsimas y casi inagotables de procesamiento, relaci\u00f3n, acceso, conectividad, transferencia, comunicaci\u00f3n y gesti\u00f3n en el \u00e1mbito educativo. Asimismo, las TIC deben asentarse pedag\u00f3gicamente en el dise\u00f1o y desarrollo de escenarios de aprendizaje.<\/p>\n<p>Este libro contiene diversos planteamientos para poder responder a las necesidades que generan tales escenarios. Se trata de propuestas y respuestas que se estructuran en cuatro grandes bloques tem\u00e1ticos: Innovaci\u00f3n Educativa, Investigaci\u00f3n Cient\u00edfica en Tecnolog\u00eda Educativa, Pol\u00edticas Educativas y de Investigaci\u00f3n, y Escenarios de aprendizaje basados en TIC.<\/p>\n<p>Estos cuatro grandes bloques son cuatro pilares sobre los que fundamentar el aporte de investigaci\u00f3n, desarrollo e innovaci\u00f3n que este libro contiene a fin de proponer referencias seguras para responder a los retos a los que debe enfrentarse la Tecnolog\u00eda Educativa del siglo XXI.<\/p>\n<p><a href=\"%22https:\/\/wizardly-davinci.82-223-8-23.plesk.page\/pdf\/16086-EduTec.pdf%22\">Descarga gratuita en formato e-PDF<\/a><\/p>\n","protected":false},"excerpt":{"rendered":"<p>La Educaci\u00f3n es una de las piedras angulares de la sociedad. En este sentido, las Tecnolog\u00edas de la Informaci\u00f3n y la Comunicaci\u00f3n [TIC] aportan, junto con otras posibilidades y conocimientos, el caudal de una herc\u00falea musculatura inform\u00e1tica, con capacidades potent\u00edsimas y casi inagotables de procesamiento, relaci\u00f3n, acceso, conectividad, transferencia, comunicaci\u00f3n y gesti\u00f3n en el \u00e1mbito educativo. Asimismo, las TIC deben asentarse pedag\u00f3gicamente en el dise\u00f1o y desarrollo de escenarios de aprendizaje.<\/p>\n<p>Este libro contiene diversos planteamientos para poder responder a las necesidades que generan tales escenarios. Se trata de propuestas y respuestas que se estructuran en cuatro grandes bloques tem\u00e1ticos: Innovaci\u00f3n Educativa, Investigaci\u00f3n Cient\u00edfica en Tecnolog\u00eda Educativa, Pol\u00edticas Educativas y de Investigaci\u00f3n, y Escenarios de aprendizaje basados en TIC.<\/p>\n<p>Estos cuatro grandes bloques son cuatro pilares sobre los que fundamentar el aporte de investigaci\u00f3n, desarrollo e innovaci\u00f3n que este libro contiene a fin de proponer referencias seguras para responder a los retos a los que debe enfrentarse la Tecnolog\u00eda Educativa del siglo XXI.<\/p>\n<p><a href=\"%22https:\/\/wizardly-davinci.82-223-8-23.plesk.page\/pdf\/16086-EduTec.pdf%22\">Descarga gratuita en formato e-PDF<\/a><\/p>\n","protected":false},"featured_media":56464,"comment_status":"open","ping_status":"closed","template":"","meta":{"_et_pb_use_builder":"","_et_pb_old_content":"","_et_gb_content_width":""},"product_cat":[11913,11900,11907],"product_tag":[11887],"edicion":[12178],"editoriales":[11867],"tienda":[],"autor_id":[19841],"universidades_coeditoras":[14892],"palabras_clave":[],"listado_alfabetico":[],"acf":[],"_links":{"self":[{"href":"https:\/\/wizardly-davinci.82-223-8-23.plesk.page\/en\/wp-json\/wp\/v2\/product\/56463"}],"collection":[{"href":"https:\/\/wizardly-davinci.82-223-8-23.plesk.page\/en\/wp-json\/wp\/v2\/product"}],"about":[{"href":"https:\/\/wizardly-davinci.82-223-8-23.plesk.page\/en\/wp-json\/wp\/v2\/types\/product"}],"replies":[{"embeddable":true,"href":"https:\/\/wizardly-davinci.82-223-8-23.plesk.page\/en\/wp-json\/wp\/v2\/comments?post=56463"}],"wp:featuredmedia":[{"embeddable":true,"href":"https:\/\/wizardly-davinci.82-223-8-23.plesk.page\/en\/wp-json\/wp\/v2\/media\/56464"}],"wp:attachment":[{"href":"https:\/\/wizardly-davinci.82-223-8-23.plesk.page\/en\/wp-json\/wp\/v2\/media?parent=56463"}],"wp:term":[{"taxonomy":"product_cat","embeddable":true,"href":"https:\/\/wizardly-davinci.82-223-8-23.plesk.page\/en\/wp-json\/wp\/v2\/product_cat?post=56463"},{"taxonomy":"product_tag","embeddable":true,"href":"https:\/\/wizardly-davinci.82-223-8-23.plesk.page\/en\/wp-json\/wp\/v2\/product_tag?post=56463"},{"taxonomy":"edicion","embeddable":true,"href":"https:\/\/wizardly-davinci.82-223-8-23.plesk.page\/en\/wp-json\/wp\/v2\/edicion?post=56463"},{"taxonomy":"editoriales","embeddable":true,"href":"https:\/\/wizardly-davinci.82-223-8-23.plesk.page\/en\/wp-json\/wp\/v2\/editoriales?post=56463"},{"taxonomy":"tienda","embeddable":true,"href":"https:\/\/wizardly-davinci.82-223-8-23.plesk.page\/en\/wp-json\/wp\/v2\/tienda?post=56463"},{"taxonomy":"autor_id","embeddable":true,"href":"https:\/\/wizardly-davinci.82-223-8-23.plesk.page\/en\/wp-json\/wp\/v2\/autor_id?post=56463"},{"taxonomy":"universidades_coeditoras","embeddable":true,"href":"https:\/\/wizardly-davinci.82-223-8-23.plesk.page\/en\/wp-json\/wp\/v2\/universidades_coeditoras?post=56463"},{"taxonomy":"palabras_clave","embeddable":true,"href":"https:\/\/wizardly-davinci.82-223-8-23.plesk.page\/en\/wp-json\/wp\/v2\/palabras_clave?post=56463"},{"taxonomy":"listado_alfabetico","embeddable":true,"href":"https:\/\/wizardly-davinci.82-223-8-23.plesk.page\/en\/wp-json\/wp\/v2\/listado_alfabetico?post=56463"}],"curies":[{"name":"wp","href":"https:\/\/api.w.org\/{rel}","templated":true}]}}