{"id":56466,"date":"2019-04-09T23:46:18","date_gmt":"2019-04-09T21:46:18","guid":{"rendered":"https:\/\/octaedro.com\/libro\/el-desarrollo-de-las-habilidades-comunicativas-escritas-en-lengua-espanola\/"},"modified":"2023-02-22T13:41:54","modified_gmt":"2023-02-22T12:41:54","slug":"el-desarrollo-de-las-habilidades-comunicativas-escritas-en-lengua-espanola-2","status":"publish","type":"product","link":"https:\/\/wizardly-davinci.82-223-8-23.plesk.page\/en\/producto\/el-desarrollo-de-las-habilidades-comunicativas-escritas-en-lengua-espanola-2\/","title":{"rendered":"El desarrollo de las habilidades comunicativas escritas en lengua espa\u00f1ola"},"content":{"rendered":"<p>Se presenta en este libro una revisi\u00f3n sobre las principales metodolog\u00edas de ense\u00f1anza y aprendizaje de la lectura y la escritura en lengua espa\u00f1ola. Pretende constituir una investigaci\u00f3n acerca de los \u00faltimos avances cient\u00edficos en torno a esta cuesti\u00f3n, pero tambi\u00e9n un manual de consulta dirigido al profesorado y alumnado universitarios interesados en el proceso de adquisici\u00f3n de la lectura y la escritura, tanto desde una perspectiva cognitiva como conductual. Partimos de las teor\u00edas tradicionales acerca de la ense\u00f1anza de la lectura y la escritura, as\u00ed como de la interacci\u00f3n entre ambos procesos, para pasar por la revisi\u00f3n del concepto de alfabetizaci\u00f3n y sus diferentes fases de desarrollo, y ahondar en sus posibilidades de ense\u00f1anza desde una perspectiva cognitiva y sociocultural. Asimismo, se presentan algunas particularidades de este proceso respecto a la lengua inglesa y las principales dificultades que podemos observar en el desarrollo del mismo.<\/p>\n","protected":false},"excerpt":{"rendered":"<p>Se presenta en este libro una revisi\u00f3n sobre las principales metodolog\u00edas de ense\u00f1anza y aprendizaje de la lectura y la escritura en lengua espa\u00f1ola. Pretende constituir una investigaci\u00f3n acerca de los \u00faltimos avances cient\u00edficos en torno a esta cuesti\u00f3n, pero tambi\u00e9n un manual de consulta dirigido al profesorado y alumnado universitarios interesados en el proceso de adquisici\u00f3n de la lectura y la escritura, tanto desde una perspectiva cognitiva como conductual. Partimos de las teor\u00edas tradicionales acerca de la ense\u00f1anza de la lectura y la escritura, as\u00ed como de la interacci\u00f3n entre ambos procesos, para pasar por la revisi\u00f3n del concepto de alfabetizaci\u00f3n y sus diferentes fases de desarrollo, y ahondar en sus posibilidades de ense\u00f1anza desde una perspectiva cognitiva y sociocultural. Asimismo, se presentan algunas particularidades de este proceso respecto a la lengua inglesa y las principales dificultades que podemos observar en el desarrollo del mismo.<\/p>\n","protected":false},"featured_media":56467,"comment_status":"open","ping_status":"closed","template":"","meta":{"_et_pb_use_builder":"","_et_pb_old_content":"","_et_gb_content_width":""},"product_cat":[11858,11907],"product_tag":[11860],"edicion":[11865],"editoriales":[11867],"tienda":[],"autor_id":[12792],"universidades_coeditoras":[14897],"palabras_clave":[],"listado_alfabetico":[],"acf":[],"_links":{"self":[{"href":"https:\/\/wizardly-davinci.82-223-8-23.plesk.page\/en\/wp-json\/wp\/v2\/product\/56466"}],"collection":[{"href":"https:\/\/wizardly-davinci.82-223-8-23.plesk.page\/en\/wp-json\/wp\/v2\/product"}],"about":[{"href":"https:\/\/wizardly-davinci.82-223-8-23.plesk.page\/en\/wp-json\/wp\/v2\/types\/product"}],"replies":[{"embeddable":true,"href":"https:\/\/wizardly-davinci.82-223-8-23.plesk.page\/en\/wp-json\/wp\/v2\/comments?post=56466"}],"wp:featuredmedia":[{"embeddable":true,"href":"https:\/\/wizardly-davinci.82-223-8-23.plesk.page\/en\/wp-json\/wp\/v2\/media\/56467"}],"wp:attachment":[{"href":"https:\/\/wizardly-davinci.82-223-8-23.plesk.page\/en\/wp-json\/wp\/v2\/media?parent=56466"}],"wp:term":[{"taxonomy":"product_cat","embeddable":true,"href":"https:\/\/wizardly-davinci.82-223-8-23.plesk.page\/en\/wp-json\/wp\/v2\/product_cat?post=56466"},{"taxonomy":"product_tag","embeddable":true,"href":"https:\/\/wizardly-davinci.82-223-8-23.plesk.page\/en\/wp-json\/wp\/v2\/product_tag?post=56466"},{"taxonomy":"edicion","embeddable":true,"href":"https:\/\/wizardly-davinci.82-223-8-23.plesk.page\/en\/wp-json\/wp\/v2\/edicion?post=56466"},{"taxonomy":"editoriales","embeddable":true,"href":"https:\/\/wizardly-davinci.82-223-8-23.plesk.page\/en\/wp-json\/wp\/v2\/editoriales?post=56466"},{"taxonomy":"tienda","embeddable":true,"href":"https:\/\/wizardly-davinci.82-223-8-23.plesk.page\/en\/wp-json\/wp\/v2\/tienda?post=56466"},{"taxonomy":"autor_id","embeddable":true,"href":"https:\/\/wizardly-davinci.82-223-8-23.plesk.page\/en\/wp-json\/wp\/v2\/autor_id?post=56466"},{"taxonomy":"universidades_coeditoras","embeddable":true,"href":"https:\/\/wizardly-davinci.82-223-8-23.plesk.page\/en\/wp-json\/wp\/v2\/universidades_coeditoras?post=56466"},{"taxonomy":"palabras_clave","embeddable":true,"href":"https:\/\/wizardly-davinci.82-223-8-23.plesk.page\/en\/wp-json\/wp\/v2\/palabras_clave?post=56466"},{"taxonomy":"listado_alfabetico","embeddable":true,"href":"https:\/\/wizardly-davinci.82-223-8-23.plesk.page\/en\/wp-json\/wp\/v2\/listado_alfabetico?post=56466"}],"curies":[{"name":"wp","href":"https:\/\/api.w.org\/{rel}","templated":true}]}}