{"id":56473,"date":"2019-04-09T23:46:16","date_gmt":"2019-04-09T21:46:16","guid":{"rendered":"https:\/\/octaedro.com\/libro\/cine-deporte-y-genero\/"},"modified":"2023-02-22T13:41:54","modified_gmt":"2023-02-22T12:41:54","slug":"cine-deporte-y-genero-2","status":"publish","type":"product","link":"https:\/\/wizardly-davinci.82-223-8-23.plesk.page\/en\/producto\/cine-deporte-y-genero-2\/","title":{"rendered":"Cine, deporte y g\u00e9nero"},"content":{"rendered":"<p>\u00bfEn qu\u00e9 medida existen prejuicios sexistas en el deporte? \u00bfLas deportistas est\u00e1n discriminadas por las federaciones? \u00bfY por los medios de comunicaci\u00f3n? \u00bfLas periodistas deportivas han de salvar obst\u00e1culos en el desempe\u00f1o de su profesi\u00f3n por el hecho de ser mujeres? \u00bfC\u00f3mo narra el cine el deporte femenino?\u2026 Sobre estas cuestiones se reflexiona en esta obra.<br \/>\nEsperamos que resulte de utilidad para estudiantes tanto de Ciencias de la Comunicaci\u00f3n como de Ciencias de la Educaci\u00f3n, de la Psicolog\u00eda o del Derecho. Este texto, realizado por un grupo de profesionales comprometidos e ilusionados por arrinconar prejuicios sexistas, queremos que sea capaz de fomentar el sentido cr\u00edtico tanto en estudiantes como en la propia ciudadan\u00eda.<\/p>\n","protected":false},"excerpt":{"rendered":"<p>\u00bfEn qu\u00e9 medida existen prejuicios sexistas en el deporte? \u00bfLas deportistas est\u00e1n discriminadas por las federaciones? \u00bfY por los medios de comunicaci\u00f3n? \u00bfLas periodistas deportivas han de salvar obst\u00e1culos en el desempe\u00f1o de su profesi\u00f3n por el hecho de ser mujeres? \u00bfC\u00f3mo narra el cine el deporte femenino?\u2026 Sobre estas cuestiones se reflexiona en esta obra.<br \/>\nEsperamos que resulte de utilidad para estudiantes tanto de Ciencias de la Comunicaci\u00f3n como de Ciencias de la Educaci\u00f3n, de la Psicolog\u00eda o del Derecho. Este texto, realizado por un grupo de profesionales comprometidos e ilusionados por arrinconar prejuicios sexistas, queremos que sea capaz de fomentar el sentido cr\u00edtico tanto en estudiantes como en la propia ciudadan\u00eda.<\/p>\n","protected":false},"featured_media":56474,"comment_status":"open","ping_status":"closed","template":"","meta":{"_et_pb_use_builder":"","_et_pb_old_content":"","_et_gb_content_width":""},"product_cat":[11899,11858,11859,11912,11907],"product_tag":[11892],"edicion":[12199,11865],"editoriales":[11867],"tienda":[],"autor_id":[20429,20430],"universidades_coeditoras":[12270],"palabras_clave":[],"listado_alfabetico":[],"acf":[],"_links":{"self":[{"href":"https:\/\/wizardly-davinci.82-223-8-23.plesk.page\/en\/wp-json\/wp\/v2\/product\/56473"}],"collection":[{"href":"https:\/\/wizardly-davinci.82-223-8-23.plesk.page\/en\/wp-json\/wp\/v2\/product"}],"about":[{"href":"https:\/\/wizardly-davinci.82-223-8-23.plesk.page\/en\/wp-json\/wp\/v2\/types\/product"}],"replies":[{"embeddable":true,"href":"https:\/\/wizardly-davinci.82-223-8-23.plesk.page\/en\/wp-json\/wp\/v2\/comments?post=56473"}],"wp:featuredmedia":[{"embeddable":true,"href":"https:\/\/wizardly-davinci.82-223-8-23.plesk.page\/en\/wp-json\/wp\/v2\/media\/56474"}],"wp:attachment":[{"href":"https:\/\/wizardly-davinci.82-223-8-23.plesk.page\/en\/wp-json\/wp\/v2\/media?parent=56473"}],"wp:term":[{"taxonomy":"product_cat","embeddable":true,"href":"https:\/\/wizardly-davinci.82-223-8-23.plesk.page\/en\/wp-json\/wp\/v2\/product_cat?post=56473"},{"taxonomy":"product_tag","embeddable":true,"href":"https:\/\/wizardly-davinci.82-223-8-23.plesk.page\/en\/wp-json\/wp\/v2\/product_tag?post=56473"},{"taxonomy":"edicion","embeddable":true,"href":"https:\/\/wizardly-davinci.82-223-8-23.plesk.page\/en\/wp-json\/wp\/v2\/edicion?post=56473"},{"taxonomy":"editoriales","embeddable":true,"href":"https:\/\/wizardly-davinci.82-223-8-23.plesk.page\/en\/wp-json\/wp\/v2\/editoriales?post=56473"},{"taxonomy":"tienda","embeddable":true,"href":"https:\/\/wizardly-davinci.82-223-8-23.plesk.page\/en\/wp-json\/wp\/v2\/tienda?post=56473"},{"taxonomy":"autor_id","embeddable":true,"href":"https:\/\/wizardly-davinci.82-223-8-23.plesk.page\/en\/wp-json\/wp\/v2\/autor_id?post=56473"},{"taxonomy":"universidades_coeditoras","embeddable":true,"href":"https:\/\/wizardly-davinci.82-223-8-23.plesk.page\/en\/wp-json\/wp\/v2\/universidades_coeditoras?post=56473"},{"taxonomy":"palabras_clave","embeddable":true,"href":"https:\/\/wizardly-davinci.82-223-8-23.plesk.page\/en\/wp-json\/wp\/v2\/palabras_clave?post=56473"},{"taxonomy":"listado_alfabetico","embeddable":true,"href":"https:\/\/wizardly-davinci.82-223-8-23.plesk.page\/en\/wp-json\/wp\/v2\/listado_alfabetico?post=56473"}],"curies":[{"name":"wp","href":"https:\/\/api.w.org\/{rel}","templated":true}]}}