{"id":56475,"date":"2019-04-09T23:46:16","date_gmt":"2019-04-09T21:46:16","guid":{"rendered":"https:\/\/octaedro.com\/libro\/redes-y-retos\/"},"modified":"2023-02-22T13:41:54","modified_gmt":"2023-02-22T12:41:54","slug":"redes-y-retos-2","status":"publish","type":"product","link":"https:\/\/wizardly-davinci.82-223-8-23.plesk.page\/en\/producto\/redes-y-retos-2\/","title":{"rendered":"Redes y retos"},"content":{"rendered":"<p>Las nuevas tecnolog\u00edas han transformado radicalmente nuestra forma de comunicarnos y de relacionarnos con el mundo. Las disciplinas acad\u00e9micas que se ocupan de estudiar la comunicaci\u00f3n han debido adaptarse a esas nuevas realidades. En <span class=\"destacat\">Redes y retos<\/span>, un grupo de investigadores aborda un abanico de fen\u00f3menos relacionados con las din\u00e1micas que las acompa\u00f1an: desde la comunicaci\u00f3n del cambio clim\u00e1tico en Twitter hasta los episodios de cyberbulling, pasando por la literatura colaborativa en un entorno digital o el papel de Internet en la pr\u00e1ctica profesional de los traductores. Este volumen podr\u00e1 resultar estimulante para investigadores de diversas \u00e1reas de las Humanidades y las Ciencias Sociales, pero tambi\u00e9n ser\u00e1 una lectura provechosa para cualquier persona interesada en los asuntos relacionados con la comunicaci\u00f3n.<\/p>\n<p>Redes y retos se ha dise\u00f1ado desde la perspectiva multidisciplinar del Programa de Doctorado en Comunicaci\u00f3n de la Universidade de Vigo, promotor de esta publicaci\u00f3n. Despu\u00e9s de Comunicar(se) en el siglo XXI (Granada: Comares, 2014), este es el segundo volumen que edita, dedicado particularmente al marco de la comunicaci\u00f3n digital, a la que su t\u00edtulo alude. Para ello ha contado con la participaci\u00f3n de doctorandos y profesores vinculados al programa, adem\u00e1s de investigadores invitados, integrados en \u00e1reas de conocimiento tan diversas como Comunicaci\u00f3n Audiovisual, Periodismo, Publicidad y Relaciones P\u00fablicas, Estad\u00edstica, Traducci\u00f3n y Filolog\u00eda.<\/p>\n","protected":false},"excerpt":{"rendered":"<p>Las nuevas tecnolog\u00edas han transformado radicalmente nuestra forma de comunicarnos y de relacionarnos con el mundo. Las disciplinas acad\u00e9micas que se ocupan de estudiar la comunicaci\u00f3n han debido adaptarse a esas nuevas realidades. En <span class=\"destacat\">Redes y retos<\/span>, un grupo de investigadores aborda un abanico de fen\u00f3menos relacionados con las din\u00e1micas que las acompa\u00f1an: desde la comunicaci\u00f3n del cambio clim\u00e1tico en Twitter hasta los episodios de cyberbulling, pasando por la literatura colaborativa en un entorno digital o el papel de Internet en la pr\u00e1ctica profesional de los traductores. Este volumen podr\u00e1 resultar estimulante para investigadores de diversas \u00e1reas de las Humanidades y las Ciencias Sociales, pero tambi\u00e9n ser\u00e1 una lectura provechosa para cualquier persona interesada en los asuntos relacionados con la comunicaci\u00f3n.<\/p>\n<p>Redes y retos se ha dise\u00f1ado desde la perspectiva multidisciplinar del Programa de Doctorado en Comunicaci\u00f3n de la Universidade de Vigo, promotor de esta publicaci\u00f3n. Despu\u00e9s de Comunicar(se) en el siglo XXI (Granada: Comares, 2014), este es el segundo volumen que edita, dedicado particularmente al marco de la comunicaci\u00f3n digital, a la que su t\u00edtulo alude. Para ello ha contado con la participaci\u00f3n de doctorandos y profesores vinculados al programa, adem\u00e1s de investigadores invitados, integrados en \u00e1reas de conocimiento tan diversas como Comunicaci\u00f3n Audiovisual, Periodismo, Publicidad y Relaciones P\u00fablicas, Estad\u00edstica, Traducci\u00f3n y Filolog\u00eda.<\/p>\n","protected":false},"featured_media":56476,"comment_status":"open","ping_status":"closed","template":"","meta":{"_et_pb_use_builder":"","_et_pb_old_content":"","_et_gb_content_width":""},"product_cat":[11899,11858,11859,11912,11907],"product_tag":[11892],"edicion":[12199,11865],"editoriales":[11867],"tienda":[],"autor_id":[13969,14300],"universidades_coeditoras":[],"palabras_clave":[],"listado_alfabetico":[],"acf":[],"_links":{"self":[{"href":"https:\/\/wizardly-davinci.82-223-8-23.plesk.page\/en\/wp-json\/wp\/v2\/product\/56475"}],"collection":[{"href":"https:\/\/wizardly-davinci.82-223-8-23.plesk.page\/en\/wp-json\/wp\/v2\/product"}],"about":[{"href":"https:\/\/wizardly-davinci.82-223-8-23.plesk.page\/en\/wp-json\/wp\/v2\/types\/product"}],"replies":[{"embeddable":true,"href":"https:\/\/wizardly-davinci.82-223-8-23.plesk.page\/en\/wp-json\/wp\/v2\/comments?post=56475"}],"wp:featuredmedia":[{"embeddable":true,"href":"https:\/\/wizardly-davinci.82-223-8-23.plesk.page\/en\/wp-json\/wp\/v2\/media\/56476"}],"wp:attachment":[{"href":"https:\/\/wizardly-davinci.82-223-8-23.plesk.page\/en\/wp-json\/wp\/v2\/media?parent=56475"}],"wp:term":[{"taxonomy":"product_cat","embeddable":true,"href":"https:\/\/wizardly-davinci.82-223-8-23.plesk.page\/en\/wp-json\/wp\/v2\/product_cat?post=56475"},{"taxonomy":"product_tag","embeddable":true,"href":"https:\/\/wizardly-davinci.82-223-8-23.plesk.page\/en\/wp-json\/wp\/v2\/product_tag?post=56475"},{"taxonomy":"edicion","embeddable":true,"href":"https:\/\/wizardly-davinci.82-223-8-23.plesk.page\/en\/wp-json\/wp\/v2\/edicion?post=56475"},{"taxonomy":"editoriales","embeddable":true,"href":"https:\/\/wizardly-davinci.82-223-8-23.plesk.page\/en\/wp-json\/wp\/v2\/editoriales?post=56475"},{"taxonomy":"tienda","embeddable":true,"href":"https:\/\/wizardly-davinci.82-223-8-23.plesk.page\/en\/wp-json\/wp\/v2\/tienda?post=56475"},{"taxonomy":"autor_id","embeddable":true,"href":"https:\/\/wizardly-davinci.82-223-8-23.plesk.page\/en\/wp-json\/wp\/v2\/autor_id?post=56475"},{"taxonomy":"universidades_coeditoras","embeddable":true,"href":"https:\/\/wizardly-davinci.82-223-8-23.plesk.page\/en\/wp-json\/wp\/v2\/universidades_coeditoras?post=56475"},{"taxonomy":"palabras_clave","embeddable":true,"href":"https:\/\/wizardly-davinci.82-223-8-23.plesk.page\/en\/wp-json\/wp\/v2\/palabras_clave?post=56475"},{"taxonomy":"listado_alfabetico","embeddable":true,"href":"https:\/\/wizardly-davinci.82-223-8-23.plesk.page\/en\/wp-json\/wp\/v2\/listado_alfabetico?post=56475"}],"curies":[{"name":"wp","href":"https:\/\/api.w.org\/{rel}","templated":true}]}}