{"id":56477,"date":"2019-04-09T23:46:15","date_gmt":"2019-04-09T21:46:15","guid":{"rendered":"https:\/\/octaedro.com\/libro\/aprendizaje-servicio-y-mision-civica-en-la-universidad\/"},"modified":"2023-02-22T13:41:54","modified_gmt":"2023-02-22T12:41:54","slug":"aprendizaje-servicio-y-mision-civica-en-la-universidad-2","status":"publish","type":"product","link":"https:\/\/wizardly-davinci.82-223-8-23.plesk.page\/en\/producto\/aprendizaje-servicio-y-mision-civica-en-la-universidad-2\/","title":{"rendered":"Aprendizaje-servicio y misi\u00f3n c\u00edvica en la universidad"},"content":{"rendered":"<p>La universidad tiene una misi\u00f3n c\u00edvica que cumplir. En cada tiempo y lugar. Pero, sobre todo, en la sociedad del conocimiento, ya que este no es posible sin di\u00e1logo y sin construcci\u00f3n del discurso epist\u00e9mico en profesores y estudiantes. Al respecto y de un modo muy gradual, el aprendizaje-servicio se ha ido constituyendo en vector de innovaci\u00f3n universitaria, en tanto que estimula la conexi\u00f3n entre las dimensiones acad\u00e9micas y comunitarias del aprendizaje. Y este libro se propone marcar pautas te\u00f3ricas y metodol\u00f3gicas de utilidad pedag\u00f3gica, de modo que facilite la gesti\u00f3n del cambio en la educaci\u00f3n superior.<\/p>\n","protected":false},"excerpt":{"rendered":"<p>La universidad tiene una misi\u00f3n c\u00edvica que cumplir. En cada tiempo y lugar. Pero, sobre todo, en la sociedad del conocimiento, ya que este no es posible sin di\u00e1logo y sin construcci\u00f3n del discurso epist\u00e9mico en profesores y estudiantes. Al respecto y de un modo muy gradual, el aprendizaje-servicio se ha ido constituyendo en vector de innovaci\u00f3n universitaria, en tanto que estimula la conexi\u00f3n entre las dimensiones acad\u00e9micas y comunitarias del aprendizaje. Y este libro se propone marcar pautas te\u00f3ricas y metodol\u00f3gicas de utilidad pedag\u00f3gica, de modo que facilite la gesti\u00f3n del cambio en la educaci\u00f3n superior.<\/p>\n","protected":false},"featured_media":56478,"comment_status":"open","ping_status":"closed","template":"","meta":{"_et_pb_use_builder":"","_et_pb_old_content":"","_et_gb_content_width":""},"product_cat":[11899,11858,11859,11912,11907],"product_tag":[11892],"edicion":[12199,11865],"editoriales":[11867],"tienda":[],"autor_id":[12505,12507,20432],"universidades_coeditoras":[12508],"palabras_clave":[],"listado_alfabetico":[],"acf":[],"_links":{"self":[{"href":"https:\/\/wizardly-davinci.82-223-8-23.plesk.page\/en\/wp-json\/wp\/v2\/product\/56477"}],"collection":[{"href":"https:\/\/wizardly-davinci.82-223-8-23.plesk.page\/en\/wp-json\/wp\/v2\/product"}],"about":[{"href":"https:\/\/wizardly-davinci.82-223-8-23.plesk.page\/en\/wp-json\/wp\/v2\/types\/product"}],"replies":[{"embeddable":true,"href":"https:\/\/wizardly-davinci.82-223-8-23.plesk.page\/en\/wp-json\/wp\/v2\/comments?post=56477"}],"wp:featuredmedia":[{"embeddable":true,"href":"https:\/\/wizardly-davinci.82-223-8-23.plesk.page\/en\/wp-json\/wp\/v2\/media\/56478"}],"wp:attachment":[{"href":"https:\/\/wizardly-davinci.82-223-8-23.plesk.page\/en\/wp-json\/wp\/v2\/media?parent=56477"}],"wp:term":[{"taxonomy":"product_cat","embeddable":true,"href":"https:\/\/wizardly-davinci.82-223-8-23.plesk.page\/en\/wp-json\/wp\/v2\/product_cat?post=56477"},{"taxonomy":"product_tag","embeddable":true,"href":"https:\/\/wizardly-davinci.82-223-8-23.plesk.page\/en\/wp-json\/wp\/v2\/product_tag?post=56477"},{"taxonomy":"edicion","embeddable":true,"href":"https:\/\/wizardly-davinci.82-223-8-23.plesk.page\/en\/wp-json\/wp\/v2\/edicion?post=56477"},{"taxonomy":"editoriales","embeddable":true,"href":"https:\/\/wizardly-davinci.82-223-8-23.plesk.page\/en\/wp-json\/wp\/v2\/editoriales?post=56477"},{"taxonomy":"tienda","embeddable":true,"href":"https:\/\/wizardly-davinci.82-223-8-23.plesk.page\/en\/wp-json\/wp\/v2\/tienda?post=56477"},{"taxonomy":"autor_id","embeddable":true,"href":"https:\/\/wizardly-davinci.82-223-8-23.plesk.page\/en\/wp-json\/wp\/v2\/autor_id?post=56477"},{"taxonomy":"universidades_coeditoras","embeddable":true,"href":"https:\/\/wizardly-davinci.82-223-8-23.plesk.page\/en\/wp-json\/wp\/v2\/universidades_coeditoras?post=56477"},{"taxonomy":"palabras_clave","embeddable":true,"href":"https:\/\/wizardly-davinci.82-223-8-23.plesk.page\/en\/wp-json\/wp\/v2\/palabras_clave?post=56477"},{"taxonomy":"listado_alfabetico","embeddable":true,"href":"https:\/\/wizardly-davinci.82-223-8-23.plesk.page\/en\/wp-json\/wp\/v2\/listado_alfabetico?post=56477"}],"curies":[{"name":"wp","href":"https:\/\/api.w.org\/{rel}","templated":true}]}}