{"id":56479,"date":"2019-04-09T23:46:14","date_gmt":"2019-04-09T21:46:14","guid":{"rendered":"https:\/\/octaedro.com\/libro\/educacion-emprendedora\/"},"modified":"2023-02-22T13:41:55","modified_gmt":"2023-02-22T12:41:55","slug":"educacion-emprendedora-2","status":"publish","type":"product","link":"https:\/\/wizardly-davinci.82-223-8-23.plesk.page\/en\/producto\/educacion-emprendedora-2\/","title":{"rendered":"Educaci\u00f3n emprendedora"},"content":{"rendered":"<p>La cultura emprendedora se est\u00e1 implantando paulatinamente en el sistema educativo planteando el desarrollo de unas competencias concretas que no han sido espec\u00edficamente abordadas en la formaci\u00f3n de los y las profesionales de la educaci\u00f3n. Emprender en educaci\u00f3n supone capacitar para: a) desarrollar proyectos y programas de educaci\u00f3n emprendedora en centros educativos, b) impulsar ideas y poder llegar a consolidarlas como negocios en el sector educativo y c) innovar en el seno de empresas y organizaciones educativas.<br \/>\nEste libro nace como una acci\u00f3n formativa de emprendimiento y, a su vez, como innovaci\u00f3n educativa en el \u00e1mbito universitario. Y lo hace supliendo la necesidad de disponer de materiales para la docencia en el \u00e1mbito de la educaci\u00f3n emprendedora. Concretamente, el programa TALOS consta de tres m\u00f3dulos formativos compuestos por un total de siete unidades did\u00e1cticas. Este material est\u00e1 orientado a generar competencias para desarrollar proyectos de educaci\u00f3n emprendedora en contextos educativos e impulsar la iniciativa emprendedora en el sector de la formaci\u00f3n y la educaci\u00f3n.<br \/>\nEl libro se plantea desde una perspectiva muy pr\u00e1ctica, ya que las unidades did\u00e1cticas pueden ser aplicadas independientemente, a modo de p\u00edldoras formativas, por lo que se convierte en un material flexible y transversal. Estas pueden ser empleadas por el profesorado universitario seleccionando y aplicando solo aquellas que m\u00e1s se ajusten a intereses o perfiles de su alumnado. No obstante, tambi\u00e9n pueden ser realizadas de forma aut\u00f3noma por el profesorado en activo y otros profesionales de ciencias de la educaci\u00f3n interesados en reciclarse, actualizar conocimientos y desarrollar habilidades en emprendimiento y educaci\u00f3n emprendedora de una forma autodidacta.<\/p>\n","protected":false},"excerpt":{"rendered":"<p>La cultura emprendedora se est\u00e1 implantando paulatinamente en el sistema educativo planteando el desarrollo de unas competencias concretas que no han sido espec\u00edficamente abordadas en la formaci\u00f3n de los y las profesionales de la educaci\u00f3n. Emprender en educaci\u00f3n supone capacitar para: a) desarrollar proyectos y programas de educaci\u00f3n emprendedora en centros educativos, b) impulsar ideas y poder llegar a consolidarlas como negocios en el sector educativo y c) innovar en el seno de empresas y organizaciones educativas.<br \/>\nEste libro nace como una acci\u00f3n formativa de emprendimiento y, a su vez, como innovaci\u00f3n educativa en el \u00e1mbito universitario. Y lo hace supliendo la necesidad de disponer de materiales para la docencia en el \u00e1mbito de la educaci\u00f3n emprendedora. Concretamente, el programa TALOS consta de tres m\u00f3dulos formativos compuestos por un total de siete unidades did\u00e1cticas. Este material est\u00e1 orientado a generar competencias para desarrollar proyectos de educaci\u00f3n emprendedora en contextos educativos e impulsar la iniciativa emprendedora en el sector de la formaci\u00f3n y la educaci\u00f3n.<br \/>\nEl libro se plantea desde una perspectiva muy pr\u00e1ctica, ya que las unidades did\u00e1cticas pueden ser aplicadas independientemente, a modo de p\u00edldoras formativas, por lo que se convierte en un material flexible y transversal. Estas pueden ser empleadas por el profesorado universitario seleccionando y aplicando solo aquellas que m\u00e1s se ajusten a intereses o perfiles de su alumnado. No obstante, tambi\u00e9n pueden ser realizadas de forma aut\u00f3noma por el profesorado en activo y otros profesionales de ciencias de la educaci\u00f3n interesados en reciclarse, actualizar conocimientos y desarrollar habilidades en emprendimiento y educaci\u00f3n emprendedora de una forma autodidacta.<\/p>\n","protected":false},"featured_media":56480,"comment_status":"open","ping_status":"closed","template":"","meta":{"_et_pb_use_builder":"","_et_pb_old_content":"","_et_gb_content_width":""},"product_cat":[11899,11858,11913,11859,11907],"product_tag":[11893],"edicion":[12178,11865],"editoriales":[11867],"tienda":[],"autor_id":[14467],"universidades_coeditoras":[12270],"palabras_clave":[],"listado_alfabetico":[],"acf":[],"_links":{"self":[{"href":"https:\/\/wizardly-davinci.82-223-8-23.plesk.page\/en\/wp-json\/wp\/v2\/product\/56479"}],"collection":[{"href":"https:\/\/wizardly-davinci.82-223-8-23.plesk.page\/en\/wp-json\/wp\/v2\/product"}],"about":[{"href":"https:\/\/wizardly-davinci.82-223-8-23.plesk.page\/en\/wp-json\/wp\/v2\/types\/product"}],"replies":[{"embeddable":true,"href":"https:\/\/wizardly-davinci.82-223-8-23.plesk.page\/en\/wp-json\/wp\/v2\/comments?post=56479"}],"wp:featuredmedia":[{"embeddable":true,"href":"https:\/\/wizardly-davinci.82-223-8-23.plesk.page\/en\/wp-json\/wp\/v2\/media\/56480"}],"wp:attachment":[{"href":"https:\/\/wizardly-davinci.82-223-8-23.plesk.page\/en\/wp-json\/wp\/v2\/media?parent=56479"}],"wp:term":[{"taxonomy":"product_cat","embeddable":true,"href":"https:\/\/wizardly-davinci.82-223-8-23.plesk.page\/en\/wp-json\/wp\/v2\/product_cat?post=56479"},{"taxonomy":"product_tag","embeddable":true,"href":"https:\/\/wizardly-davinci.82-223-8-23.plesk.page\/en\/wp-json\/wp\/v2\/product_tag?post=56479"},{"taxonomy":"edicion","embeddable":true,"href":"https:\/\/wizardly-davinci.82-223-8-23.plesk.page\/en\/wp-json\/wp\/v2\/edicion?post=56479"},{"taxonomy":"editoriales","embeddable":true,"href":"https:\/\/wizardly-davinci.82-223-8-23.plesk.page\/en\/wp-json\/wp\/v2\/editoriales?post=56479"},{"taxonomy":"tienda","embeddable":true,"href":"https:\/\/wizardly-davinci.82-223-8-23.plesk.page\/en\/wp-json\/wp\/v2\/tienda?post=56479"},{"taxonomy":"autor_id","embeddable":true,"href":"https:\/\/wizardly-davinci.82-223-8-23.plesk.page\/en\/wp-json\/wp\/v2\/autor_id?post=56479"},{"taxonomy":"universidades_coeditoras","embeddable":true,"href":"https:\/\/wizardly-davinci.82-223-8-23.plesk.page\/en\/wp-json\/wp\/v2\/universidades_coeditoras?post=56479"},{"taxonomy":"palabras_clave","embeddable":true,"href":"https:\/\/wizardly-davinci.82-223-8-23.plesk.page\/en\/wp-json\/wp\/v2\/palabras_clave?post=56479"},{"taxonomy":"listado_alfabetico","embeddable":true,"href":"https:\/\/wizardly-davinci.82-223-8-23.plesk.page\/en\/wp-json\/wp\/v2\/listado_alfabetico?post=56479"}],"curies":[{"name":"wp","href":"https:\/\/api.w.org\/{rel}","templated":true}]}}