{"id":56481,"date":"2019-04-09T23:46:13","date_gmt":"2019-04-09T21:46:13","guid":{"rendered":"https:\/\/octaedro.com\/libro\/nuevas-lineas-de-investigacion-e-innovacion-en-educacion-literaria\/"},"modified":"2023-02-22T13:41:55","modified_gmt":"2023-02-22T12:41:55","slug":"nuevas-lineas-de-investigacion-e-innovacion-en-educacion-literaria-2","status":"publish","type":"product","link":"https:\/\/wizardly-davinci.82-223-8-23.plesk.page\/en\/producto\/nuevas-lineas-de-investigacion-e-innovacion-en-educacion-literaria-2\/","title":{"rendered":"Nuevas l\u00edneas de investigaci\u00f3n e innovaci\u00f3n en educaci\u00f3n literaria"},"content":{"rendered":"<p>El presente libro recoge la transferencia de los estudios realizados por investigadores de diversas universidades e instituciones acad\u00e9micas (grupos y proyectos de investigaci\u00f3n), cuyo principal objetivo es atender una demanda actual en los diferentes niveles educativos desde los inicios en las escuelas infantiles a los estudios superiores: proponer l\u00edneas de innovaci\u00f3n para una educaci\u00f3n literaria desde la doble perspectiva de la formaci\u00f3n de futuros docentes y de la ense\u00f1anza como elemento b\u00e1sico para el disfrute y reconocimiento del hecho literario.<\/p>\n<p>Deseamos que los estudios que aqu\u00ed se ofrecen sean de utilidad a los diferentes docentes e investigadores para afrontar nuevos retos educativos en torno a la formaci\u00f3n literaria y al placer de la lectura.<\/p>\n","protected":false},"excerpt":{"rendered":"<p>El presente libro recoge la transferencia de los estudios realizados por investigadores de diversas universidades e instituciones acad\u00e9micas (grupos y proyectos de investigaci\u00f3n), cuyo principal objetivo es atender una demanda actual en los diferentes niveles educativos desde los inicios en las escuelas infantiles a los estudios superiores: proponer l\u00edneas de innovaci\u00f3n para una educaci\u00f3n literaria desde la doble perspectiva de la formaci\u00f3n de futuros docentes y de la ense\u00f1anza como elemento b\u00e1sico para el disfrute y reconocimiento del hecho literario.<\/p>\n<p>Deseamos que los estudios que aqu\u00ed se ofrecen sean de utilidad a los diferentes docentes e investigadores para afrontar nuevos retos educativos en torno a la formaci\u00f3n literaria y al placer de la lectura.<\/p>\n","protected":false},"featured_media":56482,"comment_status":"open","ping_status":"closed","template":"","meta":{"_et_pb_use_builder":"","_et_pb_old_content":"","_et_gb_content_width":""},"product_cat":[11899,11858,11910,11913,11859],"product_tag":[11893],"edicion":[12178,11865],"editoriales":[11867],"tienda":[],"autor_id":[14488,19909],"universidades_coeditoras":[],"palabras_clave":[],"listado_alfabetico":[],"acf":[],"_links":{"self":[{"href":"https:\/\/wizardly-davinci.82-223-8-23.plesk.page\/en\/wp-json\/wp\/v2\/product\/56481"}],"collection":[{"href":"https:\/\/wizardly-davinci.82-223-8-23.plesk.page\/en\/wp-json\/wp\/v2\/product"}],"about":[{"href":"https:\/\/wizardly-davinci.82-223-8-23.plesk.page\/en\/wp-json\/wp\/v2\/types\/product"}],"replies":[{"embeddable":true,"href":"https:\/\/wizardly-davinci.82-223-8-23.plesk.page\/en\/wp-json\/wp\/v2\/comments?post=56481"}],"wp:featuredmedia":[{"embeddable":true,"href":"https:\/\/wizardly-davinci.82-223-8-23.plesk.page\/en\/wp-json\/wp\/v2\/media\/56482"}],"wp:attachment":[{"href":"https:\/\/wizardly-davinci.82-223-8-23.plesk.page\/en\/wp-json\/wp\/v2\/media?parent=56481"}],"wp:term":[{"taxonomy":"product_cat","embeddable":true,"href":"https:\/\/wizardly-davinci.82-223-8-23.plesk.page\/en\/wp-json\/wp\/v2\/product_cat?post=56481"},{"taxonomy":"product_tag","embeddable":true,"href":"https:\/\/wizardly-davinci.82-223-8-23.plesk.page\/en\/wp-json\/wp\/v2\/product_tag?post=56481"},{"taxonomy":"edicion","embeddable":true,"href":"https:\/\/wizardly-davinci.82-223-8-23.plesk.page\/en\/wp-json\/wp\/v2\/edicion?post=56481"},{"taxonomy":"editoriales","embeddable":true,"href":"https:\/\/wizardly-davinci.82-223-8-23.plesk.page\/en\/wp-json\/wp\/v2\/editoriales?post=56481"},{"taxonomy":"tienda","embeddable":true,"href":"https:\/\/wizardly-davinci.82-223-8-23.plesk.page\/en\/wp-json\/wp\/v2\/tienda?post=56481"},{"taxonomy":"autor_id","embeddable":true,"href":"https:\/\/wizardly-davinci.82-223-8-23.plesk.page\/en\/wp-json\/wp\/v2\/autor_id?post=56481"},{"taxonomy":"universidades_coeditoras","embeddable":true,"href":"https:\/\/wizardly-davinci.82-223-8-23.plesk.page\/en\/wp-json\/wp\/v2\/universidades_coeditoras?post=56481"},{"taxonomy":"palabras_clave","embeddable":true,"href":"https:\/\/wizardly-davinci.82-223-8-23.plesk.page\/en\/wp-json\/wp\/v2\/palabras_clave?post=56481"},{"taxonomy":"listado_alfabetico","embeddable":true,"href":"https:\/\/wizardly-davinci.82-223-8-23.plesk.page\/en\/wp-json\/wp\/v2\/listado_alfabetico?post=56481"}],"curies":[{"name":"wp","href":"https:\/\/api.w.org\/{rel}","templated":true}]}}