{"id":56485,"date":"2019-04-09T23:46:12","date_gmt":"2019-04-09T21:46:12","guid":{"rendered":"https:\/\/octaedro.com\/libro\/la-educacion-a-debate\/"},"modified":"2023-02-22T13:41:59","modified_gmt":"2023-02-22T12:41:59","slug":"la-educacion-a-debate-2","status":"publish","type":"product","link":"https:\/\/wizardly-davinci.82-223-8-23.plesk.page\/en\/producto\/la-educacion-a-debate-2\/","title":{"rendered":"La educaci\u00f3n a debate"},"content":{"rendered":"<p>Educar hoy es mucho m\u00e1s complejo que en \u00e9pocas pasadas, en que el tiempo parec\u00eda detenerse y las recetas pedag\u00f3gicas se perpetuaban. Los manuales de instrucciones que utilizaban padres y docentes permanec\u00edan vigentes durante generaciones. Hoy, como si de artilugios inform\u00e1ticos se tratara, nacen caducados. No acaban de aplicarse, cuando ya se muestran inservibles. Para salir al paso de una especie de obsolescencia desprogramada, viene este libro, donde cada uno de los cap\u00edtulos que lo integran pretende arrojar luz sobre aspectos b\u00e1sicos de la educaci\u00f3n: la importancia de la \u00e9tica, los valores de la juventud actual, el tratamiento de las conductas disruptivas en el aula, las nuevas formas de bullying alimentadas desde las redes sociales, el compromiso social de la empresa educativa, la necesidad de gestionar el estr\u00e9s por parte de los agentes responsables y una nueva ley que recoge la provisionalidad y el desencuentro como sellos distintivos de nuestro pa\u00eds, incapaz de imitar modelos que ofrecen soluciones.<br \/>\nA los docentes se les exige administrar el microcosmos de la escuela con estrategias que van de la psicolog\u00eda a la legislaci\u00f3n, de la sociolog\u00eda al conocimiento avanzado en inform\u00e1tica, de la competencia intelectual a la pedagog\u00eda aplicada. No es extra\u00f1o que los padres encuentren dificultades semejantes en el \u00e1mbito dom\u00e9stico al enfrentarse con la tarea educativa, tan apasionante como compleja.<br \/>\nEl coordinador del libro, <span class=\"destacat\">Jos\u00e9 A. Funes<\/span>, licenciado en Filosof\u00eda y en Teolog\u00eda, profesor de ense\u00f1anzas medias desde hace veintid\u00f3s a\u00f1os, ha contado con un elenco de magn\u00edficos profesionales de variado perfil para buscar respuestas a las permanentes cuestiones que la ense\u00f1anza plantea.<br \/>\nNos encontramos, sin duda, ante una herramienta \u00fatil para quienes consideran la educaci\u00f3n como un asunto sobre el que no se puede pasar de puntillas.<\/p>\n","protected":false},"excerpt":{"rendered":"<p>Educar hoy es mucho m\u00e1s complejo que en \u00e9pocas pasadas, en que el tiempo parec\u00eda detenerse y las recetas pedag\u00f3gicas se perpetuaban. Los manuales de instrucciones que utilizaban padres y docentes permanec\u00edan vigentes durante generaciones. Hoy, como si de artilugios inform\u00e1ticos se tratara, nacen caducados. No acaban de aplicarse, cuando ya se muestran inservibles. Para salir al paso de una especie de obsolescencia desprogramada, viene este libro, donde cada uno de los cap\u00edtulos que lo integran pretende arrojar luz sobre aspectos b\u00e1sicos de la educaci\u00f3n: la importancia de la \u00e9tica, los valores de la juventud actual, el tratamiento de las conductas disruptivas en el aula, las nuevas formas de bullying alimentadas desde las redes sociales, el compromiso social de la empresa educativa, la necesidad de gestionar el estr\u00e9s por parte de los agentes responsables y una nueva ley que recoge la provisionalidad y el desencuentro como sellos distintivos de nuestro pa\u00eds, incapaz de imitar modelos que ofrecen soluciones.<br \/>\nA los docentes se les exige administrar el microcosmos de la escuela con estrategias que van de la psicolog\u00eda a la legislaci\u00f3n, de la sociolog\u00eda al conocimiento avanzado en inform\u00e1tica, de la competencia intelectual a la pedagog\u00eda aplicada. No es extra\u00f1o que los padres encuentren dificultades semejantes en el \u00e1mbito dom\u00e9stico al enfrentarse con la tarea educativa, tan apasionante como compleja.<br \/>\nEl coordinador del libro, <span class=\"destacat\">Jos\u00e9 A. Funes<\/span>, licenciado en Filosof\u00eda y en Teolog\u00eda, profesor de ense\u00f1anzas medias desde hace veintid\u00f3s a\u00f1os, ha contado con un elenco de magn\u00edficos profesionales de variado perfil para buscar respuestas a las permanentes cuestiones que la ense\u00f1anza plantea.<br \/>\nNos encontramos, sin duda, ante una herramienta \u00fatil para quienes consideran la educaci\u00f3n como un asunto sobre el que no se puede pasar de puntillas.<\/p>\n","protected":false},"featured_media":56486,"comment_status":"open","ping_status":"closed","template":"","meta":{"_et_pb_use_builder":"","_et_pb_old_content":"","_et_gb_content_width":""},"product_cat":[11899,11858,11913,11859],"product_tag":[11893],"edicion":[12178,11865],"editoriales":[11867],"tienda":[],"autor_id":[14274],"universidades_coeditoras":[],"palabras_clave":[],"listado_alfabetico":[],"acf":[],"_links":{"self":[{"href":"https:\/\/wizardly-davinci.82-223-8-23.plesk.page\/en\/wp-json\/wp\/v2\/product\/56485"}],"collection":[{"href":"https:\/\/wizardly-davinci.82-223-8-23.plesk.page\/en\/wp-json\/wp\/v2\/product"}],"about":[{"href":"https:\/\/wizardly-davinci.82-223-8-23.plesk.page\/en\/wp-json\/wp\/v2\/types\/product"}],"replies":[{"embeddable":true,"href":"https:\/\/wizardly-davinci.82-223-8-23.plesk.page\/en\/wp-json\/wp\/v2\/comments?post=56485"}],"wp:featuredmedia":[{"embeddable":true,"href":"https:\/\/wizardly-davinci.82-223-8-23.plesk.page\/en\/wp-json\/wp\/v2\/media\/56486"}],"wp:attachment":[{"href":"https:\/\/wizardly-davinci.82-223-8-23.plesk.page\/en\/wp-json\/wp\/v2\/media?parent=56485"}],"wp:term":[{"taxonomy":"product_cat","embeddable":true,"href":"https:\/\/wizardly-davinci.82-223-8-23.plesk.page\/en\/wp-json\/wp\/v2\/product_cat?post=56485"},{"taxonomy":"product_tag","embeddable":true,"href":"https:\/\/wizardly-davinci.82-223-8-23.plesk.page\/en\/wp-json\/wp\/v2\/product_tag?post=56485"},{"taxonomy":"edicion","embeddable":true,"href":"https:\/\/wizardly-davinci.82-223-8-23.plesk.page\/en\/wp-json\/wp\/v2\/edicion?post=56485"},{"taxonomy":"editoriales","embeddable":true,"href":"https:\/\/wizardly-davinci.82-223-8-23.plesk.page\/en\/wp-json\/wp\/v2\/editoriales?post=56485"},{"taxonomy":"tienda","embeddable":true,"href":"https:\/\/wizardly-davinci.82-223-8-23.plesk.page\/en\/wp-json\/wp\/v2\/tienda?post=56485"},{"taxonomy":"autor_id","embeddable":true,"href":"https:\/\/wizardly-davinci.82-223-8-23.plesk.page\/en\/wp-json\/wp\/v2\/autor_id?post=56485"},{"taxonomy":"universidades_coeditoras","embeddable":true,"href":"https:\/\/wizardly-davinci.82-223-8-23.plesk.page\/en\/wp-json\/wp\/v2\/universidades_coeditoras?post=56485"},{"taxonomy":"palabras_clave","embeddable":true,"href":"https:\/\/wizardly-davinci.82-223-8-23.plesk.page\/en\/wp-json\/wp\/v2\/palabras_clave?post=56485"},{"taxonomy":"listado_alfabetico","embeddable":true,"href":"https:\/\/wizardly-davinci.82-223-8-23.plesk.page\/en\/wp-json\/wp\/v2\/listado_alfabetico?post=56485"}],"curies":[{"name":"wp","href":"https:\/\/api.w.org\/{rel}","templated":true}]}}