{"id":56844,"date":"2022-06-11T16:41:29","date_gmt":"2022-06-11T14:41:29","guid":{"rendered":"https:\/\/octaedro.com\/libro\/buenas-practicas-de-la-educacion-social-en-acogimiento-residencial\/"},"modified":"2023-03-08T12:24:26","modified_gmt":"2023-03-08T11:24:26","slug":"buenas-practicas-de-la-educacion-social-en-acogimiento-residencial-2","status":"publish","type":"product","link":"https:\/\/wizardly-davinci.82-223-8-23.plesk.page\/en\/producto\/buenas-practicas-de-la-educacion-social-en-acogimiento-residencial-2\/","title":{"rendered":"Buenas pr\u00e1cticas de la Educaci\u00f3n Social en acogimiento residencial"},"content":{"rendered":"","protected":false},"excerpt":{"rendered":"<p>La Educaci\u00f3n Social es un saber en acci\u00f3n que encuentra en la deontolog\u00eda profesional y el conocimiento pedag\u00f3gico los fundamentos para el desarrollo de buenas pr\u00e1cticas. Como disciplina cient\u00edfica, busca ofrecer respuestas socioeducativas a las diversas situaciones que suponen una vulneraci\u00f3n efectiva de los derechos fundamentales de las personas y colectivos. Intentando ofrecer nuevas miradas basadas en propuestas metodol\u00f3gicas que se centren en la sistematizaci\u00f3n de acciones centradas en la justicia social y la socializaci\u00f3n del bienestar, afronta el reto de superar las tendencias y tradiciones asistencialistas que siguen impregnando la cultura de la acci\u00f3n social.<\/p>\n<p>Esta obra reivindica la profesionalizaci\u00f3n de la Educaci\u00f3n Social en los contextos de acogimiento residencial, optando por el desarrollo de pr\u00e1cticas y discursos coherentes con los fines de la propia profesi\u00f3n. La definici\u00f3n de los elementos de an\u00e1lisis de la pr\u00e1ctica profesional en el acogimiento residencial, con un fuerte componente \u00e9tico y racional, pero tambi\u00e9n de ajuste relacional y de coherencia pol\u00edtica, se materializan en los distintos cap\u00edtulos del presente volumen, que presenta diversas miradas sobre qu\u00e9 es una buena pr\u00e1ctica socioeducativa.<\/p>\n<p>El compromiso por ofrecer la mejor respuesta educativa a las necesidades de la infancia, la adolescencia y la juventud, que habita los espacios en los que la Educaci\u00f3n Social emerge como proyecto de futuro, obliga a la profesi\u00f3n a una reflexi\u00f3n constante sobre su propia pr\u00e1ctica. No se trata de una opci\u00f3n m\u00e1s, sino del punto de partida para que los recursos de acogimiento residencial puedan proporcionar un espacio de posibilidad de desarrollo para quienes deben habitarlos.<\/p>\n","protected":false},"featured_media":56554,"comment_status":"open","ping_status":"closed","template":"","meta":{"_et_pb_use_builder":"","_et_pb_old_content":"","_et_gb_content_width":""},"product_cat":[11899,11859,11912],"product_tag":[11892],"edicion":[12199,11865],"editoriales":[11867],"tienda":[],"autor_id":[12234,12235],"universidades_coeditoras":[],"palabras_clave":[],"listado_alfabetico":[],"acf":[],"_links":{"self":[{"href":"https:\/\/wizardly-davinci.82-223-8-23.plesk.page\/en\/wp-json\/wp\/v2\/product\/56844"}],"collection":[{"href":"https:\/\/wizardly-davinci.82-223-8-23.plesk.page\/en\/wp-json\/wp\/v2\/product"}],"about":[{"href":"https:\/\/wizardly-davinci.82-223-8-23.plesk.page\/en\/wp-json\/wp\/v2\/types\/product"}],"replies":[{"embeddable":true,"href":"https:\/\/wizardly-davinci.82-223-8-23.plesk.page\/en\/wp-json\/wp\/v2\/comments?post=56844"}],"wp:featuredmedia":[{"embeddable":true,"href":"https:\/\/wizardly-davinci.82-223-8-23.plesk.page\/en\/wp-json\/wp\/v2\/media\/56554"}],"wp:attachment":[{"href":"https:\/\/wizardly-davinci.82-223-8-23.plesk.page\/en\/wp-json\/wp\/v2\/media?parent=56844"}],"wp:term":[{"taxonomy":"product_cat","embeddable":true,"href":"https:\/\/wizardly-davinci.82-223-8-23.plesk.page\/en\/wp-json\/wp\/v2\/product_cat?post=56844"},{"taxonomy":"product_tag","embeddable":true,"href":"https:\/\/wizardly-davinci.82-223-8-23.plesk.page\/en\/wp-json\/wp\/v2\/product_tag?post=56844"},{"taxonomy":"edicion","embeddable":true,"href":"https:\/\/wizardly-davinci.82-223-8-23.plesk.page\/en\/wp-json\/wp\/v2\/edicion?post=56844"},{"taxonomy":"editoriales","embeddable":true,"href":"https:\/\/wizardly-davinci.82-223-8-23.plesk.page\/en\/wp-json\/wp\/v2\/editoriales?post=56844"},{"taxonomy":"tienda","embeddable":true,"href":"https:\/\/wizardly-davinci.82-223-8-23.plesk.page\/en\/wp-json\/wp\/v2\/tienda?post=56844"},{"taxonomy":"autor_id","embeddable":true,"href":"https:\/\/wizardly-davinci.82-223-8-23.plesk.page\/en\/wp-json\/wp\/v2\/autor_id?post=56844"},{"taxonomy":"universidades_coeditoras","embeddable":true,"href":"https:\/\/wizardly-davinci.82-223-8-23.plesk.page\/en\/wp-json\/wp\/v2\/universidades_coeditoras?post=56844"},{"taxonomy":"palabras_clave","embeddable":true,"href":"https:\/\/wizardly-davinci.82-223-8-23.plesk.page\/en\/wp-json\/wp\/v2\/palabras_clave?post=56844"},{"taxonomy":"listado_alfabetico","embeddable":true,"href":"https:\/\/wizardly-davinci.82-223-8-23.plesk.page\/en\/wp-json\/wp\/v2\/listado_alfabetico?post=56844"}],"curies":[{"name":"wp","href":"https:\/\/api.w.org\/{rel}","templated":true}]}}