{"id":56845,"date":"2022-06-12T17:44:26","date_gmt":"2022-06-12T15:44:26","guid":{"rendered":"https:\/\/octaedro.com\/libro\/modelizar-en-las-clases-de-ciencias\/"},"modified":"2023-03-08T12:24:26","modified_gmt":"2023-03-08T11:24:26","slug":"modelizar-en-las-clases-de-ciencias-2","status":"publish","type":"product","link":"https:\/\/wizardly-davinci.82-223-8-23.plesk.page\/en\/producto\/modelizar-en-las-clases-de-ciencias-2\/","title":{"rendered":"Modelizar en las clases de ciencias"},"content":{"rendered":"","protected":false},"excerpt":{"rendered":"<p>Este libro est\u00e1 orientado, principalmente, a profesores de ciencias, pero tambi\u00e9n a estudiantes de profesorado de Educaci\u00f3n Primaria y Secundaria. Con \u00e9l, el lector podr\u00e1 aproximarse a los enfoques de ense\u00f1anza basados en modelos, donde encontrar\u00e1 una valiosa ayuda para implementar en el aula este tipo de planteamientos.<\/p>\n<p>Sin descartar la importancia de que los estudiantes aprendan las definiciones, leyes y teor\u00edas de la ciencia, y de que sean capaces de resolver ejercicios y problemas num\u00e9ricos, los autores de esta obra consideran que aprender ciencias debe ir mucho m\u00e1s all\u00e1. As\u00ed, defienden la necesidad de implicar al alumnado en la formulaci\u00f3n de ideas que den sentido al mundo en el que viven, en lugar de actuar como consumidores pasivos de los contenidos escolares. Para ello, se proponen actividades y recursos que estimulan la curiosidad y la creatividad, planteando recursos como analog\u00edas, experimentos mentales, simulaciones por ordenador, etc. Todo ello no solo desde un plano te\u00f3rico, sino tambi\u00e9n de forma aplicada y ejemplificada mediante secuencias did\u00e1cticas concretas que los autores han puesto a prueba en clases de ciencias. Se pretende, as\u00ed, integrar la teor\u00eda y la pr\u00e1ctica educativa, utilizando la modelizaci\u00f3n como instrumento y gu\u00eda ante el gran reto de ense\u00f1ar ciencias hoy.<\/p>\n","protected":false},"featured_media":56561,"comment_status":"open","ping_status":"closed","template":"","meta":{"_et_pb_use_builder":"","_et_pb_old_content":"","_et_gb_content_width":""},"product_cat":[11899,11859,11912],"product_tag":[11892],"edicion":[12199,11865],"editoriales":[11867],"tienda":[],"autor_id":[20550,12295,20549,20552],"universidades_coeditoras":[],"palabras_clave":[],"listado_alfabetico":[],"acf":[],"_links":{"self":[{"href":"https:\/\/wizardly-davinci.82-223-8-23.plesk.page\/en\/wp-json\/wp\/v2\/product\/56845"}],"collection":[{"href":"https:\/\/wizardly-davinci.82-223-8-23.plesk.page\/en\/wp-json\/wp\/v2\/product"}],"about":[{"href":"https:\/\/wizardly-davinci.82-223-8-23.plesk.page\/en\/wp-json\/wp\/v2\/types\/product"}],"replies":[{"embeddable":true,"href":"https:\/\/wizardly-davinci.82-223-8-23.plesk.page\/en\/wp-json\/wp\/v2\/comments?post=56845"}],"wp:featuredmedia":[{"embeddable":true,"href":"https:\/\/wizardly-davinci.82-223-8-23.plesk.page\/en\/wp-json\/wp\/v2\/media\/56561"}],"wp:attachment":[{"href":"https:\/\/wizardly-davinci.82-223-8-23.plesk.page\/en\/wp-json\/wp\/v2\/media?parent=56845"}],"wp:term":[{"taxonomy":"product_cat","embeddable":true,"href":"https:\/\/wizardly-davinci.82-223-8-23.plesk.page\/en\/wp-json\/wp\/v2\/product_cat?post=56845"},{"taxonomy":"product_tag","embeddable":true,"href":"https:\/\/wizardly-davinci.82-223-8-23.plesk.page\/en\/wp-json\/wp\/v2\/product_tag?post=56845"},{"taxonomy":"edicion","embeddable":true,"href":"https:\/\/wizardly-davinci.82-223-8-23.plesk.page\/en\/wp-json\/wp\/v2\/edicion?post=56845"},{"taxonomy":"editoriales","embeddable":true,"href":"https:\/\/wizardly-davinci.82-223-8-23.plesk.page\/en\/wp-json\/wp\/v2\/editoriales?post=56845"},{"taxonomy":"tienda","embeddable":true,"href":"https:\/\/wizardly-davinci.82-223-8-23.plesk.page\/en\/wp-json\/wp\/v2\/tienda?post=56845"},{"taxonomy":"autor_id","embeddable":true,"href":"https:\/\/wizardly-davinci.82-223-8-23.plesk.page\/en\/wp-json\/wp\/v2\/autor_id?post=56845"},{"taxonomy":"universidades_coeditoras","embeddable":true,"href":"https:\/\/wizardly-davinci.82-223-8-23.plesk.page\/en\/wp-json\/wp\/v2\/universidades_coeditoras?post=56845"},{"taxonomy":"palabras_clave","embeddable":true,"href":"https:\/\/wizardly-davinci.82-223-8-23.plesk.page\/en\/wp-json\/wp\/v2\/palabras_clave?post=56845"},{"taxonomy":"listado_alfabetico","embeddable":true,"href":"https:\/\/wizardly-davinci.82-223-8-23.plesk.page\/en\/wp-json\/wp\/v2\/listado_alfabetico?post=56845"}],"curies":[{"name":"wp","href":"https:\/\/api.w.org\/{rel}","templated":true}]}}