{"id":56846,"date":"2022-03-23T16:52:14","date_gmt":"2022-03-23T15:52:14","guid":{"rendered":"https:\/\/octaedro.com\/libro\/recursos-educativos-abiertos\/"},"modified":"2023-03-08T12:24:26","modified_gmt":"2023-03-08T11:24:26","slug":"recursos-educativos-abiertos-2","status":"publish","type":"product","link":"https:\/\/wizardly-davinci.82-223-8-23.plesk.page\/en\/producto\/recursos-educativos-abiertos-2\/","title":{"rendered":"Recursos educativos abiertos"},"content":{"rendered":"","protected":false},"excerpt":{"rendered":"<p>La pandemia de la COVID-19 ha irrumpido de manera imprevista e implacable en la mayor\u00eda de sectores, y la educaci\u00f3n no ha sido ninguna excepci\u00f3n. En la universidad hemos pasado de la presencialidad a la virtualidad de manera improvisada, con pocos medios y escasas indicaciones. En este contexto, los contenidos educativos y, en especial, los denominados recursos educativos abiertos (REA) \u2013en ingl\u00e9s, open educational resources\u2013 van a ser una pieza fundamental para afrontar los retos de la Educaci\u00f3n Superior, as\u00ed como en el resto de niveles.<\/p>\n<p>Dos de las grandes ventajas que, entre otras, aportan los REA son la rapidez de incorporaci\u00f3n a las pr\u00e1cticas educativas y la gratuidad. Aunque son a\u00fan poco conocidos, aparecieron oficialmente a principios del milenio (Unesco, 2002), hace ya veinte a\u00f1os. Desde entonces, han estado presentes en la bibliograf\u00eda acad\u00e9mica y en las discusiones de congresos, pero no se han podido implantar ni consolidar plenamente en la pr\u00e1ctica educativa.<\/p>\n<p>A lo largo de este libro pretendemos poner un poco de luz sobre los REA y su adopci\u00f3n en educaci\u00f3n, describiendo sus principales caracter\u00edsticas, su evoluci\u00f3n y su integraci\u00f3n en la docencia universitaria. Tambi\u00e9n se analiza la funci\u00f3n que desempe\u00f1an los REA en el ecosistema de la educaci\u00f3n abierta y de la ciencia abierta. Finalmente, queremos aportar una visi\u00f3n global en profundidad sobre una tem\u00e1tica de gran actualidad acad\u00e9mica sobre la cual no se dispone de monograf\u00edas escritas en castellano.<\/p>\n<p>El libro se dirige a investigadores en educaci\u00f3n, a desarrolladores de recursos educativos y a profesionales de bibliotecas universitarias que ofrecen servicios de apoyo; tambi\u00e9n, especialmente, a todos los docentes que quieren profundizar en esta cuesti\u00f3n y que precisan disponer de claves para orientar adecuadamente sus energ\u00edas. Esperamos, pues, que el texto sea de su inter\u00e9s y que pueda ser \u00fatil para afrontar esta incierta etapa de transformaci\u00f3n de los modelos educativos en la que estamos totalmente inmersos.<\/p>\n","protected":false},"featured_media":56641,"comment_status":"open","ping_status":"closed","template":"","meta":{"_et_pb_use_builder":"","_et_pb_old_content":"","_et_gb_content_width":""},"product_cat":[11899,11913,11859,11900],"product_tag":[],"edicion":[12178,11865],"editoriales":[11867,12224],"tienda":[],"autor_id":[13769,20555],"universidades_coeditoras":[],"palabras_clave":[],"listado_alfabetico":[],"acf":[],"_links":{"self":[{"href":"https:\/\/wizardly-davinci.82-223-8-23.plesk.page\/en\/wp-json\/wp\/v2\/product\/56846"}],"collection":[{"href":"https:\/\/wizardly-davinci.82-223-8-23.plesk.page\/en\/wp-json\/wp\/v2\/product"}],"about":[{"href":"https:\/\/wizardly-davinci.82-223-8-23.plesk.page\/en\/wp-json\/wp\/v2\/types\/product"}],"replies":[{"embeddable":true,"href":"https:\/\/wizardly-davinci.82-223-8-23.plesk.page\/en\/wp-json\/wp\/v2\/comments?post=56846"}],"wp:featuredmedia":[{"embeddable":true,"href":"https:\/\/wizardly-davinci.82-223-8-23.plesk.page\/en\/wp-json\/wp\/v2\/media\/56641"}],"wp:attachment":[{"href":"https:\/\/wizardly-davinci.82-223-8-23.plesk.page\/en\/wp-json\/wp\/v2\/media?parent=56846"}],"wp:term":[{"taxonomy":"product_cat","embeddable":true,"href":"https:\/\/wizardly-davinci.82-223-8-23.plesk.page\/en\/wp-json\/wp\/v2\/product_cat?post=56846"},{"taxonomy":"product_tag","embeddable":true,"href":"https:\/\/wizardly-davinci.82-223-8-23.plesk.page\/en\/wp-json\/wp\/v2\/product_tag?post=56846"},{"taxonomy":"edicion","embeddable":true,"href":"https:\/\/wizardly-davinci.82-223-8-23.plesk.page\/en\/wp-json\/wp\/v2\/edicion?post=56846"},{"taxonomy":"editoriales","embeddable":true,"href":"https:\/\/wizardly-davinci.82-223-8-23.plesk.page\/en\/wp-json\/wp\/v2\/editoriales?post=56846"},{"taxonomy":"tienda","embeddable":true,"href":"https:\/\/wizardly-davinci.82-223-8-23.plesk.page\/en\/wp-json\/wp\/v2\/tienda?post=56846"},{"taxonomy":"autor_id","embeddable":true,"href":"https:\/\/wizardly-davinci.82-223-8-23.plesk.page\/en\/wp-json\/wp\/v2\/autor_id?post=56846"},{"taxonomy":"universidades_coeditoras","embeddable":true,"href":"https:\/\/wizardly-davinci.82-223-8-23.plesk.page\/en\/wp-json\/wp\/v2\/universidades_coeditoras?post=56846"},{"taxonomy":"palabras_clave","embeddable":true,"href":"https:\/\/wizardly-davinci.82-223-8-23.plesk.page\/en\/wp-json\/wp\/v2\/palabras_clave?post=56846"},{"taxonomy":"listado_alfabetico","embeddable":true,"href":"https:\/\/wizardly-davinci.82-223-8-23.plesk.page\/en\/wp-json\/wp\/v2\/listado_alfabetico?post=56846"}],"curies":[{"name":"wp","href":"https:\/\/api.w.org\/{rel}","templated":true}]}}