{"id":56848,"date":"2022-05-13T15:30:28","date_gmt":"2022-05-13T13:30:28","guid":{"rendered":"https:\/\/octaedro.com\/libro\/profe-y-enano\/"},"modified":"2023-03-08T12:24:26","modified_gmt":"2023-03-08T11:24:26","slug":"profe-y-enano-2","status":"publish","type":"product","link":"https:\/\/wizardly-davinci.82-223-8-23.plesk.page\/en\/producto\/profe-y-enano-2\/","title":{"rendered":"Profe y enano"},"content":{"rendered":"","protected":false},"excerpt":{"rendered":"<p>El autor nos explica, de manera valiente y sincera, toda su vida desde su nacimiento. Nos habla de su etapa escolar y del papel que ha desempe\u00f1ado como profesor, pero, sobre todo, de c\u00f3mo se ha desenvuelto en los diversos \u00e1mbitos sociales. Y nos detalla c\u00f3mo se ve a s\u00ed mismo y c\u00f3mo percibe la visi\u00f3n que los dem\u00e1s tienen de \u00e9l por el hecho de ser una persona afectada por una diversidad funcional denominada acondroplasia. El rasgo fundamental de las personas con acondroplasia es que son personas de talla baja (entre 100 y 140 cm). El autor mide 127 cm de altura.<\/p>\n<p>Se trata de una reflexi\u00f3n sobre la aceptaci\u00f3n de la diferencia \u2013que el autor vive con normalidad y orgullo\u2013, y una reivindicaci\u00f3n a favor de aceptarnos tal como somos todas las personas. En esta biograf\u00eda, Ala\u00f1a tambi\u00e9n nos invita a adentrarnos, con una mirada nueva, en los proyectos colectivos a favor de la inclusi\u00f3n social.<\/p>\n","protected":false},"featured_media":56656,"comment_status":"open","ping_status":"closed","template":"","meta":{"_et_pb_use_builder":"","_et_pb_old_content":"","_et_gb_content_width":""},"product_cat":[11899,11859,11912],"product_tag":[11892],"edicion":[12199,11865],"editoriales":[11867],"tienda":[],"autor_id":[19412],"universidades_coeditoras":[],"palabras_clave":[],"listado_alfabetico":[],"acf":[],"_links":{"self":[{"href":"https:\/\/wizardly-davinci.82-223-8-23.plesk.page\/en\/wp-json\/wp\/v2\/product\/56848"}],"collection":[{"href":"https:\/\/wizardly-davinci.82-223-8-23.plesk.page\/en\/wp-json\/wp\/v2\/product"}],"about":[{"href":"https:\/\/wizardly-davinci.82-223-8-23.plesk.page\/en\/wp-json\/wp\/v2\/types\/product"}],"replies":[{"embeddable":true,"href":"https:\/\/wizardly-davinci.82-223-8-23.plesk.page\/en\/wp-json\/wp\/v2\/comments?post=56848"}],"wp:featuredmedia":[{"embeddable":true,"href":"https:\/\/wizardly-davinci.82-223-8-23.plesk.page\/en\/wp-json\/wp\/v2\/media\/56656"}],"wp:attachment":[{"href":"https:\/\/wizardly-davinci.82-223-8-23.plesk.page\/en\/wp-json\/wp\/v2\/media?parent=56848"}],"wp:term":[{"taxonomy":"product_cat","embeddable":true,"href":"https:\/\/wizardly-davinci.82-223-8-23.plesk.page\/en\/wp-json\/wp\/v2\/product_cat?post=56848"},{"taxonomy":"product_tag","embeddable":true,"href":"https:\/\/wizardly-davinci.82-223-8-23.plesk.page\/en\/wp-json\/wp\/v2\/product_tag?post=56848"},{"taxonomy":"edicion","embeddable":true,"href":"https:\/\/wizardly-davinci.82-223-8-23.plesk.page\/en\/wp-json\/wp\/v2\/edicion?post=56848"},{"taxonomy":"editoriales","embeddable":true,"href":"https:\/\/wizardly-davinci.82-223-8-23.plesk.page\/en\/wp-json\/wp\/v2\/editoriales?post=56848"},{"taxonomy":"tienda","embeddable":true,"href":"https:\/\/wizardly-davinci.82-223-8-23.plesk.page\/en\/wp-json\/wp\/v2\/tienda?post=56848"},{"taxonomy":"autor_id","embeddable":true,"href":"https:\/\/wizardly-davinci.82-223-8-23.plesk.page\/en\/wp-json\/wp\/v2\/autor_id?post=56848"},{"taxonomy":"universidades_coeditoras","embeddable":true,"href":"https:\/\/wizardly-davinci.82-223-8-23.plesk.page\/en\/wp-json\/wp\/v2\/universidades_coeditoras?post=56848"},{"taxonomy":"palabras_clave","embeddable":true,"href":"https:\/\/wizardly-davinci.82-223-8-23.plesk.page\/en\/wp-json\/wp\/v2\/palabras_clave?post=56848"},{"taxonomy":"listado_alfabetico","embeddable":true,"href":"https:\/\/wizardly-davinci.82-223-8-23.plesk.page\/en\/wp-json\/wp\/v2\/listado_alfabetico?post=56848"}],"curies":[{"name":"wp","href":"https:\/\/api.w.org\/{rel}","templated":true}]}}