{"id":56849,"date":"2022-05-10T16:58:31","date_gmt":"2022-05-10T14:58:31","guid":{"rendered":"https:\/\/octaedro.com\/libro\/si-no-me-conoces-no-me-inventes\/"},"modified":"2023-03-08T12:24:26","modified_gmt":"2023-03-08T11:24:26","slug":"si-no-me-conoces-no-me-inventes-2","status":"publish","type":"product","link":"https:\/\/wizardly-davinci.82-223-8-23.plesk.page\/en\/producto\/si-no-me-conoces-no-me-inventes-2\/","title":{"rendered":"Si no me conoces, no me inventes"},"content":{"rendered":"","protected":false},"excerpt":{"rendered":"<p>Madres y padres afrontan a diario la aventura de ayudar, potenciar y fortalecer el crecimiento de sus hijos. Proceso no exento de momentos de preocupaci\u00f3n y de dificultad, que en ocasiones derivan en desconcierto, sufrimiento o bloqueo y a menudo generan dolorosos c\u00edrculos viciosos en la familia.<\/p>\n<p>Este libro, dirigido a los padres que se relacionan con situaciones de cambios permanentes en el crecimiento de sus hijos, pretende mostrar una comprensi\u00f3n del trasfondo de las dificultades habituales para un mejor entendimiento, una potenciaci\u00f3n de la escucha y del di\u00e1logo, y as\u00ed lograr una mejora en la gesti\u00f3n de las emociones y de los conflictos en la familia, frente al modo de gesti\u00f3n basado en los impulsos, la acci\u00f3n y la reacci\u00f3n, frecuentemente utilizados en momentos de desbordamiento, pero de nula efectividad y provocadores de una importante espiral de empeoramiento. Tambi\u00e9n pone el \u00e9nfasis en c\u00f3mo lograr que todos en la familia se conozcan m\u00e1s y no se \u00abinventen al otro\u00bb.<\/p>\n<p>El autor, a partir de la experiencia en su trabajo con padres e hijos, nos muestra c\u00f3mo ayudar a los padres a conocer m\u00e1s y mejor a sus hijos y c\u00f3mo ayudar a sus hijos a conocer y a entender m\u00e1s y mejor a sus padres, tras lo cual muchos conflictos y dificultades se suelen disipar, lo cual redunda en la necesaria armon\u00eda familiar. <\/p>\n","protected":false},"featured_media":56804,"comment_status":"open","ping_status":"closed","template":"","meta":{"_et_pb_use_builder":"","_et_pb_old_content":"","_et_gb_content_width":""},"product_cat":[11899,11859,11912,11924],"product_tag":[11892],"edicion":[12199,11865],"editoriales":[11867],"tienda":[],"autor_id":[20559],"universidades_coeditoras":[],"palabras_clave":[],"listado_alfabetico":[],"acf":[],"_links":{"self":[{"href":"https:\/\/wizardly-davinci.82-223-8-23.plesk.page\/en\/wp-json\/wp\/v2\/product\/56849"}],"collection":[{"href":"https:\/\/wizardly-davinci.82-223-8-23.plesk.page\/en\/wp-json\/wp\/v2\/product"}],"about":[{"href":"https:\/\/wizardly-davinci.82-223-8-23.plesk.page\/en\/wp-json\/wp\/v2\/types\/product"}],"replies":[{"embeddable":true,"href":"https:\/\/wizardly-davinci.82-223-8-23.plesk.page\/en\/wp-json\/wp\/v2\/comments?post=56849"}],"wp:featuredmedia":[{"embeddable":true,"href":"https:\/\/wizardly-davinci.82-223-8-23.plesk.page\/en\/wp-json\/wp\/v2\/media\/56804"}],"wp:attachment":[{"href":"https:\/\/wizardly-davinci.82-223-8-23.plesk.page\/en\/wp-json\/wp\/v2\/media?parent=56849"}],"wp:term":[{"taxonomy":"product_cat","embeddable":true,"href":"https:\/\/wizardly-davinci.82-223-8-23.plesk.page\/en\/wp-json\/wp\/v2\/product_cat?post=56849"},{"taxonomy":"product_tag","embeddable":true,"href":"https:\/\/wizardly-davinci.82-223-8-23.plesk.page\/en\/wp-json\/wp\/v2\/product_tag?post=56849"},{"taxonomy":"edicion","embeddable":true,"href":"https:\/\/wizardly-davinci.82-223-8-23.plesk.page\/en\/wp-json\/wp\/v2\/edicion?post=56849"},{"taxonomy":"editoriales","embeddable":true,"href":"https:\/\/wizardly-davinci.82-223-8-23.plesk.page\/en\/wp-json\/wp\/v2\/editoriales?post=56849"},{"taxonomy":"tienda","embeddable":true,"href":"https:\/\/wizardly-davinci.82-223-8-23.plesk.page\/en\/wp-json\/wp\/v2\/tienda?post=56849"},{"taxonomy":"autor_id","embeddable":true,"href":"https:\/\/wizardly-davinci.82-223-8-23.plesk.page\/en\/wp-json\/wp\/v2\/autor_id?post=56849"},{"taxonomy":"universidades_coeditoras","embeddable":true,"href":"https:\/\/wizardly-davinci.82-223-8-23.plesk.page\/en\/wp-json\/wp\/v2\/universidades_coeditoras?post=56849"},{"taxonomy":"palabras_clave","embeddable":true,"href":"https:\/\/wizardly-davinci.82-223-8-23.plesk.page\/en\/wp-json\/wp\/v2\/palabras_clave?post=56849"},{"taxonomy":"listado_alfabetico","embeddable":true,"href":"https:\/\/wizardly-davinci.82-223-8-23.plesk.page\/en\/wp-json\/wp\/v2\/listado_alfabetico?post=56849"}],"curies":[{"name":"wp","href":"https:\/\/api.w.org\/{rel}","templated":true}]}}