{"id":56850,"date":"2022-09-20T16:02:10","date_gmt":"2022-09-20T14:02:10","guid":{"rendered":"https:\/\/octaedro.com\/libro\/retos-actuales-del-sistema-educativo\/"},"modified":"2023-03-08T12:24:31","modified_gmt":"2023-03-08T11:24:31","slug":"retos-actuales-del-sistema-educativo-2","status":"publish","type":"product","link":"https:\/\/wizardly-davinci.82-223-8-23.plesk.page\/en\/producto\/retos-actuales-del-sistema-educativo-2\/","title":{"rendered":"Retos actuales del sistema educativo"},"content":{"rendered":"","protected":false},"excerpt":{"rendered":"<p>Este libro surge como una propuesta de acad\u00e9micos y profesionales en relaci\u00f3n con la actuaci\u00f3n que la Educaci\u00f3n Social puede desarrollar ante los retos que plantea el sistema educativo. Est\u00e1 pensado para todos aquellos docentes de educaci\u00f3n superior interesados en mejorar la estructuraci\u00f3n y los procesos formativos de los t\u00edtulos de grado y posgrado. Adem\u00e1s, puede resultar \u00fatil como una obra de consulta para profesionales de la Educaci\u00f3n Social que trabajan en contextos educativos.<\/p>\n<p>El volumen est\u00e1 organizado en ocho cap\u00edtulos de tal manera que se busca la coherencia y la continuidad de la propuesta. Tras un primer cap\u00edtulo introductorio, en el que se conceptualizan t\u00e9rminos clave de esta disciplina, se describe y define el \u00e1mbito educativo como integrante de \u00e1reas de acci\u00f3n de la Educaci\u00f3n Social. Le siguen otros dos centrados en la figura del profesional de la Educaci\u00f3n Social en el sistema educativo. Los pedagogos cl\u00e1sicos, considerados como los precursores de la Educaci\u00f3n Social (Pedagog\u00eda Social), muestran v\u00edas de acci\u00f3n desde las cuales se llevaron a cabo experiencias socioeducativas con el fin de acompa\u00f1ar a personas de diferentes edades y en contextos variados para facilitar su inserci\u00f3n en su sociedad. En la actualidad, el profesional de la Educaci\u00f3n Social se halla inmerso en un sinf\u00edn de proyectos educativos que se ofrecen fuera y dentro de los contextos escolares. Se describe la situaci\u00f3n actual en el Estado espa\u00f1ol y, a partir de este mapeo, se analiza la disparidad por comunidades aut\u00f3nomas y su (des)regulaci\u00f3n por parte de la administraci\u00f3n educativa.<\/p>\n<p>Los cinco cap\u00edtulos sucesivos responden de forma reflexiva la siguiente cuesti\u00f3n: \u00bfCu\u00e1l\/Cu\u00e1les es\/son las propuestas de actuaci\u00f3n que se ofrecen desde diferentes posiciones en el \u00e1mbito socioeducativo a las situaciones que se viven en los centros educativos? Las m\u00faltiples respuestas ofrecidas desde perspectivas diversas enriquecen el contenido del libro a la vez que provocan otros interrogantes sobre acciones que podr\u00edan plantearse a fin de facilitar que la comunidad educativa sea protagonista de su propia historia en relaci\u00f3n con el tiempo y la sociedad en la que se inserta.<\/p>\n","protected":false},"featured_media":56814,"comment_status":"open","ping_status":"closed","template":"","meta":{"_et_pb_use_builder":"","_et_pb_old_content":"","_et_gb_content_width":""},"product_cat":[11899,11859,11912],"product_tag":[11892],"edicion":[12199,11865],"editoriales":[11867],"tienda":[],"autor_id":[20561],"universidades_coeditoras":[],"palabras_clave":[],"listado_alfabetico":[],"acf":[],"_links":{"self":[{"href":"https:\/\/wizardly-davinci.82-223-8-23.plesk.page\/en\/wp-json\/wp\/v2\/product\/56850"}],"collection":[{"href":"https:\/\/wizardly-davinci.82-223-8-23.plesk.page\/en\/wp-json\/wp\/v2\/product"}],"about":[{"href":"https:\/\/wizardly-davinci.82-223-8-23.plesk.page\/en\/wp-json\/wp\/v2\/types\/product"}],"replies":[{"embeddable":true,"href":"https:\/\/wizardly-davinci.82-223-8-23.plesk.page\/en\/wp-json\/wp\/v2\/comments?post=56850"}],"wp:featuredmedia":[{"embeddable":true,"href":"https:\/\/wizardly-davinci.82-223-8-23.plesk.page\/en\/wp-json\/wp\/v2\/media\/56814"}],"wp:attachment":[{"href":"https:\/\/wizardly-davinci.82-223-8-23.plesk.page\/en\/wp-json\/wp\/v2\/media?parent=56850"}],"wp:term":[{"taxonomy":"product_cat","embeddable":true,"href":"https:\/\/wizardly-davinci.82-223-8-23.plesk.page\/en\/wp-json\/wp\/v2\/product_cat?post=56850"},{"taxonomy":"product_tag","embeddable":true,"href":"https:\/\/wizardly-davinci.82-223-8-23.plesk.page\/en\/wp-json\/wp\/v2\/product_tag?post=56850"},{"taxonomy":"edicion","embeddable":true,"href":"https:\/\/wizardly-davinci.82-223-8-23.plesk.page\/en\/wp-json\/wp\/v2\/edicion?post=56850"},{"taxonomy":"editoriales","embeddable":true,"href":"https:\/\/wizardly-davinci.82-223-8-23.plesk.page\/en\/wp-json\/wp\/v2\/editoriales?post=56850"},{"taxonomy":"tienda","embeddable":true,"href":"https:\/\/wizardly-davinci.82-223-8-23.plesk.page\/en\/wp-json\/wp\/v2\/tienda?post=56850"},{"taxonomy":"autor_id","embeddable":true,"href":"https:\/\/wizardly-davinci.82-223-8-23.plesk.page\/en\/wp-json\/wp\/v2\/autor_id?post=56850"},{"taxonomy":"universidades_coeditoras","embeddable":true,"href":"https:\/\/wizardly-davinci.82-223-8-23.plesk.page\/en\/wp-json\/wp\/v2\/universidades_coeditoras?post=56850"},{"taxonomy":"palabras_clave","embeddable":true,"href":"https:\/\/wizardly-davinci.82-223-8-23.plesk.page\/en\/wp-json\/wp\/v2\/palabras_clave?post=56850"},{"taxonomy":"listado_alfabetico","embeddable":true,"href":"https:\/\/wizardly-davinci.82-223-8-23.plesk.page\/en\/wp-json\/wp\/v2\/listado_alfabetico?post=56850"}],"curies":[{"name":"wp","href":"https:\/\/api.w.org\/{rel}","templated":true}]}}