{"id":56912,"date":"2023-02-06T18:38:22","date_gmt":"2023-02-06T17:38:22","guid":{"rendered":"https:\/\/octaedro.com\/libro\/tendencias-y-debates-en-la-educacion-americana-una-perspectiva-hispana\/"},"modified":"2023-03-08T12:24:31","modified_gmt":"2023-03-08T11:24:31","slug":"tendencias-y-debates-en-la-educacion-americana-una-perspectiva-hispana-2","status":"publish","type":"product","link":"https:\/\/wizardly-davinci.82-223-8-23.plesk.page\/en\/producto\/tendencias-y-debates-en-la-educacion-americana-una-perspectiva-hispana-2\/","title":{"rendered":"Tendencias y Debates en la Educaci\u00f3n Americana: Una Perspectiva Hispana"},"content":{"rendered":"<p>El volumen cubre una gama de temas relacionados con la educaci\u00f3n americana desde un punto de vista hispano. Intervenci\u00f3n legislativa en la ense\u00f1anza de los estudios sociales en Florida, teor\u00eda racial cr\u00edtica en la educaci\u00f3n, fortalezas y debilidades del sistema descentralizado de educaci\u00f3n americano, y la educaci\u00f3n superior de hispanos en Estados Unidos son algunos de los temas explorados. El volumen concluye con una interpretaci\u00f3n cr\u00edtica de la escasez de maestros en el Estado de Florida en un momento de gran polarizaci\u00f3n socioecon\u00f3mica y pol\u00edtica en Estados Unidos, como un caso representativo de los debates centrales en la educaci\u00f3n de la segunda d\u00e9cada del siglo XXI. <\/p>\n","protected":false},"excerpt":{"rendered":"<p>El volumen cubre una gama de temas relacionados con la educaci\u00f3n americana desde un punto de vista hispano. Intervenci\u00f3n legislativa en la ense\u00f1anza de los estudios sociales en Florida, teor\u00eda racial cr\u00edtica en la educaci\u00f3n, fortalezas y debilidades del sistema descentralizado de educaci\u00f3n americano, y la educaci\u00f3n superior de hispanos en Estados Unidos son algunos de los temas explorados. El volumen concluye con una interpretaci\u00f3n cr\u00edtica de la escasez de maestros en el Estado de Florida en un momento de gran polarizaci\u00f3n socioecon\u00f3mica y pol\u00edtica en Estados Unidos, como un caso representativo de los debates centrales en la educaci\u00f3n de la segunda d\u00e9cada del siglo XXI.<\/p>\n","protected":false},"featured_media":57268,"comment_status":"open","ping_status":"closed","template":"","meta":{"_et_pb_use_builder":"","_et_pb_old_content":"","_et_gb_content_width":""},"product_cat":[11899,11859,11912,11907],"product_tag":[11892],"edicion":[12199,11865],"editoriales":[11867],"tienda":[],"autor_id":[20563],"universidades_coeditoras":[],"palabras_clave":[],"listado_alfabetico":[],"acf":[],"_links":{"self":[{"href":"https:\/\/wizardly-davinci.82-223-8-23.plesk.page\/en\/wp-json\/wp\/v2\/product\/56912"}],"collection":[{"href":"https:\/\/wizardly-davinci.82-223-8-23.plesk.page\/en\/wp-json\/wp\/v2\/product"}],"about":[{"href":"https:\/\/wizardly-davinci.82-223-8-23.plesk.page\/en\/wp-json\/wp\/v2\/types\/product"}],"replies":[{"embeddable":true,"href":"https:\/\/wizardly-davinci.82-223-8-23.plesk.page\/en\/wp-json\/wp\/v2\/comments?post=56912"}],"wp:featuredmedia":[{"embeddable":true,"href":"https:\/\/wizardly-davinci.82-223-8-23.plesk.page\/en\/wp-json\/wp\/v2\/media\/57268"}],"wp:attachment":[{"href":"https:\/\/wizardly-davinci.82-223-8-23.plesk.page\/en\/wp-json\/wp\/v2\/media?parent=56912"}],"wp:term":[{"taxonomy":"product_cat","embeddable":true,"href":"https:\/\/wizardly-davinci.82-223-8-23.plesk.page\/en\/wp-json\/wp\/v2\/product_cat?post=56912"},{"taxonomy":"product_tag","embeddable":true,"href":"https:\/\/wizardly-davinci.82-223-8-23.plesk.page\/en\/wp-json\/wp\/v2\/product_tag?post=56912"},{"taxonomy":"edicion","embeddable":true,"href":"https:\/\/wizardly-davinci.82-223-8-23.plesk.page\/en\/wp-json\/wp\/v2\/edicion?post=56912"},{"taxonomy":"editoriales","embeddable":true,"href":"https:\/\/wizardly-davinci.82-223-8-23.plesk.page\/en\/wp-json\/wp\/v2\/editoriales?post=56912"},{"taxonomy":"tienda","embeddable":true,"href":"https:\/\/wizardly-davinci.82-223-8-23.plesk.page\/en\/wp-json\/wp\/v2\/tienda?post=56912"},{"taxonomy":"autor_id","embeddable":true,"href":"https:\/\/wizardly-davinci.82-223-8-23.plesk.page\/en\/wp-json\/wp\/v2\/autor_id?post=56912"},{"taxonomy":"universidades_coeditoras","embeddable":true,"href":"https:\/\/wizardly-davinci.82-223-8-23.plesk.page\/en\/wp-json\/wp\/v2\/universidades_coeditoras?post=56912"},{"taxonomy":"palabras_clave","embeddable":true,"href":"https:\/\/wizardly-davinci.82-223-8-23.plesk.page\/en\/wp-json\/wp\/v2\/palabras_clave?post=56912"},{"taxonomy":"listado_alfabetico","embeddable":true,"href":"https:\/\/wizardly-davinci.82-223-8-23.plesk.page\/en\/wp-json\/wp\/v2\/listado_alfabetico?post=56912"}],"curies":[{"name":"wp","href":"https:\/\/api.w.org\/{rel}","templated":true}]}}