{"id":56914,"date":"2022-07-08T19:26:51","date_gmt":"2022-07-08T17:26:51","guid":{"rendered":"https:\/\/octaedro.com\/libro\/la-memoria-en-imagenes\/"},"modified":"2023-03-08T12:24:31","modified_gmt":"2023-03-08T11:24:31","slug":"la-memoria-en-imagenes-2","status":"publish","type":"product","link":"https:\/\/wizardly-davinci.82-223-8-23.plesk.page\/en\/producto\/la-memoria-en-imagenes-2\/","title":{"rendered":"La memoria en im\u00e1genes"},"content":{"rendered":"","protected":false},"excerpt":{"rendered":"<p>Este singular manual es una herramienta \u00fanica para comprender todos los aspectos relacionados con la preservaci\u00f3n cinematogr\u00e1fica y todas las particularidades que ata\u00f1en a los materiales f\u00edlmicos. Para su confecci\u00f3n se han desentra\u00f1ado los complejos ensayos e investigaciones cient\u00edficas de los m\u00e1s prestigiosos expertos, con el fin de hacer llegar los conocimientos que en ellos se encierran a legos y especialistas de una forma sencilla y did\u00e1ctica, aunque sin perder el rigor cient\u00edfico necesario.<\/p>\n<p>Partiendo del concepto de \u00abpatrimonio cinematogr\u00e1fico\u00bb recorre los or\u00edgenes del arte cinematogr\u00e1fico, y todos los inventos que contribuyeron a generarlo, pasando por la historia de las filmotecas y los distintos formatos y procesos de color, para centrarse en la problem\u00e1tica existente con la degradaci\u00f3n de los soportes y las soluciones adoptadas para su conservaci\u00f3n, tratando de aportar luz sobre t\u00e9rminos controvertidos en el \u00e1rea de la gesti\u00f3n del patrimonio audiovisual como es el de \u00abpreservaci\u00f3n\u00bb.<\/p>\n","protected":false},"featured_media":60176,"comment_status":"open","ping_status":"closed","template":"","meta":{"_et_pb_use_builder":"","_et_pb_old_content":"","_et_gb_content_width":""},"product_cat":[11899,11858,11859,11912],"product_tag":[11892],"edicion":[12199,11865],"editoriales":[11867],"tienda":[],"autor_id":[20565],"universidades_coeditoras":[],"palabras_clave":[],"listado_alfabetico":[],"acf":[],"_links":{"self":[{"href":"https:\/\/wizardly-davinci.82-223-8-23.plesk.page\/en\/wp-json\/wp\/v2\/product\/56914"}],"collection":[{"href":"https:\/\/wizardly-davinci.82-223-8-23.plesk.page\/en\/wp-json\/wp\/v2\/product"}],"about":[{"href":"https:\/\/wizardly-davinci.82-223-8-23.plesk.page\/en\/wp-json\/wp\/v2\/types\/product"}],"replies":[{"embeddable":true,"href":"https:\/\/wizardly-davinci.82-223-8-23.plesk.page\/en\/wp-json\/wp\/v2\/comments?post=56914"}],"wp:featuredmedia":[{"embeddable":true,"href":"https:\/\/wizardly-davinci.82-223-8-23.plesk.page\/en\/wp-json\/wp\/v2\/media\/60176"}],"wp:attachment":[{"href":"https:\/\/wizardly-davinci.82-223-8-23.plesk.page\/en\/wp-json\/wp\/v2\/media?parent=56914"}],"wp:term":[{"taxonomy":"product_cat","embeddable":true,"href":"https:\/\/wizardly-davinci.82-223-8-23.plesk.page\/en\/wp-json\/wp\/v2\/product_cat?post=56914"},{"taxonomy":"product_tag","embeddable":true,"href":"https:\/\/wizardly-davinci.82-223-8-23.plesk.page\/en\/wp-json\/wp\/v2\/product_tag?post=56914"},{"taxonomy":"edicion","embeddable":true,"href":"https:\/\/wizardly-davinci.82-223-8-23.plesk.page\/en\/wp-json\/wp\/v2\/edicion?post=56914"},{"taxonomy":"editoriales","embeddable":true,"href":"https:\/\/wizardly-davinci.82-223-8-23.plesk.page\/en\/wp-json\/wp\/v2\/editoriales?post=56914"},{"taxonomy":"tienda","embeddable":true,"href":"https:\/\/wizardly-davinci.82-223-8-23.plesk.page\/en\/wp-json\/wp\/v2\/tienda?post=56914"},{"taxonomy":"autor_id","embeddable":true,"href":"https:\/\/wizardly-davinci.82-223-8-23.plesk.page\/en\/wp-json\/wp\/v2\/autor_id?post=56914"},{"taxonomy":"universidades_coeditoras","embeddable":true,"href":"https:\/\/wizardly-davinci.82-223-8-23.plesk.page\/en\/wp-json\/wp\/v2\/universidades_coeditoras?post=56914"},{"taxonomy":"palabras_clave","embeddable":true,"href":"https:\/\/wizardly-davinci.82-223-8-23.plesk.page\/en\/wp-json\/wp\/v2\/palabras_clave?post=56914"},{"taxonomy":"listado_alfabetico","embeddable":true,"href":"https:\/\/wizardly-davinci.82-223-8-23.plesk.page\/en\/wp-json\/wp\/v2\/listado_alfabetico?post=56914"}],"curies":[{"name":"wp","href":"https:\/\/api.w.org\/{rel}","templated":true}]}}