{"id":56917,"date":"2019-04-09T23:46:11","date_gmt":"2019-04-09T21:46:11","guid":{"rendered":"https:\/\/octaedro.com\/libro\/neuroeducacion-en-virtudes-cordiales\/"},"modified":"2023-02-22T13:42:04","modified_gmt":"2023-02-22T12:42:04","slug":"neuroeducacion-en-virtudes-cordiales-2","status":"publish","type":"product","link":"https:\/\/wizardly-davinci.82-223-8-23.plesk.page\/en\/producto\/neuroeducacion-en-virtudes-cordiales-2\/","title":{"rendered":"Neuroeducaci\u00f3n en virtudes cordiales"},"content":{"rendered":"<p>Los avances neurocient\u00edficos han revolucionado todos los campos de estudio. En el campo educativo, estos avances han dado lugar a una nueva disciplina, la neuroeducaci\u00f3n.<br \/>\nEste libro explica qu\u00e9 es la neuroeducaci\u00f3n, cu\u00e1les son sus principios b\u00e1sicos, cu\u00e1les son los neuromitos educativos vigentes y las principales aplicaciones pr\u00e1cticas neuroeducativas que pueden llevarse al aula. Se muestra c\u00f3mo la neuroeducaci\u00f3n puede contribuir a mejorar la educaci\u00f3n y a reconciliar lo que decimos con lo que hacemos, es decir, los valores que defendemos p\u00fablicamente con nuestras acciones, que, en muchas ocasiones, nada tienen que ver con ellos. Educar para una nueva ciudadan\u00eda se ha convertido en una cuesti\u00f3n de necesidad y responsabilidad con la que los docentes hemos de comprometernos si de verdad queremos un nuevo tipo de sociedad que sea \u00e9tica y que quiera actuar bien, m\u00e1s all\u00e1 de los meros intereses ego\u00edstas.<br \/>\nLa neuroeducaci\u00f3n nos da las claves id\u00f3neas para maximizar los beneficios de esta nueva educaci\u00f3n c\u00edvica, dando lugar a la propuesta que se presenta en este libro: la neuroeducaci\u00f3n en virtudes cordiales. Son virtudes que favorecen el di\u00e1logo, el reconocimiento rec\u00edproco y la justicia global. Educar en la pr\u00e1ctica de estas virtudes hace que se generen las redes neuronales necesarias para que los alumnos adquieran h\u00e1bitos que les predispongan a actuar buscando la justicia global de manera voluntaria, activa y convencida.<br \/>\nPretende ser de utilidad para los profesores de todos los niveles educativos (de manera especial para los de secundaria) y para los alumnos, a los que ayudar\u00e1 a conocerse mejor.<\/p>\n","protected":false},"excerpt":{"rendered":"<p>Los avances neurocient\u00edficos han revolucionado todos los campos de estudio. En el campo educativo, estos avances han dado lugar a una nueva disciplina, la neuroeducaci\u00f3n.<br \/>\nEste libro explica qu\u00e9 es la neuroeducaci\u00f3n, cu\u00e1les son sus principios b\u00e1sicos, cu\u00e1les son los neuromitos educativos vigentes y las principales aplicaciones pr\u00e1cticas neuroeducativas que pueden llevarse al aula. Se muestra c\u00f3mo la neuroeducaci\u00f3n puede contribuir a mejorar la educaci\u00f3n y a reconciliar lo que decimos con lo que hacemos, es decir, los valores que defendemos p\u00fablicamente con nuestras acciones, que, en muchas ocasiones, nada tienen que ver con ellos. Educar para una nueva ciudadan\u00eda se ha convertido en una cuesti\u00f3n de necesidad y responsabilidad con la que los docentes hemos de comprometernos si de verdad queremos un nuevo tipo de sociedad que sea \u00e9tica y que quiera actuar bien, m\u00e1s all\u00e1 de los meros intereses ego\u00edstas.<br \/>\nLa neuroeducaci\u00f3n nos da las claves id\u00f3neas para maximizar los beneficios de esta nueva educaci\u00f3n c\u00edvica, dando lugar a la propuesta que se presenta en este libro: la neuroeducaci\u00f3n en virtudes cordiales. Son virtudes que favorecen el di\u00e1logo, el reconocimiento rec\u00edproco y la justicia global. Educar en la pr\u00e1ctica de estas virtudes hace que se generen las redes neuronales necesarias para que los alumnos adquieran h\u00e1bitos que les predispongan a actuar buscando la justicia global de manera voluntaria, activa y convencida.<br \/>\nPretende ser de utilidad para los profesores de todos los niveles educativos (de manera especial para los de secundaria) y para los alumnos, a los que ayudar\u00e1 a conocerse mejor.<\/p>\n","protected":false},"featured_media":56918,"comment_status":"open","ping_status":"closed","template":"","meta":{"_et_pb_use_builder":"","_et_pb_old_content":"","_et_gb_content_width":""},"product_cat":[11899,11858,11913,11859,11907,11924],"product_tag":[11893],"edicion":[12178,11865],"editoriales":[11867],"tienda":[],"autor_id":[13925],"universidades_coeditoras":[],"palabras_clave":[],"listado_alfabetico":[],"acf":[],"_links":{"self":[{"href":"https:\/\/wizardly-davinci.82-223-8-23.plesk.page\/en\/wp-json\/wp\/v2\/product\/56917"}],"collection":[{"href":"https:\/\/wizardly-davinci.82-223-8-23.plesk.page\/en\/wp-json\/wp\/v2\/product"}],"about":[{"href":"https:\/\/wizardly-davinci.82-223-8-23.plesk.page\/en\/wp-json\/wp\/v2\/types\/product"}],"replies":[{"embeddable":true,"href":"https:\/\/wizardly-davinci.82-223-8-23.plesk.page\/en\/wp-json\/wp\/v2\/comments?post=56917"}],"wp:featuredmedia":[{"embeddable":true,"href":"https:\/\/wizardly-davinci.82-223-8-23.plesk.page\/en\/wp-json\/wp\/v2\/media\/56918"}],"wp:attachment":[{"href":"https:\/\/wizardly-davinci.82-223-8-23.plesk.page\/en\/wp-json\/wp\/v2\/media?parent=56917"}],"wp:term":[{"taxonomy":"product_cat","embeddable":true,"href":"https:\/\/wizardly-davinci.82-223-8-23.plesk.page\/en\/wp-json\/wp\/v2\/product_cat?post=56917"},{"taxonomy":"product_tag","embeddable":true,"href":"https:\/\/wizardly-davinci.82-223-8-23.plesk.page\/en\/wp-json\/wp\/v2\/product_tag?post=56917"},{"taxonomy":"edicion","embeddable":true,"href":"https:\/\/wizardly-davinci.82-223-8-23.plesk.page\/en\/wp-json\/wp\/v2\/edicion?post=56917"},{"taxonomy":"editoriales","embeddable":true,"href":"https:\/\/wizardly-davinci.82-223-8-23.plesk.page\/en\/wp-json\/wp\/v2\/editoriales?post=56917"},{"taxonomy":"tienda","embeddable":true,"href":"https:\/\/wizardly-davinci.82-223-8-23.plesk.page\/en\/wp-json\/wp\/v2\/tienda?post=56917"},{"taxonomy":"autor_id","embeddable":true,"href":"https:\/\/wizardly-davinci.82-223-8-23.plesk.page\/en\/wp-json\/wp\/v2\/autor_id?post=56917"},{"taxonomy":"universidades_coeditoras","embeddable":true,"href":"https:\/\/wizardly-davinci.82-223-8-23.plesk.page\/en\/wp-json\/wp\/v2\/universidades_coeditoras?post=56917"},{"taxonomy":"palabras_clave","embeddable":true,"href":"https:\/\/wizardly-davinci.82-223-8-23.plesk.page\/en\/wp-json\/wp\/v2\/palabras_clave?post=56917"},{"taxonomy":"listado_alfabetico","embeddable":true,"href":"https:\/\/wizardly-davinci.82-223-8-23.plesk.page\/en\/wp-json\/wp\/v2\/listado_alfabetico?post=56917"}],"curies":[{"name":"wp","href":"https:\/\/api.w.org\/{rel}","templated":true}]}}