{"id":56924,"date":"2019-04-09T23:41:21","date_gmt":"2019-04-09T21:41:21","guid":{"rendered":"https:\/\/octaedro.com\/libro\/retos-educativos-para-el-siglo-xxi\/"},"modified":"2023-02-22T13:42:05","modified_gmt":"2023-02-22T12:42:05","slug":"retos-educativos-para-el-siglo-xxi-2","status":"publish","type":"product","link":"https:\/\/wizardly-davinci.82-223-8-23.plesk.page\/en\/producto\/retos-educativos-para-el-siglo-xxi-2\/","title":{"rendered":"Retos educativos para el siglo XXI"},"content":{"rendered":"<p>En las \u00faltimas d\u00e9cadas asistimos a un gran n\u00famero de transformaciones que est\u00e1n afectando a los fines y los valores de la educaci\u00f3n y cambian cualitativamente la tarea educadora de la escuela y de la familia. Asimismo, los desarrollos de las disciplinas que analizan el aprendizaje y, especialmente, los avances de la neurociencia ofrecen nuevos conocimientos sobre c\u00f3mo aprendemos y c\u00f3mo nos construimos como personas.<br \/>\nEsta obra aborda dos valores clave en la educaci\u00f3n: la autonom\u00eda y la responsabilidad. Contiene un conjunto de estudios sobre las relaciones entre ambos conceptos. Cada uno de ellos lo hace desde una perspectiva contextual diferente: la filos\u00f3fica, la familia, la escuela, los espacios generados por las tecnolog\u00edas en la sociedad de la informaci\u00f3n y las aportaciones de la neurociencia en relaci\u00f3n con el aprendizaje y la educaci\u00f3n.<br \/>\nEst\u00e1 dirigida tanto a acad\u00e9micos y profesionales de la educaci\u00f3n como a padres y madres de familia. Educadores y familias deben establecer alianzas, necesarias para promover el logro de niveles \u00f3ptimos de autonom\u00eda y responsabilidad en las generaciones j\u00f3venes.<br \/>\nLos editores son profesores de la Facultad de Educaci\u00f3n de la Universidad de Barcelona, miembros del Grupo de Investigaci\u00f3n en Educaci\u00f3n Moral (GREM) y fueron los responsables de coordinar el Congreso Internacional de Teor\u00eda de la Educaci\u00f3n donde se presentaron los trabajos que contiene la obra.<\/p>\n","protected":false},"excerpt":{"rendered":"<p>En las \u00faltimas d\u00e9cadas asistimos a un gran n\u00famero de transformaciones que est\u00e1n afectando a los fines y los valores de la educaci\u00f3n y cambian cualitativamente la tarea educadora de la escuela y de la familia. Asimismo, los desarrollos de las disciplinas que analizan el aprendizaje y, especialmente, los avances de la neurociencia ofrecen nuevos conocimientos sobre c\u00f3mo aprendemos y c\u00f3mo nos construimos como personas.<br \/>\nEsta obra aborda dos valores clave en la educaci\u00f3n: la autonom\u00eda y la responsabilidad. Contiene un conjunto de estudios sobre las relaciones entre ambos conceptos. Cada uno de ellos lo hace desde una perspectiva contextual diferente: la filos\u00f3fica, la familia, la escuela, los espacios generados por las tecnolog\u00edas en la sociedad de la informaci\u00f3n y las aportaciones de la neurociencia en relaci\u00f3n con el aprendizaje y la educaci\u00f3n.<br \/>\nEst\u00e1 dirigida tanto a acad\u00e9micos y profesionales de la educaci\u00f3n como a padres y madres de familia. Educadores y familias deben establecer alianzas, necesarias para promover el logro de niveles \u00f3ptimos de autonom\u00eda y responsabilidad en las generaciones j\u00f3venes.<br \/>\nLos editores son profesores de la Facultad de Educaci\u00f3n de la Universidad de Barcelona, miembros del Grupo de Investigaci\u00f3n en Educaci\u00f3n Moral (GREM) y fueron los responsables de coordinar el Congreso Internacional de Teor\u00eda de la Educaci\u00f3n donde se presentaron los trabajos que contiene la obra.<\/p>\n","protected":false},"featured_media":56925,"comment_status":"open","ping_status":"closed","template":"","meta":{"_et_pb_use_builder":"","_et_pb_old_content":"","_et_gb_content_width":""},"product_cat":[11899,11858,11913,11859,11907],"product_tag":[11893],"edicion":[12178,11865],"editoriales":[11867],"tienda":[],"autor_id":[14155,14653],"universidades_coeditoras":[],"palabras_clave":[],"listado_alfabetico":[],"acf":[],"_links":{"self":[{"href":"https:\/\/wizardly-davinci.82-223-8-23.plesk.page\/en\/wp-json\/wp\/v2\/product\/56924"}],"collection":[{"href":"https:\/\/wizardly-davinci.82-223-8-23.plesk.page\/en\/wp-json\/wp\/v2\/product"}],"about":[{"href":"https:\/\/wizardly-davinci.82-223-8-23.plesk.page\/en\/wp-json\/wp\/v2\/types\/product"}],"replies":[{"embeddable":true,"href":"https:\/\/wizardly-davinci.82-223-8-23.plesk.page\/en\/wp-json\/wp\/v2\/comments?post=56924"}],"wp:featuredmedia":[{"embeddable":true,"href":"https:\/\/wizardly-davinci.82-223-8-23.plesk.page\/en\/wp-json\/wp\/v2\/media\/56925"}],"wp:attachment":[{"href":"https:\/\/wizardly-davinci.82-223-8-23.plesk.page\/en\/wp-json\/wp\/v2\/media?parent=56924"}],"wp:term":[{"taxonomy":"product_cat","embeddable":true,"href":"https:\/\/wizardly-davinci.82-223-8-23.plesk.page\/en\/wp-json\/wp\/v2\/product_cat?post=56924"},{"taxonomy":"product_tag","embeddable":true,"href":"https:\/\/wizardly-davinci.82-223-8-23.plesk.page\/en\/wp-json\/wp\/v2\/product_tag?post=56924"},{"taxonomy":"edicion","embeddable":true,"href":"https:\/\/wizardly-davinci.82-223-8-23.plesk.page\/en\/wp-json\/wp\/v2\/edicion?post=56924"},{"taxonomy":"editoriales","embeddable":true,"href":"https:\/\/wizardly-davinci.82-223-8-23.plesk.page\/en\/wp-json\/wp\/v2\/editoriales?post=56924"},{"taxonomy":"tienda","embeddable":true,"href":"https:\/\/wizardly-davinci.82-223-8-23.plesk.page\/en\/wp-json\/wp\/v2\/tienda?post=56924"},{"taxonomy":"autor_id","embeddable":true,"href":"https:\/\/wizardly-davinci.82-223-8-23.plesk.page\/en\/wp-json\/wp\/v2\/autor_id?post=56924"},{"taxonomy":"universidades_coeditoras","embeddable":true,"href":"https:\/\/wizardly-davinci.82-223-8-23.plesk.page\/en\/wp-json\/wp\/v2\/universidades_coeditoras?post=56924"},{"taxonomy":"palabras_clave","embeddable":true,"href":"https:\/\/wizardly-davinci.82-223-8-23.plesk.page\/en\/wp-json\/wp\/v2\/palabras_clave?post=56924"},{"taxonomy":"listado_alfabetico","embeddable":true,"href":"https:\/\/wizardly-davinci.82-223-8-23.plesk.page\/en\/wp-json\/wp\/v2\/listado_alfabetico?post=56924"}],"curies":[{"name":"wp","href":"https:\/\/api.w.org\/{rel}","templated":true}]}}