{"id":56981,"date":"2019-04-09T23:41:20","date_gmt":"2019-04-09T21:41:20","guid":{"rendered":"https:\/\/octaedro.com\/libro\/la-pedagogia-social-y-la-escuela\/"},"modified":"2023-02-22T13:42:05","modified_gmt":"2023-02-22T12:42:05","slug":"la-pedagogia-social-y-la-escuela-2","status":"publish","type":"product","link":"https:\/\/wizardly-davinci.82-223-8-23.plesk.page\/en\/producto\/la-pedagogia-social-y-la-escuela-2\/","title":{"rendered":"La pedagog\u00eda social y la escuela"},"content":{"rendered":"<p>Esta obra pretende desarrollar una de las nuevas dimensiones de la pedagog\u00eda social: la dimensi\u00f3n socioeducativa de la instituci\u00f3n escolar. Efectivamente, a pesar de que la pedagog\u00eda social tiene su origen y fundamentaci\u00f3n en las instituciones educativas no escolares, es evidente que la escuela tiene una dimensi\u00f3n educativa que va m\u00e1s all\u00e1 de lo que significa la instrucci\u00f3n, la escolarizaci\u00f3n. Este es, pues, el objetivo final del libro: poner en valor los aspectos socioeducativos de la instituci\u00f3n escolar, reivindicar la escuela como un espacio socioeducativo y aportar ejemplos concretos. Asimismo, los autores pretenden realizar una aportaci\u00f3n al desarrollo de la pedagog\u00eda social tanto desde una perspectiva acad\u00e9mica como desde una perspectiva profesional en un \u00e1mbito que necesita, en funci\u00f3n de la problem\u00e1tica que sufre la escuela en Espa\u00f1a, programas de intervenci\u00f3n socioeducativa en un sentido colaborativo entre la instituci\u00f3n escolar, las familias y la comunidad.<\/p>\n<p>La obra est\u00e1 dirigida a los acad\u00e9micos y profesionales de la pedagog\u00eda y de la educaci\u00f3n; a los maestros y profesores que trabajan en la educaci\u00f3n primaria y secundaria, y a los estudiantes de las titulaciones de grado de Pedagog\u00eda, Educaci\u00f3n Social, Trabajo Social o Maestro y del M\u00e1ster de Formaci\u00f3n de Profesorado de Secundaria.<\/p>\n","protected":false},"excerpt":{"rendered":"<p>Esta obra pretende desarrollar una de las nuevas dimensiones de la pedagog\u00eda social: la dimensi\u00f3n socioeducativa de la instituci\u00f3n escolar. Efectivamente, a pesar de que la pedagog\u00eda social tiene su origen y fundamentaci\u00f3n en las instituciones educativas no escolares, es evidente que la escuela tiene una dimensi\u00f3n educativa que va m\u00e1s all\u00e1 de lo que significa la instrucci\u00f3n, la escolarizaci\u00f3n. Este es, pues, el objetivo final del libro: poner en valor los aspectos socioeducativos de la instituci\u00f3n escolar, reivindicar la escuela como un espacio socioeducativo y aportar ejemplos concretos. Asimismo, los autores pretenden realizar una aportaci\u00f3n al desarrollo de la pedagog\u00eda social tanto desde una perspectiva acad\u00e9mica como desde una perspectiva profesional en un \u00e1mbito que necesita, en funci\u00f3n de la problem\u00e1tica que sufre la escuela en Espa\u00f1a, programas de intervenci\u00f3n socioeducativa en un sentido colaborativo entre la instituci\u00f3n escolar, las familias y la comunidad.<\/p>\n<p>La obra est\u00e1 dirigida a los acad\u00e9micos y profesionales de la pedagog\u00eda y de la educaci\u00f3n; a los maestros y profesores que trabajan en la educaci\u00f3n primaria y secundaria, y a los estudiantes de las titulaciones de grado de Pedagog\u00eda, Educaci\u00f3n Social, Trabajo Social o Maestro y del M\u00e1ster de Formaci\u00f3n de Profesorado de Secundaria.<\/p>\n","protected":false},"featured_media":56982,"comment_status":"open","ping_status":"closed","template":"","meta":{"_et_pb_use_builder":"","_et_pb_old_content":"","_et_gb_content_width":""},"product_cat":[11858,11907],"product_tag":[11860],"edicion":[11865],"editoriales":[11867],"tienda":[],"autor_id":[14591],"universidades_coeditoras":[],"palabras_clave":[],"listado_alfabetico":[],"acf":[],"_links":{"self":[{"href":"https:\/\/wizardly-davinci.82-223-8-23.plesk.page\/en\/wp-json\/wp\/v2\/product\/56981"}],"collection":[{"href":"https:\/\/wizardly-davinci.82-223-8-23.plesk.page\/en\/wp-json\/wp\/v2\/product"}],"about":[{"href":"https:\/\/wizardly-davinci.82-223-8-23.plesk.page\/en\/wp-json\/wp\/v2\/types\/product"}],"replies":[{"embeddable":true,"href":"https:\/\/wizardly-davinci.82-223-8-23.plesk.page\/en\/wp-json\/wp\/v2\/comments?post=56981"}],"wp:featuredmedia":[{"embeddable":true,"href":"https:\/\/wizardly-davinci.82-223-8-23.plesk.page\/en\/wp-json\/wp\/v2\/media\/56982"}],"wp:attachment":[{"href":"https:\/\/wizardly-davinci.82-223-8-23.plesk.page\/en\/wp-json\/wp\/v2\/media?parent=56981"}],"wp:term":[{"taxonomy":"product_cat","embeddable":true,"href":"https:\/\/wizardly-davinci.82-223-8-23.plesk.page\/en\/wp-json\/wp\/v2\/product_cat?post=56981"},{"taxonomy":"product_tag","embeddable":true,"href":"https:\/\/wizardly-davinci.82-223-8-23.plesk.page\/en\/wp-json\/wp\/v2\/product_tag?post=56981"},{"taxonomy":"edicion","embeddable":true,"href":"https:\/\/wizardly-davinci.82-223-8-23.plesk.page\/en\/wp-json\/wp\/v2\/edicion?post=56981"},{"taxonomy":"editoriales","embeddable":true,"href":"https:\/\/wizardly-davinci.82-223-8-23.plesk.page\/en\/wp-json\/wp\/v2\/editoriales?post=56981"},{"taxonomy":"tienda","embeddable":true,"href":"https:\/\/wizardly-davinci.82-223-8-23.plesk.page\/en\/wp-json\/wp\/v2\/tienda?post=56981"},{"taxonomy":"autor_id","embeddable":true,"href":"https:\/\/wizardly-davinci.82-223-8-23.plesk.page\/en\/wp-json\/wp\/v2\/autor_id?post=56981"},{"taxonomy":"universidades_coeditoras","embeddable":true,"href":"https:\/\/wizardly-davinci.82-223-8-23.plesk.page\/en\/wp-json\/wp\/v2\/universidades_coeditoras?post=56981"},{"taxonomy":"palabras_clave","embeddable":true,"href":"https:\/\/wizardly-davinci.82-223-8-23.plesk.page\/en\/wp-json\/wp\/v2\/palabras_clave?post=56981"},{"taxonomy":"listado_alfabetico","embeddable":true,"href":"https:\/\/wizardly-davinci.82-223-8-23.plesk.page\/en\/wp-json\/wp\/v2\/listado_alfabetico?post=56981"}],"curies":[{"name":"wp","href":"https:\/\/api.w.org\/{rel}","templated":true}]}}