{"id":56986,"date":"2019-04-09T23:41:20","date_gmt":"2019-04-09T21:41:20","guid":{"rendered":"https:\/\/octaedro.com\/libro\/la-escritura-academica-diagnostico-y-propuestas-de-actuacion\/"},"modified":"2023-02-22T13:42:09","modified_gmt":"2023-02-22T12:42:09","slug":"la-escritura-academica-diagnostico-y-propuestas-de-actuacion-2","status":"publish","type":"product","link":"https:\/\/wizardly-davinci.82-223-8-23.plesk.page\/en\/producto\/la-escritura-academica-diagnostico-y-propuestas-de-actuacion-2\/","title":{"rendered":"La escritura acad\u00e9mica: diagn\u00f3stico y propuestas de actuaci\u00f3n"},"content":{"rendered":"<p>La universidad demanda personas competentes en la capacidad de transmitir el conocimiento que se adquiere en las diferentes materias de estudio. En pleno siglo XXI, la trayectoria de un universitario no puede verse condicionada ni trabada por su nivel de competencia comunicativa, por tener dificultad para expresarse por escrito; todo estudiante debe saber utilizar el lenguaje como instrumento de comunicaci\u00f3n escrita, de representaci\u00f3n, interpretaci\u00f3n y comprensi\u00f3n de la realidad, de construcci\u00f3n y comunicaci\u00f3n del conocimiento y de organizaci\u00f3n y autorregulaci\u00f3n de su pensamiento<br \/>\nLos planteamientos que han llevado a elaborar esta publicaci\u00f3n se podr\u00edan concretar en los siguientes aspectos:<br \/>\n<strong>Contenidos<\/strong>: la estructuraci\u00f3n de los cap\u00edtulos pretende ser una gu\u00eda de actuaci\u00f3n para trabajar la escritura acad\u00e9mica desde un planteamiento de centro, abarcando las diferentes fases que conlleva: diagn\u00f3stico de la escritura acad\u00e9mica, propuestas para la creaci\u00f3n de un proyecto ling\u00fc\u00edstico de centro y, finalmente, pautas espec\u00edficas para trabajar la escritura acad\u00e9mica basadas en las principales dificultades que nos estamos encontrando en el mundo universitario.<br \/>\n<strong>Contexto<\/strong>: el an\u00e1lisis de la realidad a la que nos enfrentamos en el d\u00eda a d\u00eda de nuestra labor docente sirve de partida para planificar una formaci\u00f3n espec\u00edfica a lo largo de los cursos acad\u00e9micos, de manera que el alumnado afronte con \u00e9xito el dominio ling\u00fc\u00edstico del C1 al finalizar sus estudios de grado.<br \/>\n<strong>Destinatarios<\/strong>: las sugerencias de actuaci\u00f3n que aparecen en este trabajo se pueden aplicar a cualquiera de las titulaciones que conforman el panorama actual de la ense\u00f1anza superior. Pues, si bien se ha analizado el perfil de los estudiantes de los grados en Educaci\u00f3n Infantil y Primaria, se ofrecen unos materiales \u2013r\u00fabricas de evaluaci\u00f3n\u2013 y unas propuestas de actuaci\u00f3n que abarcan tanto el plano acad\u00e9mico como el futuro profesional.<\/p>\n","protected":false},"excerpt":{"rendered":"<p>La universidad demanda personas competentes en la capacidad de transmitir el conocimiento que se adquiere en las diferentes materias de estudio. En pleno siglo XXI, la trayectoria de un universitario no puede verse condicionada ni trabada por su nivel de competencia comunicativa, por tener dificultad para expresarse por escrito; todo estudiante debe saber utilizar el lenguaje como instrumento de comunicaci\u00f3n escrita, de representaci\u00f3n, interpretaci\u00f3n y comprensi\u00f3n de la realidad, de construcci\u00f3n y comunicaci\u00f3n del conocimiento y de organizaci\u00f3n y autorregulaci\u00f3n de su pensamiento<br \/>\nLos planteamientos que han llevado a elaborar esta publicaci\u00f3n se podr\u00edan concretar en los siguientes aspectos:<br \/>\n<strong>Contenidos<\/strong>: la estructuraci\u00f3n de los cap\u00edtulos pretende ser una gu\u00eda de actuaci\u00f3n para trabajar la escritura acad\u00e9mica desde un planteamiento de centro, abarcando las diferentes fases que conlleva: diagn\u00f3stico de la escritura acad\u00e9mica, propuestas para la creaci\u00f3n de un proyecto ling\u00fc\u00edstico de centro y, finalmente, pautas espec\u00edficas para trabajar la escritura acad\u00e9mica basadas en las principales dificultades que nos estamos encontrando en el mundo universitario.<br \/>\n<strong>Contexto<\/strong>: el an\u00e1lisis de la realidad a la que nos enfrentamos en el d\u00eda a d\u00eda de nuestra labor docente sirve de partida para planificar una formaci\u00f3n espec\u00edfica a lo largo de los cursos acad\u00e9micos, de manera que el alumnado afronte con \u00e9xito el dominio ling\u00fc\u00edstico del C1 al finalizar sus estudios de grado.<br \/>\n<strong>Destinatarios<\/strong>: las sugerencias de actuaci\u00f3n que aparecen en este trabajo se pueden aplicar a cualquiera de las titulaciones que conforman el panorama actual de la ense\u00f1anza superior. Pues, si bien se ha analizado el perfil de los estudiantes de los grados en Educaci\u00f3n Infantil y Primaria, se ofrecen unos materiales \u2013r\u00fabricas de evaluaci\u00f3n\u2013 y unas propuestas de actuaci\u00f3n que abarcan tanto el plano acad\u00e9mico como el futuro profesional.<\/p>\n","protected":false},"featured_media":56987,"comment_status":"open","ping_status":"closed","template":"","meta":{"_et_pb_use_builder":"","_et_pb_old_content":"","_et_gb_content_width":""},"product_cat":[11858,11907],"product_tag":[11860],"edicion":[11865],"editoriales":[11867],"tienda":[],"autor_id":[19909],"universidades_coeditoras":[14897],"palabras_clave":[],"listado_alfabetico":[],"acf":[],"_links":{"self":[{"href":"https:\/\/wizardly-davinci.82-223-8-23.plesk.page\/en\/wp-json\/wp\/v2\/product\/56986"}],"collection":[{"href":"https:\/\/wizardly-davinci.82-223-8-23.plesk.page\/en\/wp-json\/wp\/v2\/product"}],"about":[{"href":"https:\/\/wizardly-davinci.82-223-8-23.plesk.page\/en\/wp-json\/wp\/v2\/types\/product"}],"replies":[{"embeddable":true,"href":"https:\/\/wizardly-davinci.82-223-8-23.plesk.page\/en\/wp-json\/wp\/v2\/comments?post=56986"}],"wp:featuredmedia":[{"embeddable":true,"href":"https:\/\/wizardly-davinci.82-223-8-23.plesk.page\/en\/wp-json\/wp\/v2\/media\/56987"}],"wp:attachment":[{"href":"https:\/\/wizardly-davinci.82-223-8-23.plesk.page\/en\/wp-json\/wp\/v2\/media?parent=56986"}],"wp:term":[{"taxonomy":"product_cat","embeddable":true,"href":"https:\/\/wizardly-davinci.82-223-8-23.plesk.page\/en\/wp-json\/wp\/v2\/product_cat?post=56986"},{"taxonomy":"product_tag","embeddable":true,"href":"https:\/\/wizardly-davinci.82-223-8-23.plesk.page\/en\/wp-json\/wp\/v2\/product_tag?post=56986"},{"taxonomy":"edicion","embeddable":true,"href":"https:\/\/wizardly-davinci.82-223-8-23.plesk.page\/en\/wp-json\/wp\/v2\/edicion?post=56986"},{"taxonomy":"editoriales","embeddable":true,"href":"https:\/\/wizardly-davinci.82-223-8-23.plesk.page\/en\/wp-json\/wp\/v2\/editoriales?post=56986"},{"taxonomy":"tienda","embeddable":true,"href":"https:\/\/wizardly-davinci.82-223-8-23.plesk.page\/en\/wp-json\/wp\/v2\/tienda?post=56986"},{"taxonomy":"autor_id","embeddable":true,"href":"https:\/\/wizardly-davinci.82-223-8-23.plesk.page\/en\/wp-json\/wp\/v2\/autor_id?post=56986"},{"taxonomy":"universidades_coeditoras","embeddable":true,"href":"https:\/\/wizardly-davinci.82-223-8-23.plesk.page\/en\/wp-json\/wp\/v2\/universidades_coeditoras?post=56986"},{"taxonomy":"palabras_clave","embeddable":true,"href":"https:\/\/wizardly-davinci.82-223-8-23.plesk.page\/en\/wp-json\/wp\/v2\/palabras_clave?post=56986"},{"taxonomy":"listado_alfabetico","embeddable":true,"href":"https:\/\/wizardly-davinci.82-223-8-23.plesk.page\/en\/wp-json\/wp\/v2\/listado_alfabetico?post=56986"}],"curies":[{"name":"wp","href":"https:\/\/api.w.org\/{rel}","templated":true}]}}