{"id":57048,"date":"2018-04-01T23:02:18","date_gmt":"2018-04-01T21:02:18","guid":{"rendered":"https:\/\/octaedro.com\/libro\/cosechas\/"},"modified":"2023-02-22T13:42:19","modified_gmt":"2023-02-22T12:42:19","slug":"cosechas-2","status":"publish","type":"product","link":"https:\/\/wizardly-davinci.82-223-8-23.plesk.page\/en\/producto\/cosechas-2\/","title":{"rendered":"Cosechas"},"content":{"rendered":"<p>En Cosechas. Relatos de mucha gente peque\u00f1a Gustavo Duch nos deleita con breves relatos po\u00e9ticos que hablan sobre agroecolog\u00eda, derechos humanos (y terr\u00edcolas), soberan\u00eda alimentaria, fronteras, econom\u00eda\u2026 Relatos cargados de iron\u00eda y afecto, que reflexionan sobre la actualidad y nos invitan a cuestionar las injusticias de un sistema econ\u00f3mico capitalista y a poner la vida en el centro. El libro, dividido en tres partes (Cosechas, Cosechas de minifundio y Glosario) cuenta con las ilustraciones de la artista y activista ecuatoriana Sof\u00eda Acosta \u201cLa Suerte\u201d y un pr\u00f3logo de Bel\u00e9n Verdugo, mujer de la Castilla rural, peque\u00f1a campesina de la La Solana y productora de alimentos agroecol\u00f3gicos. Gustavo Duch es autor de Mucha gente peque\u00f1a y Secretos<\/p>\n","protected":false},"excerpt":{"rendered":"<p>En Cosechas. Relatos de mucha gente peque\u00f1a Gustavo Duch nos deleita con breves relatos po\u00e9ticos que hablan sobre agroecolog\u00eda, derechos humanos (y terr\u00edcolas), soberan\u00eda alimentaria, fronteras, econom\u00eda\u2026 Relatos cargados de iron\u00eda y afecto, que reflexionan sobre la actualidad y nos invitan a cuestionar las injusticias de un sistema econ\u00f3mico capitalista y a poner la vida en el centro. El libro, dividido en tres partes (Cosechas, Cosechas de minifundio y Glosario) cuenta con las ilustraciones de la artista y activista ecuatoriana Sof\u00eda Acosta \u201cLa Suerte\u201d y un pr\u00f3logo de Bel\u00e9n Verdugo, mujer de la Castilla rural, peque\u00f1a campesina de la La Solana y productora de alimentos agroecol\u00f3gicos. Gustavo Duch es autor de Mucha gente peque\u00f1a y Secretos<\/p>\n","protected":false},"featured_media":57056,"comment_status":"open","ping_status":"closed","template":"","meta":{"_et_pb_use_builder":"","_et_pb_old_content":"","_et_gb_content_width":""},"product_cat":[11882,11859],"product_tag":[11860],"edicion":[11865],"editoriales":[14865],"tienda":[],"autor_id":[13962],"universidades_coeditoras":[],"palabras_clave":[],"listado_alfabetico":[],"acf":[],"_links":{"self":[{"href":"https:\/\/wizardly-davinci.82-223-8-23.plesk.page\/en\/wp-json\/wp\/v2\/product\/57048"}],"collection":[{"href":"https:\/\/wizardly-davinci.82-223-8-23.plesk.page\/en\/wp-json\/wp\/v2\/product"}],"about":[{"href":"https:\/\/wizardly-davinci.82-223-8-23.plesk.page\/en\/wp-json\/wp\/v2\/types\/product"}],"replies":[{"embeddable":true,"href":"https:\/\/wizardly-davinci.82-223-8-23.plesk.page\/en\/wp-json\/wp\/v2\/comments?post=57048"}],"wp:featuredmedia":[{"embeddable":true,"href":"https:\/\/wizardly-davinci.82-223-8-23.plesk.page\/en\/wp-json\/wp\/v2\/media\/57056"}],"wp:attachment":[{"href":"https:\/\/wizardly-davinci.82-223-8-23.plesk.page\/en\/wp-json\/wp\/v2\/media?parent=57048"}],"wp:term":[{"taxonomy":"product_cat","embeddable":true,"href":"https:\/\/wizardly-davinci.82-223-8-23.plesk.page\/en\/wp-json\/wp\/v2\/product_cat?post=57048"},{"taxonomy":"product_tag","embeddable":true,"href":"https:\/\/wizardly-davinci.82-223-8-23.plesk.page\/en\/wp-json\/wp\/v2\/product_tag?post=57048"},{"taxonomy":"edicion","embeddable":true,"href":"https:\/\/wizardly-davinci.82-223-8-23.plesk.page\/en\/wp-json\/wp\/v2\/edicion?post=57048"},{"taxonomy":"editoriales","embeddable":true,"href":"https:\/\/wizardly-davinci.82-223-8-23.plesk.page\/en\/wp-json\/wp\/v2\/editoriales?post=57048"},{"taxonomy":"tienda","embeddable":true,"href":"https:\/\/wizardly-davinci.82-223-8-23.plesk.page\/en\/wp-json\/wp\/v2\/tienda?post=57048"},{"taxonomy":"autor_id","embeddable":true,"href":"https:\/\/wizardly-davinci.82-223-8-23.plesk.page\/en\/wp-json\/wp\/v2\/autor_id?post=57048"},{"taxonomy":"universidades_coeditoras","embeddable":true,"href":"https:\/\/wizardly-davinci.82-223-8-23.plesk.page\/en\/wp-json\/wp\/v2\/universidades_coeditoras?post=57048"},{"taxonomy":"palabras_clave","embeddable":true,"href":"https:\/\/wizardly-davinci.82-223-8-23.plesk.page\/en\/wp-json\/wp\/v2\/palabras_clave?post=57048"},{"taxonomy":"listado_alfabetico","embeddable":true,"href":"https:\/\/wizardly-davinci.82-223-8-23.plesk.page\/en\/wp-json\/wp\/v2\/listado_alfabetico?post=57048"}],"curies":[{"name":"wp","href":"https:\/\/api.w.org\/{rel}","templated":true}]}}