{"id":57053,"date":"2019-04-09T23:41:16","date_gmt":"2019-04-09T21:41:16","guid":{"rendered":"https:\/\/octaedro.com\/libro\/lenguas-e-inmigracion-en-la-ciudad-de-jaen\/"},"modified":"2023-02-22T13:42:24","modified_gmt":"2023-02-22T12:42:24","slug":"lenguas-e-inmigracion-en-la-ciudad-de-jaen-2","status":"publish","type":"product","link":"https:\/\/wizardly-davinci.82-223-8-23.plesk.page\/en\/producto\/lenguas-e-inmigracion-en-la-ciudad-de-jaen-2\/","title":{"rendered":"Lenguas e inmigraci\u00f3n en la ciudad de Ja\u00e9n"},"content":{"rendered":"<p>Los movimientos migratorios recientes han dado lugar a un panorama de enorme riqueza ling\u00fc\u00edstica y cultural en distintos puntos de la geograf\u00eda espa\u00f1ola. Al mismo tiempo, las situaciones de multiling\u00fcismo derivadas de los flujos migratorios han puesto de manifiesto la necesidad de describir y catalogar esa nueva realidad socioling\u00fc\u00edstica como paso previo a cualquier medida de integraci\u00f3n ling\u00fc\u00edstica de la poblaci\u00f3n inmigrante.<br \/>\nLa presente monograf\u00eda aborda el estudio de distintos aspectos socioling\u00fc\u00edsticos, tipol\u00f3gicos, filogen\u00e9ticos y pragm\u00e1ticos relacionados con las lenguas habladas por la poblaci\u00f3n extranjera estable de la ciudad de Ja\u00e9n. Viene, de este modo, a ocupar un vac\u00edo importante en los estudios que sobre el tema se han desarrollado en Espa\u00f1a. Por un lado, ofrece un an\u00e1lisis detallado del mapa humano y ling\u00fc\u00edstico de la ciudad, del perfil socioling\u00fc\u00edstico y de las actitudes ling\u00fc\u00edsticas de los hablantes, adem\u00e1s de tratar distintas cuestiones de inter\u00e9s acerca de los retos que plantea el proceso de integraci\u00f3n de estos hablantes. Por otro lado, describe de forma breve y comprensible algunas de las caracter\u00edsticas esenciales de las lenguas recogidas en la muestra (filiaci\u00f3n gen\u00e9tica, n\u00famero de hablantes, distribuci\u00f3n geogr\u00e1fica, sistema de escritura, patrones comunicativos, etc.) y ofrece una descripci\u00f3n gramatical sucinta \u2013siempre contrastada con el espa\u00f1ol\u2013 de las lenguas m\u00e1s representadas en la ciudad de Ja\u00e9n, como el \u00e1rabe est\u00e1ndar moderno y el chino mandar\u00edn.<br \/>\nEste libro es resultado de la investigaci\u00f3n realizada en el proyecto de excelencia Cat\u00e1logo de lenguas y censo ling\u00fc\u00edstico de la poblaci\u00f3n extranjera estable de la ciudad de Ja\u00e9n, financiado entre los a\u00f1os 2008-2012 por la Consejer\u00eda de Innovaci\u00f3n, Ciencia y Empresa de la Junta de Andaluc\u00eda con la ayuda de los fondos FEDER.<\/p>\n","protected":false},"excerpt":{"rendered":"<p>Los movimientos migratorios recientes han dado lugar a un panorama de enorme riqueza ling\u00fc\u00edstica y cultural en distintos puntos de la geograf\u00eda espa\u00f1ola. Al mismo tiempo, las situaciones de multiling\u00fcismo derivadas de los flujos migratorios han puesto de manifiesto la necesidad de describir y catalogar esa nueva realidad socioling\u00fc\u00edstica como paso previo a cualquier medida de integraci\u00f3n ling\u00fc\u00edstica de la poblaci\u00f3n inmigrante.<br \/>\nLa presente monograf\u00eda aborda el estudio de distintos aspectos socioling\u00fc\u00edsticos, tipol\u00f3gicos, filogen\u00e9ticos y pragm\u00e1ticos relacionados con las lenguas habladas por la poblaci\u00f3n extranjera estable de la ciudad de Ja\u00e9n. Viene, de este modo, a ocupar un vac\u00edo importante en los estudios que sobre el tema se han desarrollado en Espa\u00f1a. Por un lado, ofrece un an\u00e1lisis detallado del mapa humano y ling\u00fc\u00edstico de la ciudad, del perfil socioling\u00fc\u00edstico y de las actitudes ling\u00fc\u00edsticas de los hablantes, adem\u00e1s de tratar distintas cuestiones de inter\u00e9s acerca de los retos que plantea el proceso de integraci\u00f3n de estos hablantes. Por otro lado, describe de forma breve y comprensible algunas de las caracter\u00edsticas esenciales de las lenguas recogidas en la muestra (filiaci\u00f3n gen\u00e9tica, n\u00famero de hablantes, distribuci\u00f3n geogr\u00e1fica, sistema de escritura, patrones comunicativos, etc.) y ofrece una descripci\u00f3n gramatical sucinta \u2013siempre contrastada con el espa\u00f1ol\u2013 de las lenguas m\u00e1s representadas en la ciudad de Ja\u00e9n, como el \u00e1rabe est\u00e1ndar moderno y el chino mandar\u00edn.<br \/>\nEste libro es resultado de la investigaci\u00f3n realizada en el proyecto de excelencia Cat\u00e1logo de lenguas y censo ling\u00fc\u00edstico de la poblaci\u00f3n extranjera estable de la ciudad de Ja\u00e9n, financiado entre los a\u00f1os 2008-2012 por la Consejer\u00eda de Innovaci\u00f3n, Ciencia y Empresa de la Junta de Andaluc\u00eda con la ayuda de los fondos FEDER.<\/p>\n","protected":false},"featured_media":57059,"comment_status":"open","ping_status":"closed","template":"","meta":{"_et_pb_use_builder":"","_et_pb_old_content":"","_et_gb_content_width":""},"product_cat":[11858,11859],"product_tag":[11860],"edicion":[11865],"editoriales":[11867],"tienda":[],"autor_id":[14169,14214,14206,12326],"universidades_coeditoras":[],"palabras_clave":[],"listado_alfabetico":[],"acf":[],"_links":{"self":[{"href":"https:\/\/wizardly-davinci.82-223-8-23.plesk.page\/en\/wp-json\/wp\/v2\/product\/57053"}],"collection":[{"href":"https:\/\/wizardly-davinci.82-223-8-23.plesk.page\/en\/wp-json\/wp\/v2\/product"}],"about":[{"href":"https:\/\/wizardly-davinci.82-223-8-23.plesk.page\/en\/wp-json\/wp\/v2\/types\/product"}],"replies":[{"embeddable":true,"href":"https:\/\/wizardly-davinci.82-223-8-23.plesk.page\/en\/wp-json\/wp\/v2\/comments?post=57053"}],"wp:featuredmedia":[{"embeddable":true,"href":"https:\/\/wizardly-davinci.82-223-8-23.plesk.page\/en\/wp-json\/wp\/v2\/media\/57059"}],"wp:attachment":[{"href":"https:\/\/wizardly-davinci.82-223-8-23.plesk.page\/en\/wp-json\/wp\/v2\/media?parent=57053"}],"wp:term":[{"taxonomy":"product_cat","embeddable":true,"href":"https:\/\/wizardly-davinci.82-223-8-23.plesk.page\/en\/wp-json\/wp\/v2\/product_cat?post=57053"},{"taxonomy":"product_tag","embeddable":true,"href":"https:\/\/wizardly-davinci.82-223-8-23.plesk.page\/en\/wp-json\/wp\/v2\/product_tag?post=57053"},{"taxonomy":"edicion","embeddable":true,"href":"https:\/\/wizardly-davinci.82-223-8-23.plesk.page\/en\/wp-json\/wp\/v2\/edicion?post=57053"},{"taxonomy":"editoriales","embeddable":true,"href":"https:\/\/wizardly-davinci.82-223-8-23.plesk.page\/en\/wp-json\/wp\/v2\/editoriales?post=57053"},{"taxonomy":"tienda","embeddable":true,"href":"https:\/\/wizardly-davinci.82-223-8-23.plesk.page\/en\/wp-json\/wp\/v2\/tienda?post=57053"},{"taxonomy":"autor_id","embeddable":true,"href":"https:\/\/wizardly-davinci.82-223-8-23.plesk.page\/en\/wp-json\/wp\/v2\/autor_id?post=57053"},{"taxonomy":"universidades_coeditoras","embeddable":true,"href":"https:\/\/wizardly-davinci.82-223-8-23.plesk.page\/en\/wp-json\/wp\/v2\/universidades_coeditoras?post=57053"},{"taxonomy":"palabras_clave","embeddable":true,"href":"https:\/\/wizardly-davinci.82-223-8-23.plesk.page\/en\/wp-json\/wp\/v2\/palabras_clave?post=57053"},{"taxonomy":"listado_alfabetico","embeddable":true,"href":"https:\/\/wizardly-davinci.82-223-8-23.plesk.page\/en\/wp-json\/wp\/v2\/listado_alfabetico?post=57053"}],"curies":[{"name":"wp","href":"https:\/\/api.w.org\/{rel}","templated":true}]}}