{"id":57064,"date":"2017-12-01T23:02:17","date_gmt":"2017-12-01T22:02:17","guid":{"rendered":"https:\/\/octaedro.com\/libro\/el-primer-juego-de-juan-y-marina\/"},"modified":"2023-03-08T12:24:53","modified_gmt":"2023-03-08T11:24:53","slug":"el-primer-juego-de-juan-y-marina-2","status":"publish","type":"product","link":"https:\/\/wizardly-davinci.82-223-8-23.plesk.page\/en\/producto\/el-primer-juego-de-juan-y-marina-2\/","title":{"rendered":"El primer juego de Juan y Marina"},"content":{"rendered":"<p>El primer juego de Juan y Marina, de Montse Catal\u00e1n Morera (textos) y Marc Rodr\u00edguez (ilustraciones), muestra la relaci\u00f3n de complicidad que establece una ni\u00f1a con su hermano peque\u00f1o cuando todav\u00eda no ha nacido. La madre integra a los dos entrando en su juego, reconociendo sus necesidades diferentes. Es el arte de acompa\u00f1ar el crecimiento intentando evitar el inicio de los celos. \u201c9 M\u00f3n, acompa\u00f1ando a Migjorn\u201d y Pol\u00b7len edicions queremos presentaros esta colecci\u00f3n de cuentos en la cual se respira el cuidado de la vida desde su inicio.<\/p>\n","protected":false},"excerpt":{"rendered":"<p>El primer juego de Juan y Marina, de Montse Catal\u00e1n Morera (textos) y Marc Rodr\u00edguez (ilustraciones), muestra la relaci\u00f3n de complicidad que establece una ni\u00f1a con su hermano peque\u00f1o cuando todav\u00eda no ha nacido. La madre integra a los dos entrando en su juego, reconociendo sus necesidades diferentes. Es el arte de acompa\u00f1ar el crecimiento intentando evitar el inicio de los celos. \u201c9 M\u00f3n, acompa\u00f1ando a Migjorn\u201d y Pol\u00b7len edicions queremos presentaros esta colecci\u00f3n de cuentos en la cual se respira el cuidado de la vida desde su inicio.<\/p>\n","protected":false},"featured_media":57065,"comment_status":"open","ping_status":"closed","template":"","meta":{"_et_pb_use_builder":"","_et_pb_old_content":"","_et_gb_content_width":""},"product_cat":[11882,11859],"product_tag":[11860],"edicion":[11865],"editoriales":[14865],"tienda":[],"autor_id":[],"universidades_coeditoras":[],"palabras_clave":[],"listado_alfabetico":[],"acf":[],"_links":{"self":[{"href":"https:\/\/wizardly-davinci.82-223-8-23.plesk.page\/en\/wp-json\/wp\/v2\/product\/57064"}],"collection":[{"href":"https:\/\/wizardly-davinci.82-223-8-23.plesk.page\/en\/wp-json\/wp\/v2\/product"}],"about":[{"href":"https:\/\/wizardly-davinci.82-223-8-23.plesk.page\/en\/wp-json\/wp\/v2\/types\/product"}],"replies":[{"embeddable":true,"href":"https:\/\/wizardly-davinci.82-223-8-23.plesk.page\/en\/wp-json\/wp\/v2\/comments?post=57064"}],"wp:featuredmedia":[{"embeddable":true,"href":"https:\/\/wizardly-davinci.82-223-8-23.plesk.page\/en\/wp-json\/wp\/v2\/media\/57065"}],"wp:attachment":[{"href":"https:\/\/wizardly-davinci.82-223-8-23.plesk.page\/en\/wp-json\/wp\/v2\/media?parent=57064"}],"wp:term":[{"taxonomy":"product_cat","embeddable":true,"href":"https:\/\/wizardly-davinci.82-223-8-23.plesk.page\/en\/wp-json\/wp\/v2\/product_cat?post=57064"},{"taxonomy":"product_tag","embeddable":true,"href":"https:\/\/wizardly-davinci.82-223-8-23.plesk.page\/en\/wp-json\/wp\/v2\/product_tag?post=57064"},{"taxonomy":"edicion","embeddable":true,"href":"https:\/\/wizardly-davinci.82-223-8-23.plesk.page\/en\/wp-json\/wp\/v2\/edicion?post=57064"},{"taxonomy":"editoriales","embeddable":true,"href":"https:\/\/wizardly-davinci.82-223-8-23.plesk.page\/en\/wp-json\/wp\/v2\/editoriales?post=57064"},{"taxonomy":"tienda","embeddable":true,"href":"https:\/\/wizardly-davinci.82-223-8-23.plesk.page\/en\/wp-json\/wp\/v2\/tienda?post=57064"},{"taxonomy":"autor_id","embeddable":true,"href":"https:\/\/wizardly-davinci.82-223-8-23.plesk.page\/en\/wp-json\/wp\/v2\/autor_id?post=57064"},{"taxonomy":"universidades_coeditoras","embeddable":true,"href":"https:\/\/wizardly-davinci.82-223-8-23.plesk.page\/en\/wp-json\/wp\/v2\/universidades_coeditoras?post=57064"},{"taxonomy":"palabras_clave","embeddable":true,"href":"https:\/\/wizardly-davinci.82-223-8-23.plesk.page\/en\/wp-json\/wp\/v2\/palabras_clave?post=57064"},{"taxonomy":"listado_alfabetico","embeddable":true,"href":"https:\/\/wizardly-davinci.82-223-8-23.plesk.page\/en\/wp-json\/wp\/v2\/listado_alfabetico?post=57064"}],"curies":[{"name":"wp","href":"https:\/\/api.w.org\/{rel}","templated":true}]}}