{"id":57080,"date":"2019-04-09T23:41:16","date_gmt":"2019-04-09T21:41:16","guid":{"rendered":"https:\/\/octaedro.com\/libro\/educacion-para-la-paz-y-seguridad-humana-en-una-sociedad-intercultural\/"},"modified":"2023-02-22T13:42:29","modified_gmt":"2023-02-22T12:42:29","slug":"educacion-para-la-paz-y-seguridad-humana-en-una-sociedad-intercultural-2","status":"publish","type":"product","link":"https:\/\/wizardly-davinci.82-223-8-23.plesk.page\/en\/producto\/educacion-para-la-paz-y-seguridad-humana-en-una-sociedad-intercultural-2\/","title":{"rendered":"Educaci\u00f3n para la paz y seguridad humana en una sociedad intercultural"},"content":{"rendered":"<p>La paz es un tema que involucra de una u otra forma a todas las instituciones, sociedades, administraciones y a todas las personas, especialmente a los educadores. De manera m\u00e1s precisa, la educaci\u00f3n para la paz es tambi\u00e9n una materia en permanente an\u00e1lisis e innovaci\u00f3n conceptual y pr\u00e1ctica desde el \u00e1mbito de la pedagog\u00eda. As\u00ed, el presente libro plantea la necesidad de reflexionar sobre dise\u00f1os did\u00e1cticos donde la educaci\u00f3n para la paz se vincule con la construcci\u00f3n democr\u00e1tica de comunidades de aprendizaje, interculturalidad y desarrollo sostenible. Y es que vivimos en un mundo donde todo est\u00e1 conectado, en una globalizaci\u00f3n cultural que modula continuamente entre lo universal y lo relativo, siendo la diversidad y la seguridad humana elementos claves para una nueva educaci\u00f3n para la paz reflexiva e inclusiva.<br \/>\nTambi\u00e9n se analiza cr\u00edticamente la imagen social de las Fuerzas Armadas en la escuela; en concreto, la mirada del profesorado sobre las misiones humanitarias y de paz de las Fuerzas Armadas. Para ello, abordamos los diferentes ejes educativos, tanto conceptuales como metodol\u00f3gicos y de an\u00e1lisis de investigaci\u00f3n, sobre la potencialidad pedag\u00f3gica de las misiones humanitarias y de paz de las Fuerzas Armadas en el curr\u00edculum escolar.<br \/>\nDirigimos esta obra a los estudiantes universitarios de m\u00e1ster y cursos de posgrado de educaci\u00f3n, cultura de paz, conflictos, filosof\u00eda y derechos humanos; as\u00ed como al profesorado de los distintos niveles educativos, a profesionales de las Fuerzas Armadas, a formadores en seguridad humana y a personas preocupadas por la educaci\u00f3n para la paz y la interculturalidad.<\/p>\n","protected":false},"excerpt":{"rendered":"<p>La paz es un tema que involucra de una u otra forma a todas las instituciones, sociedades, administraciones y a todas las personas, especialmente a los educadores. De manera m\u00e1s precisa, la educaci\u00f3n para la paz es tambi\u00e9n una materia en permanente an\u00e1lisis e innovaci\u00f3n conceptual y pr\u00e1ctica desde el \u00e1mbito de la pedagog\u00eda. As\u00ed, el presente libro plantea la necesidad de reflexionar sobre dise\u00f1os did\u00e1cticos donde la educaci\u00f3n para la paz se vincule con la construcci\u00f3n democr\u00e1tica de comunidades de aprendizaje, interculturalidad y desarrollo sostenible. Y es que vivimos en un mundo donde todo est\u00e1 conectado, en una globalizaci\u00f3n cultural que modula continuamente entre lo universal y lo relativo, siendo la diversidad y la seguridad humana elementos claves para una nueva educaci\u00f3n para la paz reflexiva e inclusiva.<br \/>\nTambi\u00e9n se analiza cr\u00edticamente la imagen social de las Fuerzas Armadas en la escuela; en concreto, la mirada del profesorado sobre las misiones humanitarias y de paz de las Fuerzas Armadas. Para ello, abordamos los diferentes ejes educativos, tanto conceptuales como metodol\u00f3gicos y de an\u00e1lisis de investigaci\u00f3n, sobre la potencialidad pedag\u00f3gica de las misiones humanitarias y de paz de las Fuerzas Armadas en el curr\u00edculum escolar.<br \/>\nDirigimos esta obra a los estudiantes universitarios de m\u00e1ster y cursos de posgrado de educaci\u00f3n, cultura de paz, conflictos, filosof\u00eda y derechos humanos; as\u00ed como al profesorado de los distintos niveles educativos, a profesionales de las Fuerzas Armadas, a formadores en seguridad humana y a personas preocupadas por la educaci\u00f3n para la paz y la interculturalidad.<\/p>\n","protected":false},"featured_media":57086,"comment_status":"open","ping_status":"closed","template":"","meta":{"_et_pb_use_builder":"","_et_pb_old_content":"","_et_gb_content_width":""},"product_cat":[11858],"product_tag":[11860],"edicion":[11865],"editoriales":[11867],"tienda":[],"autor_id":[12492],"universidades_coeditoras":[],"palabras_clave":[],"listado_alfabetico":[],"acf":[],"_links":{"self":[{"href":"https:\/\/wizardly-davinci.82-223-8-23.plesk.page\/en\/wp-json\/wp\/v2\/product\/57080"}],"collection":[{"href":"https:\/\/wizardly-davinci.82-223-8-23.plesk.page\/en\/wp-json\/wp\/v2\/product"}],"about":[{"href":"https:\/\/wizardly-davinci.82-223-8-23.plesk.page\/en\/wp-json\/wp\/v2\/types\/product"}],"replies":[{"embeddable":true,"href":"https:\/\/wizardly-davinci.82-223-8-23.plesk.page\/en\/wp-json\/wp\/v2\/comments?post=57080"}],"wp:featuredmedia":[{"embeddable":true,"href":"https:\/\/wizardly-davinci.82-223-8-23.plesk.page\/en\/wp-json\/wp\/v2\/media\/57086"}],"wp:attachment":[{"href":"https:\/\/wizardly-davinci.82-223-8-23.plesk.page\/en\/wp-json\/wp\/v2\/media?parent=57080"}],"wp:term":[{"taxonomy":"product_cat","embeddable":true,"href":"https:\/\/wizardly-davinci.82-223-8-23.plesk.page\/en\/wp-json\/wp\/v2\/product_cat?post=57080"},{"taxonomy":"product_tag","embeddable":true,"href":"https:\/\/wizardly-davinci.82-223-8-23.plesk.page\/en\/wp-json\/wp\/v2\/product_tag?post=57080"},{"taxonomy":"edicion","embeddable":true,"href":"https:\/\/wizardly-davinci.82-223-8-23.plesk.page\/en\/wp-json\/wp\/v2\/edicion?post=57080"},{"taxonomy":"editoriales","embeddable":true,"href":"https:\/\/wizardly-davinci.82-223-8-23.plesk.page\/en\/wp-json\/wp\/v2\/editoriales?post=57080"},{"taxonomy":"tienda","embeddable":true,"href":"https:\/\/wizardly-davinci.82-223-8-23.plesk.page\/en\/wp-json\/wp\/v2\/tienda?post=57080"},{"taxonomy":"autor_id","embeddable":true,"href":"https:\/\/wizardly-davinci.82-223-8-23.plesk.page\/en\/wp-json\/wp\/v2\/autor_id?post=57080"},{"taxonomy":"universidades_coeditoras","embeddable":true,"href":"https:\/\/wizardly-davinci.82-223-8-23.plesk.page\/en\/wp-json\/wp\/v2\/universidades_coeditoras?post=57080"},{"taxonomy":"palabras_clave","embeddable":true,"href":"https:\/\/wizardly-davinci.82-223-8-23.plesk.page\/en\/wp-json\/wp\/v2\/palabras_clave?post=57080"},{"taxonomy":"listado_alfabetico","embeddable":true,"href":"https:\/\/wizardly-davinci.82-223-8-23.plesk.page\/en\/wp-json\/wp\/v2\/listado_alfabetico?post=57080"}],"curies":[{"name":"wp","href":"https:\/\/api.w.org\/{rel}","templated":true}]}}