{"id":57081,"date":"2017-05-01T23:02:16","date_gmt":"2017-05-01T21:02:16","guid":{"rendered":"https:\/\/octaedro.com\/libro\/recoja-sus-cosas\/"},"modified":"2023-03-08T12:24:53","modified_gmt":"2023-03-08T11:24:53","slug":"recoja-sus-cosas-2","status":"publish","type":"product","link":"https:\/\/wizardly-davinci.82-223-8-23.plesk.page\/en\/producto\/recoja-sus-cosas-2\/","title":{"rendered":"Recoja sus cosas"},"content":{"rendered":"<p>Finalista del II Premio Mecoph en Periodismo Literario 2016 \u00bfC\u00f3mo vive la salida de la c\u00e1rcel una persona que lleva 30 a\u00f1os presa? \u00bfC\u00f3mo es el proceso de readaptaci\u00f3n a la vida social, en la calle? Recoja sus cosas narra las experiencias personales, humanas e incluso \u00edntimas de 5 ex presos de ETA, todos ellos afectados por la Dcotrina Parot y excarcelados en oto\u00f1o de 2013. Un reportaje novelado, con la colaboraci\u00f3n de Harrera Elkartea, intentando seguir la estela del periodismo literario. Hechos veraces, presentados como una narraci\u00f3n. Una pieza m\u00e1s en el relato plural del conflicto vasco, con la ciudad de Bilbao como escenario. El libro tiene un pr\u00f3logo de Arnaldo Otegi, un ep\u00edlogo de Alfon, y un anexo de las abogadas Laia Serra y Carla Vall sobre la Doctrina Parot.<\/p>\n","protected":false},"excerpt":{"rendered":"<p>Finalista del II Premio Mecoph en Periodismo Literario 2016 \u00bfC\u00f3mo vive la salida de la c\u00e1rcel una persona que lleva 30 a\u00f1os presa? \u00bfC\u00f3mo es el proceso de readaptaci\u00f3n a la vida social, en la calle? Recoja sus cosas narra las experiencias personales, humanas e incluso \u00edntimas de 5 ex presos de ETA, todos ellos afectados por la Dcotrina Parot y excarcelados en oto\u00f1o de 2013. Un reportaje novelado, con la colaboraci\u00f3n de Harrera Elkartea, intentando seguir la estela del periodismo literario. Hechos veraces, presentados como una narraci\u00f3n. Una pieza m\u00e1s en el relato plural del conflicto vasco, con la ciudad de Bilbao como escenario. El libro tiene un pr\u00f3logo de Arnaldo Otegi, un ep\u00edlogo de Alfon, y un anexo de las abogadas Laia Serra y Carla Vall sobre la Doctrina Parot.<\/p>\n","protected":false},"featured_media":57083,"comment_status":"open","ping_status":"closed","template":"","meta":{"_et_pb_use_builder":"","_et_pb_old_content":"","_et_gb_content_width":""},"product_cat":[11882,11859],"product_tag":[11860],"edicion":[11865],"editoriales":[14865],"tienda":[],"autor_id":[],"universidades_coeditoras":[],"palabras_clave":[],"listado_alfabetico":[],"acf":[],"_links":{"self":[{"href":"https:\/\/wizardly-davinci.82-223-8-23.plesk.page\/en\/wp-json\/wp\/v2\/product\/57081"}],"collection":[{"href":"https:\/\/wizardly-davinci.82-223-8-23.plesk.page\/en\/wp-json\/wp\/v2\/product"}],"about":[{"href":"https:\/\/wizardly-davinci.82-223-8-23.plesk.page\/en\/wp-json\/wp\/v2\/types\/product"}],"replies":[{"embeddable":true,"href":"https:\/\/wizardly-davinci.82-223-8-23.plesk.page\/en\/wp-json\/wp\/v2\/comments?post=57081"}],"wp:featuredmedia":[{"embeddable":true,"href":"https:\/\/wizardly-davinci.82-223-8-23.plesk.page\/en\/wp-json\/wp\/v2\/media\/57083"}],"wp:attachment":[{"href":"https:\/\/wizardly-davinci.82-223-8-23.plesk.page\/en\/wp-json\/wp\/v2\/media?parent=57081"}],"wp:term":[{"taxonomy":"product_cat","embeddable":true,"href":"https:\/\/wizardly-davinci.82-223-8-23.plesk.page\/en\/wp-json\/wp\/v2\/product_cat?post=57081"},{"taxonomy":"product_tag","embeddable":true,"href":"https:\/\/wizardly-davinci.82-223-8-23.plesk.page\/en\/wp-json\/wp\/v2\/product_tag?post=57081"},{"taxonomy":"edicion","embeddable":true,"href":"https:\/\/wizardly-davinci.82-223-8-23.plesk.page\/en\/wp-json\/wp\/v2\/edicion?post=57081"},{"taxonomy":"editoriales","embeddable":true,"href":"https:\/\/wizardly-davinci.82-223-8-23.plesk.page\/en\/wp-json\/wp\/v2\/editoriales?post=57081"},{"taxonomy":"tienda","embeddable":true,"href":"https:\/\/wizardly-davinci.82-223-8-23.plesk.page\/en\/wp-json\/wp\/v2\/tienda?post=57081"},{"taxonomy":"autor_id","embeddable":true,"href":"https:\/\/wizardly-davinci.82-223-8-23.plesk.page\/en\/wp-json\/wp\/v2\/autor_id?post=57081"},{"taxonomy":"universidades_coeditoras","embeddable":true,"href":"https:\/\/wizardly-davinci.82-223-8-23.plesk.page\/en\/wp-json\/wp\/v2\/universidades_coeditoras?post=57081"},{"taxonomy":"palabras_clave","embeddable":true,"href":"https:\/\/wizardly-davinci.82-223-8-23.plesk.page\/en\/wp-json\/wp\/v2\/palabras_clave?post=57081"},{"taxonomy":"listado_alfabetico","embeddable":true,"href":"https:\/\/wizardly-davinci.82-223-8-23.plesk.page\/en\/wp-json\/wp\/v2\/listado_alfabetico?post=57081"}],"curies":[{"name":"wp","href":"https:\/\/api.w.org\/{rel}","templated":true}]}}