{"id":57084,"date":"2017-09-01T14:02:14","date_gmt":"2017-09-01T12:02:14","guid":{"rendered":"https:\/\/octaedro.com\/libro\/espana-error-de-sistema\/"},"modified":"2023-03-08T12:24:59","modified_gmt":"2023-03-08T11:24:59","slug":"espana-error-de-sistema-2","status":"publish","type":"product","link":"https:\/\/wizardly-davinci.82-223-8-23.plesk.page\/en\/producto\/espana-error-de-sistema-2\/","title":{"rendered":"Espa\u00f1a: error de sistema"},"content":{"rendered":"<p> Aeropuertos sin aviones, autopistas sin coches, hospitales sin camas, por no hablar de los millones de viviendas vac\u00edas a las que nadie se quer\u00eda mudar. En t\u00e9rminos absolutos, Espa\u00f1a tiene la segunda red de AVE y la tercera red de autopistas m\u00e1s extensas del mundo; pero por poblaci\u00f3n, Espa\u00f1a es l\u00edder mundial en ambas categor\u00edas. \u00bfEra realmente necesario construir todo esto? Espa\u00f1a: Error de sistema nace de la indignaci\u00f3n del fotoperiodista Marc Femenia al comprobar las consecuencias de la burbuja inmobiliaria, el despilfarro en infraestructuras y la corrupci\u00f3n pol\u00edtica. <\/p>\n","protected":false},"excerpt":{"rendered":"<p> Aeropuertos sin aviones, autopistas sin coches, hospitales sin camas, por no hablar de los millones de viviendas vac\u00edas a las que nadie se quer\u00eda mudar. En t\u00e9rminos absolutos, Espa\u00f1a tiene la segunda red de AVE y la tercera red de autopistas m\u00e1s extensas del mundo; pero por poblaci\u00f3n, Espa\u00f1a es l\u00edder mundial en ambas categor\u00edas. \u00bfEra realmente necesario construir todo esto? Espa\u00f1a: Error de sistema nace de la indignaci\u00f3n del fotoperiodista Marc Femenia al comprobar las consecuencias de la burbuja inmobiliaria, el despilfarro en infraestructuras y la corrupci\u00f3n pol\u00edtica. <\/p>\n","protected":false},"featured_media":57090,"comment_status":"open","ping_status":"closed","template":"","meta":{"_et_pb_use_builder":"","_et_pb_old_content":"","_et_gb_content_width":""},"product_cat":[11882,11859],"product_tag":[11860],"edicion":[11865],"editoriales":[14865],"tienda":[],"autor_id":[],"universidades_coeditoras":[],"palabras_clave":[],"listado_alfabetico":[],"acf":[],"_links":{"self":[{"href":"https:\/\/wizardly-davinci.82-223-8-23.plesk.page\/en\/wp-json\/wp\/v2\/product\/57084"}],"collection":[{"href":"https:\/\/wizardly-davinci.82-223-8-23.plesk.page\/en\/wp-json\/wp\/v2\/product"}],"about":[{"href":"https:\/\/wizardly-davinci.82-223-8-23.plesk.page\/en\/wp-json\/wp\/v2\/types\/product"}],"replies":[{"embeddable":true,"href":"https:\/\/wizardly-davinci.82-223-8-23.plesk.page\/en\/wp-json\/wp\/v2\/comments?post=57084"}],"wp:featuredmedia":[{"embeddable":true,"href":"https:\/\/wizardly-davinci.82-223-8-23.plesk.page\/en\/wp-json\/wp\/v2\/media\/57090"}],"wp:attachment":[{"href":"https:\/\/wizardly-davinci.82-223-8-23.plesk.page\/en\/wp-json\/wp\/v2\/media?parent=57084"}],"wp:term":[{"taxonomy":"product_cat","embeddable":true,"href":"https:\/\/wizardly-davinci.82-223-8-23.plesk.page\/en\/wp-json\/wp\/v2\/product_cat?post=57084"},{"taxonomy":"product_tag","embeddable":true,"href":"https:\/\/wizardly-davinci.82-223-8-23.plesk.page\/en\/wp-json\/wp\/v2\/product_tag?post=57084"},{"taxonomy":"edicion","embeddable":true,"href":"https:\/\/wizardly-davinci.82-223-8-23.plesk.page\/en\/wp-json\/wp\/v2\/edicion?post=57084"},{"taxonomy":"editoriales","embeddable":true,"href":"https:\/\/wizardly-davinci.82-223-8-23.plesk.page\/en\/wp-json\/wp\/v2\/editoriales?post=57084"},{"taxonomy":"tienda","embeddable":true,"href":"https:\/\/wizardly-davinci.82-223-8-23.plesk.page\/en\/wp-json\/wp\/v2\/tienda?post=57084"},{"taxonomy":"autor_id","embeddable":true,"href":"https:\/\/wizardly-davinci.82-223-8-23.plesk.page\/en\/wp-json\/wp\/v2\/autor_id?post=57084"},{"taxonomy":"universidades_coeditoras","embeddable":true,"href":"https:\/\/wizardly-davinci.82-223-8-23.plesk.page\/en\/wp-json\/wp\/v2\/universidades_coeditoras?post=57084"},{"taxonomy":"palabras_clave","embeddable":true,"href":"https:\/\/wizardly-davinci.82-223-8-23.plesk.page\/en\/wp-json\/wp\/v2\/palabras_clave?post=57084"},{"taxonomy":"listado_alfabetico","embeddable":true,"href":"https:\/\/wizardly-davinci.82-223-8-23.plesk.page\/en\/wp-json\/wp\/v2\/listado_alfabetico?post=57084"}],"curies":[{"name":"wp","href":"https:\/\/api.w.org\/{rel}","templated":true}]}}