{"id":57089,"date":"2019-04-09T23:41:18","date_gmt":"2019-04-09T21:41:18","guid":{"rendered":"https:\/\/octaedro.com\/libro\/la-intertextualidad-literario-musical\/"},"modified":"2023-02-22T13:42:29","modified_gmt":"2023-02-22T12:42:29","slug":"la-intertextualidad-literario-musical-2","status":"publish","type":"product","link":"https:\/\/wizardly-davinci.82-223-8-23.plesk.page\/en\/producto\/la-intertextualidad-literario-musical-2\/","title":{"rendered":"La intertextualidad literario-musical"},"content":{"rendered":"<p>Los lenguajes verbal y musical han mantenido una estrecha vinculaci\u00f3n a lo largo de la historia, que se ha manifestado en innumerables creaciones art\u00edsticas de inspiraci\u00f3n mixta, activando procesos intertextuales literario-musicales: \u00f3peras, lieder, poemas sinf\u00f3nicos, musicalizaciones po\u00e9ticas, novelas con procedimientos estructurales musicales\u2026 Por tanto, \u00bfpor qu\u00e9 no enlazar estos dos \u00e1mbitos creativos en la educaci\u00f3n literaria y musical no solo como fruto de la tradici\u00f3n art\u00edstica existente, sino como posible v\u00eda motivadora y significativa en el proceso de ense\u00f1anza-aprendizaje?<br \/>\nAs\u00ed pues, la autora de este libro lleva a cabo una investigaci\u00f3n basada en la aplicaci\u00f3n de un modelo did\u00e1ctico intertextual en las aulas de las materias de Lengua castellana y literatura y de M\u00fasica, en consonancia con las demandas curriculares vigentes de una educaci\u00f3n interdisciplinar competencial, con el fin de analizar y evaluar sus implicaciones y consecuencias pedag\u00f3gicas en el contexto educativo actual.<br \/>\nA trav\u00e9s de la lectura de estas p\u00e1ginas, se anima al profesorado a incorporar a su pr\u00e1ctica diaria los recursos mostrados en las experiencias con el alumnado, pues se comprueba la eficacia de las \u00ablecturas musicales\u00bb y las \u00abaudiciones literarias\u00bb para el fomento del h\u00e1bito lector y auditivo a trav\u00e9s de un aprendizaje significativo, contextualizado, hol\u00edstico y motivador.<\/p>\n","protected":false},"excerpt":{"rendered":"<p>Los lenguajes verbal y musical han mantenido una estrecha vinculaci\u00f3n a lo largo de la historia, que se ha manifestado en innumerables creaciones art\u00edsticas de inspiraci\u00f3n mixta, activando procesos intertextuales literario-musicales: \u00f3peras, lieder, poemas sinf\u00f3nicos, musicalizaciones po\u00e9ticas, novelas con procedimientos estructurales musicales\u2026 Por tanto, \u00bfpor qu\u00e9 no enlazar estos dos \u00e1mbitos creativos en la educaci\u00f3n literaria y musical no solo como fruto de la tradici\u00f3n art\u00edstica existente, sino como posible v\u00eda motivadora y significativa en el proceso de ense\u00f1anza-aprendizaje?<br \/>\nAs\u00ed pues, la autora de este libro lleva a cabo una investigaci\u00f3n basada en la aplicaci\u00f3n de un modelo did\u00e1ctico intertextual en las aulas de las materias de Lengua castellana y literatura y de M\u00fasica, en consonancia con las demandas curriculares vigentes de una educaci\u00f3n interdisciplinar competencial, con el fin de analizar y evaluar sus implicaciones y consecuencias pedag\u00f3gicas en el contexto educativo actual.<br \/>\nA trav\u00e9s de la lectura de estas p\u00e1ginas, se anima al profesorado a incorporar a su pr\u00e1ctica diaria los recursos mostrados en las experiencias con el alumnado, pues se comprueba la eficacia de las \u00ablecturas musicales\u00bb y las \u00abaudiciones literarias\u00bb para el fomento del h\u00e1bito lector y auditivo a trav\u00e9s de un aprendizaje significativo, contextualizado, hol\u00edstico y motivador.<\/p>\n","protected":false},"featured_media":57091,"comment_status":"open","ping_status":"closed","template":"","meta":{"_et_pb_use_builder":"","_et_pb_old_content":"","_et_gb_content_width":""},"product_cat":[11858],"product_tag":[11860],"edicion":[11865],"editoriales":[11867],"tienda":[],"autor_id":[19202],"universidades_coeditoras":[],"palabras_clave":[],"listado_alfabetico":[],"acf":[],"_links":{"self":[{"href":"https:\/\/wizardly-davinci.82-223-8-23.plesk.page\/en\/wp-json\/wp\/v2\/product\/57089"}],"collection":[{"href":"https:\/\/wizardly-davinci.82-223-8-23.plesk.page\/en\/wp-json\/wp\/v2\/product"}],"about":[{"href":"https:\/\/wizardly-davinci.82-223-8-23.plesk.page\/en\/wp-json\/wp\/v2\/types\/product"}],"replies":[{"embeddable":true,"href":"https:\/\/wizardly-davinci.82-223-8-23.plesk.page\/en\/wp-json\/wp\/v2\/comments?post=57089"}],"wp:featuredmedia":[{"embeddable":true,"href":"https:\/\/wizardly-davinci.82-223-8-23.plesk.page\/en\/wp-json\/wp\/v2\/media\/57091"}],"wp:attachment":[{"href":"https:\/\/wizardly-davinci.82-223-8-23.plesk.page\/en\/wp-json\/wp\/v2\/media?parent=57089"}],"wp:term":[{"taxonomy":"product_cat","embeddable":true,"href":"https:\/\/wizardly-davinci.82-223-8-23.plesk.page\/en\/wp-json\/wp\/v2\/product_cat?post=57089"},{"taxonomy":"product_tag","embeddable":true,"href":"https:\/\/wizardly-davinci.82-223-8-23.plesk.page\/en\/wp-json\/wp\/v2\/product_tag?post=57089"},{"taxonomy":"edicion","embeddable":true,"href":"https:\/\/wizardly-davinci.82-223-8-23.plesk.page\/en\/wp-json\/wp\/v2\/edicion?post=57089"},{"taxonomy":"editoriales","embeddable":true,"href":"https:\/\/wizardly-davinci.82-223-8-23.plesk.page\/en\/wp-json\/wp\/v2\/editoriales?post=57089"},{"taxonomy":"tienda","embeddable":true,"href":"https:\/\/wizardly-davinci.82-223-8-23.plesk.page\/en\/wp-json\/wp\/v2\/tienda?post=57089"},{"taxonomy":"autor_id","embeddable":true,"href":"https:\/\/wizardly-davinci.82-223-8-23.plesk.page\/en\/wp-json\/wp\/v2\/autor_id?post=57089"},{"taxonomy":"universidades_coeditoras","embeddable":true,"href":"https:\/\/wizardly-davinci.82-223-8-23.plesk.page\/en\/wp-json\/wp\/v2\/universidades_coeditoras?post=57089"},{"taxonomy":"palabras_clave","embeddable":true,"href":"https:\/\/wizardly-davinci.82-223-8-23.plesk.page\/en\/wp-json\/wp\/v2\/palabras_clave?post=57089"},{"taxonomy":"listado_alfabetico","embeddable":true,"href":"https:\/\/wizardly-davinci.82-223-8-23.plesk.page\/en\/wp-json\/wp\/v2\/listado_alfabetico?post=57089"}],"curies":[{"name":"wp","href":"https:\/\/api.w.org\/{rel}","templated":true}]}}