{"id":57394,"date":"2017-02-01T23:02:13","date_gmt":"2017-02-01T22:02:13","guid":{"rendered":"https:\/\/octaedro.com\/libro\/cuba-en-vallas\/"},"modified":"2023-03-08T12:25:04","modified_gmt":"2023-03-08T11:25:04","slug":"cuba-en-vallas-2","status":"publish","type":"product","link":"https:\/\/wizardly-davinci.82-223-8-23.plesk.page\/en\/producto\/cuba-en-vallas-2\/","title":{"rendered":"Cuba en vallas"},"content":{"rendered":"<p>Todas las grandes revoluciones han buscado legitimar su poder mediante la creaci\u00f3n de nuevos s\u00edmbolos. Banderas, himnos, liturgias y celebraciones han servido para negar y superar el viejo orden y anunciar un tiempo inaugural. La Revoluci\u00f3n cubana no ha sido una excepci\u00f3n. Vallas y murales repartidos a lo largo de m\u00e1s de medio siglo por la geograf\u00eda de la Isla han contribuido a forjar su imaginario. Esas piezas del engranaje propagand\u00edstico de la Revoluci\u00f3n son la materia prima de este libro. <br \/> Como si de un mosaico se tratara, Cuba en vallas ha reunido esas piezas. El resultado es un relato de la historia reciente de la Isla contada desde su gr\u00e1fica mural, dando cabida a los personajes, temas y episodios m\u00e1s significativos del proceso revolucionario. Su lectura no puede pasar por alto que vallas y murales son reflejo del monopolio que sobre el discurso pol\u00edtico y el espacio p\u00fablico ejerce el poder. <br \/> Cuba en vallas es el fruto de muchos a\u00f1os de trabajo. Su autor, Alfons Gonz\u00e1lez Quesada, adem\u00e1s de viajar repetidamente a Cuba para fotografiar vallas y murales, ha podido consultar y digitalizar el fondo documental de la Editora Pol\u00edtica del Partido Comunista de Cuba, la instituci\u00f3n encargada del dise\u00f1o, edici\u00f3n e instalaci\u00f3n de la gr\u00e1fica mural. Las m\u00e1s de 500 im\u00e1genes recogidas en el libro, en su mayor\u00eda in\u00e9ditas, muestran la dimensi\u00f3n art\u00edstica y comunicativa de un patrimonio gr\u00e1fico singular. <br \/> El libro ha estado dise\u00f1ado y maquetado por Georgina Rosquelles. <\/p>\n","protected":false},"excerpt":{"rendered":"<p>Todas las grandes revoluciones han buscado legitimar su poder mediante la creaci\u00f3n de nuevos s\u00edmbolos. Banderas, himnos, liturgias y celebraciones han servido para negar y superar el viejo orden y anunciar un tiempo inaugural. La Revoluci\u00f3n cubana no ha sido una excepci\u00f3n. Vallas y murales repartidos a lo largo de m\u00e1s de medio siglo por la geograf\u00eda de la Isla han contribuido a forjar su imaginario. Esas piezas del engranaje propagand\u00edstico de la Revoluci\u00f3n son la materia prima de este libro. <br \/> Como si de un mosaico se tratara, Cuba en vallas ha reunido esas piezas. El resultado es un relato de la historia reciente de la Isla contada desde su gr\u00e1fica mural, dando cabida a los personajes, temas y episodios m\u00e1s significativos del proceso revolucionario. Su lectura no puede pasar por alto que vallas y murales son reflejo del monopolio que sobre el discurso pol\u00edtico y el espacio p\u00fablico ejerce el poder. <br \/> Cuba en vallas es el fruto de muchos a\u00f1os de trabajo. Su autor, Alfons Gonz\u00e1lez Quesada, adem\u00e1s de viajar repetidamente a Cuba para fotografiar vallas y murales, ha podido consultar y digitalizar el fondo documental de la Editora Pol\u00edtica del Partido Comunista de Cuba, la instituci\u00f3n encargada del dise\u00f1o, edici\u00f3n e instalaci\u00f3n de la gr\u00e1fica mural. Las m\u00e1s de 500 im\u00e1genes recogidas en el libro, en su mayor\u00eda in\u00e9ditas, muestran la dimensi\u00f3n art\u00edstica y comunicativa de un patrimonio gr\u00e1fico singular. <br \/> El libro ha estado dise\u00f1ado y maquetado por Georgina Rosquelles. <\/p>\n","protected":false},"featured_media":57395,"comment_status":"open","ping_status":"closed","template":"","meta":{"_et_pb_use_builder":"","_et_pb_old_content":"","_et_gb_content_width":""},"product_cat":[11882,11859],"product_tag":[11860],"edicion":[11865],"editoriales":[14865],"tienda":[],"autor_id":[],"universidades_coeditoras":[],"palabras_clave":[],"listado_alfabetico":[],"acf":[],"_links":{"self":[{"href":"https:\/\/wizardly-davinci.82-223-8-23.plesk.page\/en\/wp-json\/wp\/v2\/product\/57394"}],"collection":[{"href":"https:\/\/wizardly-davinci.82-223-8-23.plesk.page\/en\/wp-json\/wp\/v2\/product"}],"about":[{"href":"https:\/\/wizardly-davinci.82-223-8-23.plesk.page\/en\/wp-json\/wp\/v2\/types\/product"}],"replies":[{"embeddable":true,"href":"https:\/\/wizardly-davinci.82-223-8-23.plesk.page\/en\/wp-json\/wp\/v2\/comments?post=57394"}],"wp:featuredmedia":[{"embeddable":true,"href":"https:\/\/wizardly-davinci.82-223-8-23.plesk.page\/en\/wp-json\/wp\/v2\/media\/57395"}],"wp:attachment":[{"href":"https:\/\/wizardly-davinci.82-223-8-23.plesk.page\/en\/wp-json\/wp\/v2\/media?parent=57394"}],"wp:term":[{"taxonomy":"product_cat","embeddable":true,"href":"https:\/\/wizardly-davinci.82-223-8-23.plesk.page\/en\/wp-json\/wp\/v2\/product_cat?post=57394"},{"taxonomy":"product_tag","embeddable":true,"href":"https:\/\/wizardly-davinci.82-223-8-23.plesk.page\/en\/wp-json\/wp\/v2\/product_tag?post=57394"},{"taxonomy":"edicion","embeddable":true,"href":"https:\/\/wizardly-davinci.82-223-8-23.plesk.page\/en\/wp-json\/wp\/v2\/edicion?post=57394"},{"taxonomy":"editoriales","embeddable":true,"href":"https:\/\/wizardly-davinci.82-223-8-23.plesk.page\/en\/wp-json\/wp\/v2\/editoriales?post=57394"},{"taxonomy":"tienda","embeddable":true,"href":"https:\/\/wizardly-davinci.82-223-8-23.plesk.page\/en\/wp-json\/wp\/v2\/tienda?post=57394"},{"taxonomy":"autor_id","embeddable":true,"href":"https:\/\/wizardly-davinci.82-223-8-23.plesk.page\/en\/wp-json\/wp\/v2\/autor_id?post=57394"},{"taxonomy":"universidades_coeditoras","embeddable":true,"href":"https:\/\/wizardly-davinci.82-223-8-23.plesk.page\/en\/wp-json\/wp\/v2\/universidades_coeditoras?post=57394"},{"taxonomy":"palabras_clave","embeddable":true,"href":"https:\/\/wizardly-davinci.82-223-8-23.plesk.page\/en\/wp-json\/wp\/v2\/palabras_clave?post=57394"},{"taxonomy":"listado_alfabetico","embeddable":true,"href":"https:\/\/wizardly-davinci.82-223-8-23.plesk.page\/en\/wp-json\/wp\/v2\/listado_alfabetico?post=57394"}],"curies":[{"name":"wp","href":"https:\/\/api.w.org\/{rel}","templated":true}]}}