{"id":57404,"date":"2015-05-01T23:02:11","date_gmt":"2015-05-01T21:02:11","guid":{"rendered":"https:\/\/octaedro.com\/libro\/podemos-seguir-siendo-de-izquierdas-2a-edicion\/"},"modified":"2023-02-22T13:42:34","modified_gmt":"2023-02-22T12:42:34","slug":"podemos-seguir-siendo-de-izquierdas-2a-edicion-2","status":"publish","type":"product","link":"https:\/\/wizardly-davinci.82-223-8-23.plesk.page\/en\/producto\/podemos-seguir-siendo-de-izquierdas-2a-edicion-2\/","title":{"rendered":"\u00bfPodemos seguir siendo de izquierdas? (2\u00aa edici\u00f3n)"},"content":{"rendered":"<p>Para Inmanuel Kant la diferencia entre la mano izquierda y la mano derecha era la revelaci\u00f3n misma delespacio como un marco de oposiciones insuperables. Las dos manos pueden unirse \u2013para aplaudir o rezar\u2013 pero no sustituirse; est\u00e1n frente a frente, radicalmente re\u00f1idas, sin que ninguna operaci\u00f3n l\u00f3gica puede resolver esa contradicci\u00f3n espacial absoluta. No hay s\u00edntesis posible que pueda reconciliarlas; ninguna transformaci\u00f3n del esp\u00edritu puede poner una en el lugar de la otra. Por m\u00e1s que la giremos y la retorzamos, por m\u00e1s vueltas que le demos sobre s\u00ed misma, la mano izquierda nunca podr\u00e1 llegar a ser la mano derecha ni -al rev\u00e9s- la mano derecha convertirse, a fuerza de moverse, en la mano izquierda. Y es por ello por lo que esa diferencia constituye, todav\u00eda hoy, la regla primera de toda orientaci\u00f3n en el espacio.<br \/>En el terreno de la pol\u00edtica \u00bfPodemos seguir siendo de izquierdas? responde en s\u00ed menor a la pregunta que titula el libro, y lo hace con la brillantez habitual del autor, y con una sugerente y a la vez provocadora propuesta: revolucionarios y revolucionarias a nivel econ\u00f3mico; reformistas a nivel institucional; y conservadoras y conservadores a nivel antropol\u00f3gico.<br \/>La colecci\u00f3n Tinta de Primavera de Pol\u00b7len edicions presenta esta segunda edici\u00f3n con un pr\u00f3logo de David Fern\u00e0ndez.<\/p>\n","protected":false},"excerpt":{"rendered":"<p>Para Inmanuel Kant la diferencia entre la mano izquierda y la mano derecha era la revelaci\u00f3n misma delespacio como un marco de oposiciones insuperables. Las dos manos pueden unirse \u2013para aplaudir o rezar\u2013 pero no sustituirse; est\u00e1n frente a frente, radicalmente re\u00f1idas, sin que ninguna operaci\u00f3n l\u00f3gica puede resolver esa contradicci\u00f3n espacial absoluta. No hay s\u00edntesis posible que pueda reconciliarlas; ninguna transformaci\u00f3n del esp\u00edritu puede poner una en el lugar de la otra. Por m\u00e1s que la giremos y la retorzamos, por m\u00e1s vueltas que le demos sobre s\u00ed misma, la mano izquierda nunca podr\u00e1 llegar a ser la mano derecha ni -al rev\u00e9s- la mano derecha convertirse, a fuerza de moverse, en la mano izquierda. Y es por ello por lo que esa diferencia constituye, todav\u00eda hoy, la regla primera de toda orientaci\u00f3n en el espacio.<br \/>En el terreno de la pol\u00edtica \u00bfPodemos seguir siendo de izquierdas? responde en s\u00ed menor a la pregunta que titula el libro, y lo hace con la brillantez habitual del autor, y con una sugerente y a la vez provocadora propuesta: revolucionarios y revolucionarias a nivel econ\u00f3mico; reformistas a nivel institucional; y conservadoras y conservadores a nivel antropol\u00f3gico.<br \/>La colecci\u00f3n Tinta de Primavera de Pol\u00b7len edicions presenta esta segunda edici\u00f3n con un pr\u00f3logo de David Fern\u00e0ndez.<\/p>\n","protected":false},"featured_media":57405,"comment_status":"open","ping_status":"closed","template":"","meta":{"_et_pb_use_builder":"","_et_pb_old_content":"","_et_gb_content_width":""},"product_cat":[11882,11859],"product_tag":[11860],"edicion":[11865],"editoriales":[14865],"tienda":[],"autor_id":[14010],"universidades_coeditoras":[],"palabras_clave":[],"listado_alfabetico":[],"acf":[],"_links":{"self":[{"href":"https:\/\/wizardly-davinci.82-223-8-23.plesk.page\/en\/wp-json\/wp\/v2\/product\/57404"}],"collection":[{"href":"https:\/\/wizardly-davinci.82-223-8-23.plesk.page\/en\/wp-json\/wp\/v2\/product"}],"about":[{"href":"https:\/\/wizardly-davinci.82-223-8-23.plesk.page\/en\/wp-json\/wp\/v2\/types\/product"}],"replies":[{"embeddable":true,"href":"https:\/\/wizardly-davinci.82-223-8-23.plesk.page\/en\/wp-json\/wp\/v2\/comments?post=57404"}],"wp:featuredmedia":[{"embeddable":true,"href":"https:\/\/wizardly-davinci.82-223-8-23.plesk.page\/en\/wp-json\/wp\/v2\/media\/57405"}],"wp:attachment":[{"href":"https:\/\/wizardly-davinci.82-223-8-23.plesk.page\/en\/wp-json\/wp\/v2\/media?parent=57404"}],"wp:term":[{"taxonomy":"product_cat","embeddable":true,"href":"https:\/\/wizardly-davinci.82-223-8-23.plesk.page\/en\/wp-json\/wp\/v2\/product_cat?post=57404"},{"taxonomy":"product_tag","embeddable":true,"href":"https:\/\/wizardly-davinci.82-223-8-23.plesk.page\/en\/wp-json\/wp\/v2\/product_tag?post=57404"},{"taxonomy":"edicion","embeddable":true,"href":"https:\/\/wizardly-davinci.82-223-8-23.plesk.page\/en\/wp-json\/wp\/v2\/edicion?post=57404"},{"taxonomy":"editoriales","embeddable":true,"href":"https:\/\/wizardly-davinci.82-223-8-23.plesk.page\/en\/wp-json\/wp\/v2\/editoriales?post=57404"},{"taxonomy":"tienda","embeddable":true,"href":"https:\/\/wizardly-davinci.82-223-8-23.plesk.page\/en\/wp-json\/wp\/v2\/tienda?post=57404"},{"taxonomy":"autor_id","embeddable":true,"href":"https:\/\/wizardly-davinci.82-223-8-23.plesk.page\/en\/wp-json\/wp\/v2\/autor_id?post=57404"},{"taxonomy":"universidades_coeditoras","embeddable":true,"href":"https:\/\/wizardly-davinci.82-223-8-23.plesk.page\/en\/wp-json\/wp\/v2\/universidades_coeditoras?post=57404"},{"taxonomy":"palabras_clave","embeddable":true,"href":"https:\/\/wizardly-davinci.82-223-8-23.plesk.page\/en\/wp-json\/wp\/v2\/palabras_clave?post=57404"},{"taxonomy":"listado_alfabetico","embeddable":true,"href":"https:\/\/wizardly-davinci.82-223-8-23.plesk.page\/en\/wp-json\/wp\/v2\/listado_alfabetico?post=57404"}],"curies":[{"name":"wp","href":"https:\/\/api.w.org\/{rel}","templated":true}]}}