{"id":57408,"date":"2015-03-01T23:02:11","date_gmt":"2015-03-01T22:02:11","guid":{"rendered":"https:\/\/octaedro.com\/libro\/mierda-de-ciudad\/"},"modified":"2023-03-08T12:25:09","modified_gmt":"2023-03-08T11:25:09","slug":"mierda-de-ciudad-2","status":"publish","type":"product","link":"https:\/\/wizardly-davinci.82-223-8-23.plesk.page\/en\/producto\/mierda-de-ciudad-2\/","title":{"rendered":"Mierda de ciudad"},"content":{"rendered":"<p>Durante las \u00faltimas d\u00e9cadas, la l\u00f3gica de mercado ha ido penetrando cada vez m\u00e1s en el campo de la planificaci\u00f3n urban\u00edstica y los discursos pol\u00edtico-econ\u00f3micos que regulan los procesos de gobernanza urbana de nuestras ciudades. El prop\u00f3sito \u00faltimo de dichos procesos es tan claro como alarmante: revelar los supuestos beneficios de una ciudad ideal e idealizada, donde s\u00f3lo tiene cabida la paz y la tranquilidad de unas relaciones socialmente est\u00e9riles; una ciudad abstra\u00edda de cualquier tipo de control institucional, detr\u00e1s de la cual no se esconde m\u00e1s que una mayor capacidad de compra y donde todo el mundo lograr\u00eda una mejor calidad de vida. A partir de estas inquietudes, los textos recogidos en la presente publicaci\u00f3n proponen una rearticulaci\u00f3n critica de un determinado tipo de urbanismo de corte neoliberal y del marco conceptual que lo apoya.<\/p>\n","protected":false},"excerpt":{"rendered":"<p>Durante las \u00faltimas d\u00e9cadas, la l\u00f3gica de mercado ha ido penetrando cada vez m\u00e1s en el campo de la planificaci\u00f3n urban\u00edstica y los discursos pol\u00edtico-econ\u00f3micos que regulan los procesos de gobernanza urbana de nuestras ciudades. El prop\u00f3sito \u00faltimo de dichos procesos es tan claro como alarmante: revelar los supuestos beneficios de una ciudad ideal e idealizada, donde s\u00f3lo tiene cabida la paz y la tranquilidad de unas relaciones socialmente est\u00e9riles; una ciudad abstra\u00edda de cualquier tipo de control institucional, detr\u00e1s de la cual no se esconde m\u00e1s que una mayor capacidad de compra y donde todo el mundo lograr\u00eda una mejor calidad de vida. A partir de estas inquietudes, los textos recogidos en la presente publicaci\u00f3n proponen una rearticulaci\u00f3n critica de un determinado tipo de urbanismo de corte neoliberal y del marco conceptual que lo apoya.<\/p>\n","protected":false},"featured_media":57409,"comment_status":"open","ping_status":"closed","template":"","meta":{"_et_pb_use_builder":"","_et_pb_old_content":"","_et_gb_content_width":""},"product_cat":[11882,11859],"product_tag":[11860],"edicion":[11865],"editoriales":[14865],"tienda":[],"autor_id":[],"universidades_coeditoras":[],"palabras_clave":[],"listado_alfabetico":[],"acf":[],"_links":{"self":[{"href":"https:\/\/wizardly-davinci.82-223-8-23.plesk.page\/en\/wp-json\/wp\/v2\/product\/57408"}],"collection":[{"href":"https:\/\/wizardly-davinci.82-223-8-23.plesk.page\/en\/wp-json\/wp\/v2\/product"}],"about":[{"href":"https:\/\/wizardly-davinci.82-223-8-23.plesk.page\/en\/wp-json\/wp\/v2\/types\/product"}],"replies":[{"embeddable":true,"href":"https:\/\/wizardly-davinci.82-223-8-23.plesk.page\/en\/wp-json\/wp\/v2\/comments?post=57408"}],"wp:featuredmedia":[{"embeddable":true,"href":"https:\/\/wizardly-davinci.82-223-8-23.plesk.page\/en\/wp-json\/wp\/v2\/media\/57409"}],"wp:attachment":[{"href":"https:\/\/wizardly-davinci.82-223-8-23.plesk.page\/en\/wp-json\/wp\/v2\/media?parent=57408"}],"wp:term":[{"taxonomy":"product_cat","embeddable":true,"href":"https:\/\/wizardly-davinci.82-223-8-23.plesk.page\/en\/wp-json\/wp\/v2\/product_cat?post=57408"},{"taxonomy":"product_tag","embeddable":true,"href":"https:\/\/wizardly-davinci.82-223-8-23.plesk.page\/en\/wp-json\/wp\/v2\/product_tag?post=57408"},{"taxonomy":"edicion","embeddable":true,"href":"https:\/\/wizardly-davinci.82-223-8-23.plesk.page\/en\/wp-json\/wp\/v2\/edicion?post=57408"},{"taxonomy":"editoriales","embeddable":true,"href":"https:\/\/wizardly-davinci.82-223-8-23.plesk.page\/en\/wp-json\/wp\/v2\/editoriales?post=57408"},{"taxonomy":"tienda","embeddable":true,"href":"https:\/\/wizardly-davinci.82-223-8-23.plesk.page\/en\/wp-json\/wp\/v2\/tienda?post=57408"},{"taxonomy":"autor_id","embeddable":true,"href":"https:\/\/wizardly-davinci.82-223-8-23.plesk.page\/en\/wp-json\/wp\/v2\/autor_id?post=57408"},{"taxonomy":"universidades_coeditoras","embeddable":true,"href":"https:\/\/wizardly-davinci.82-223-8-23.plesk.page\/en\/wp-json\/wp\/v2\/universidades_coeditoras?post=57408"},{"taxonomy":"palabras_clave","embeddable":true,"href":"https:\/\/wizardly-davinci.82-223-8-23.plesk.page\/en\/wp-json\/wp\/v2\/palabras_clave?post=57408"},{"taxonomy":"listado_alfabetico","embeddable":true,"href":"https:\/\/wizardly-davinci.82-223-8-23.plesk.page\/en\/wp-json\/wp\/v2\/listado_alfabetico?post=57408"}],"curies":[{"name":"wp","href":"https:\/\/api.w.org\/{rel}","templated":true}]}}