{"id":57420,"date":"2019-04-09T23:02:35","date_gmt":"2019-04-09T21:02:35","guid":{"rendered":"https:\/\/octaedro.com\/libro\/ed-la-revista-del-diari-de-leducacio-num-3\/"},"modified":"2023-02-22T13:42:39","modified_gmt":"2023-02-22T12:42:39","slug":"ed-la-revista-del-diari-de-leducacio-num-3-2","status":"publish","type":"product","link":"https:\/\/wizardly-davinci.82-223-8-23.plesk.page\/en\/producto\/ed-la-revista-del-diari-de-leducacio-num-3-2\/","title":{"rendered":"ED &#8211; La Revista d\u2019El Diari de l\u2019Educaci\u00f3. N\u00daM. 3"},"content":{"rendered":"<p>Ed \u2013 La revista d\u2019El Diari de l\u2019Educaci\u00f3 d\u2019aquest 2017, amb un recull de 20 entrevistes de les m\u00e9s destacades que hem publicat al llarg d\u2019aquests anys al diari. Aquestes veus representen una visi\u00f3 panor\u00e0mica del que est\u00e0 en joc a les aules i, juntes, configuren una lli\u00e7\u00f3 magistral. Esperem que et siguin \u00fatils. La revista inclou entrevistes a Maria Teresa Codina, Jordi Collet, Marina Garc\u00e9s, Jordi Jubany, Jaume Cela, S\u00edlvia Blanch, David Bueno, Coral Reg\u00ed, Boris Mir, Lolita Bosch, Joan Badia, Maria Jos\u00e9 Codina, Joan Dom\u00e8nech, Begonya Gasch, Ramon Barlam, Montserrat Planella, Jordi Dom\u00e8nech, Eva Millet, Miquel \u00c0ngel Alegre i Neus Sanmart\u00ed.<\/p>\n","protected":false},"excerpt":{"rendered":"<p>Ed \u2013 La revista d\u2019El Diari de l\u2019Educaci\u00f3 d\u2019aquest 2017, amb un recull de 20 entrevistes de les m\u00e9s destacades que hem publicat al llarg d\u2019aquests anys al diari. Aquestes veus representen una visi\u00f3 panor\u00e0mica del que est\u00e0 en joc a les aules i, juntes, configuren una lli\u00e7\u00f3 magistral. Esperem que et siguin \u00fatils. La revista inclou entrevistes a Maria Teresa Codina, Jordi Collet, Marina Garc\u00e9s, Jordi Jubany, Jaume Cela, S\u00edlvia Blanch, David Bueno, Coral Reg\u00ed, Boris Mir, Lolita Bosch, Joan Badia, Maria Jos\u00e9 Codina, Joan Dom\u00e8nech, Begonya Gasch, Ramon Barlam, Montserrat Planella, Jordi Dom\u00e8nech, Eva Millet, Miquel \u00c0ngel Alegre i Neus Sanmart\u00ed.<\/p>\n","protected":false},"featured_media":57421,"comment_status":"open","ping_status":"closed","template":"","meta":{"_et_pb_use_builder":"","_et_pb_old_content":"","_et_gb_content_width":""},"product_cat":[11859],"product_tag":[11860],"edicion":[11865],"editoriales":[11931],"tienda":[],"autor_id":[],"universidades_coeditoras":[],"palabras_clave":[],"listado_alfabetico":[],"acf":[],"_links":{"self":[{"href":"https:\/\/wizardly-davinci.82-223-8-23.plesk.page\/en\/wp-json\/wp\/v2\/product\/57420"}],"collection":[{"href":"https:\/\/wizardly-davinci.82-223-8-23.plesk.page\/en\/wp-json\/wp\/v2\/product"}],"about":[{"href":"https:\/\/wizardly-davinci.82-223-8-23.plesk.page\/en\/wp-json\/wp\/v2\/types\/product"}],"replies":[{"embeddable":true,"href":"https:\/\/wizardly-davinci.82-223-8-23.plesk.page\/en\/wp-json\/wp\/v2\/comments?post=57420"}],"wp:featuredmedia":[{"embeddable":true,"href":"https:\/\/wizardly-davinci.82-223-8-23.plesk.page\/en\/wp-json\/wp\/v2\/media\/57421"}],"wp:attachment":[{"href":"https:\/\/wizardly-davinci.82-223-8-23.plesk.page\/en\/wp-json\/wp\/v2\/media?parent=57420"}],"wp:term":[{"taxonomy":"product_cat","embeddable":true,"href":"https:\/\/wizardly-davinci.82-223-8-23.plesk.page\/en\/wp-json\/wp\/v2\/product_cat?post=57420"},{"taxonomy":"product_tag","embeddable":true,"href":"https:\/\/wizardly-davinci.82-223-8-23.plesk.page\/en\/wp-json\/wp\/v2\/product_tag?post=57420"},{"taxonomy":"edicion","embeddable":true,"href":"https:\/\/wizardly-davinci.82-223-8-23.plesk.page\/en\/wp-json\/wp\/v2\/edicion?post=57420"},{"taxonomy":"editoriales","embeddable":true,"href":"https:\/\/wizardly-davinci.82-223-8-23.plesk.page\/en\/wp-json\/wp\/v2\/editoriales?post=57420"},{"taxonomy":"tienda","embeddable":true,"href":"https:\/\/wizardly-davinci.82-223-8-23.plesk.page\/en\/wp-json\/wp\/v2\/tienda?post=57420"},{"taxonomy":"autor_id","embeddable":true,"href":"https:\/\/wizardly-davinci.82-223-8-23.plesk.page\/en\/wp-json\/wp\/v2\/autor_id?post=57420"},{"taxonomy":"universidades_coeditoras","embeddable":true,"href":"https:\/\/wizardly-davinci.82-223-8-23.plesk.page\/en\/wp-json\/wp\/v2\/universidades_coeditoras?post=57420"},{"taxonomy":"palabras_clave","embeddable":true,"href":"https:\/\/wizardly-davinci.82-223-8-23.plesk.page\/en\/wp-json\/wp\/v2\/palabras_clave?post=57420"},{"taxonomy":"listado_alfabetico","embeddable":true,"href":"https:\/\/wizardly-davinci.82-223-8-23.plesk.page\/en\/wp-json\/wp\/v2\/listado_alfabetico?post=57420"}],"curies":[{"name":"wp","href":"https:\/\/api.w.org\/{rel}","templated":true}]}}